{"id":12825,"date":"2026-04-03T20:00:35","date_gmt":"2026-04-03T18:00:35","guid":{"rendered":"https:\/\/ladieslinz.at\/?page_id=12825"},"modified":"2026-04-07T12:15:21","modified_gmt":"2026-04-07T10:15:21","slug":"1993-judith-wiesner","status":"publish","type":"page","link":"https:\/\/ladieslinz.at\/en\/historie\/1993-judith-wiesner\/","title":{"rendered":"1993: Judith Wiesner"},"content":{"rendered":"<div data-elementor-type=\"wp-page\" data-elementor-id=\"12825\" class=\"elementor elementor-12825\" data-elementor-post-type=\"page\">\n\t\t\t\t<div class=\"elementor-element elementor-element-cfee79a e-flex e-con-boxed e-con e-parent\" data-id=\"cfee79a\" data-element_type=\"container\" data-e-type=\"container\">\n\t\t\t\t\t<div class=\"e-con-inner\">\n\t\t\t\t<div class=\"elementor-element elementor-element-c854774 elementor-widget elementor-widget-spacer\" data-id=\"c854774\" data-element_type=\"widget\" data-e-type=\"widget\" data-widget_type=\"spacer.default\">\n\t\t\t\t<div class=\"elementor-widget-container\">\n\t\t\t\t\t\t\t<div class=\"elementor-spacer\">\n\t\t\t<div class=\"elementor-spacer-inner\"><\/div>\n\t\t<\/div>\n\t\t\t\t\t\t<\/div>\n\t\t\t\t<\/div>\n\t\t\t\t<div class=\"elementor-element elementor-element-1db5edf elementor-hidden-mobile elementor-widget elementor-widget-heading\" data-id=\"1db5edf\" data-element_type=\"widget\" data-e-type=\"widget\" data-widget_type=\"heading.default\">\n\t\t\t\t<div class=\"elementor-widget-container\">\n\t\t\t\t\t<h2 class=\"elementor-heading-title elementor-size-default\">A woman from Salzburg sets standards<\/h2>\t\t\t\t<\/div>\n\t\t\t\t<\/div>\n\t\t\t\t<div class=\"elementor-element elementor-element-2648006 elementor-hidden-desktop elementor-hidden-tablet_extra elementor-hidden-tablet elementor-widget elementor-widget-heading\" data-id=\"2648006\" data-element_type=\"widget\" data-e-type=\"widget\" data-widget_type=\"heading.default\">\n\t\t\t\t<div class=\"elementor-widget-container\">\n\t\t\t\t\t<h2 class=\"elementor-heading-title elementor-size-default\">A woman from Salzburg sets standards<\/h2>\t\t\t\t<\/div>\n\t\t\t\t<\/div>\n\t\t\t\t<div class=\"elementor-element elementor-element-bd13fcc elementor-widget elementor-widget-text-editor\" data-id=\"bd13fcc\" data-element_type=\"widget\" data-e-type=\"widget\" data-widget_type=\"text-editor.default\">\n\t\t\t\t<div class=\"elementor-widget-container\">\n\t\t\t\t\t\t\t\t\t<p>When it comes to the greatest triumphs in Austrian women's tennis in recent decades, Judith Wiesner-Floimair's name usually comes up very quickly. The five-time WTA tournament winner is one of the most successful \u00d6TV players of all time.<\/p><p>She reached at least the last 16 at all four Grand Slam tournaments, and even reached the quarter-finals at Wimbledon and the US Open in 1996. In that year, she was also allowed to compete for the second time since 1990 in the Masters of the 16 best players of the season. Austria's record player in the Billie Jean King Cup was also an absolute figure of identification in the early years of the Upper Austria Ladies Linz and helped to establish the event in the Upper Austrian capital with her successes.<\/p><p>She reached the semi-finals on the Gugl three times (1993, 1996, 1997). She made it to the final in 1993 in the doubles alongside Conchita Martinez. She worked her way up to twelfth place in the world rankings, was in the top 20 for nine years and became a role model for many young Austrian hopefuls thanks to her reliability.<\/p>\t\t\t\t\t\t\t\t<\/div>\n\t\t\t\t<\/div>\n\t\t\t\t\t<\/div>\n\t\t\t\t<\/div>\n\t\t<div class=\"elementor-element elementor-element-ade2e92 e-flex e-con-boxed e-con e-parent\" data-id=\"ade2e92\" data-element_type=\"container\" data-e-type=\"container\">\n\t\t\t\t\t<div class=\"e-con-inner\">\n\t\t\t\t<div class=\"elementor-element elementor-element-b1f730e elementor-widget elementor-widget-image\" data-id=\"b1f730e\" data-element_type=\"widget\" data-e-type=\"widget\" data-widget_type=\"image.default\">\n\t\t\t\t<div class=\"elementor-widget-container\">\n\t\t\t\t\t\t\t\t\t\t\t\t\t\t\t<img fetchpriority=\"high\" decoding=\"async\" width=\"800\" height=\"538\" src=\"https:\/\/ladieslinz.at\/wp-content\/uploads\/2026\/03\/1993_Judith-Wiesner-1024x688.jpg\" class=\"attachment-large size-large wp-image-13535\" alt=\"\" srcset=\"https:\/\/ladieslinz.at\/wp-content\/uploads\/2026\/03\/1993_Judith-Wiesner-1024x688.jpg 1024w, https:\/\/ladieslinz.at\/wp-content\/uploads\/2026\/03\/1993_Judith-Wiesner-300x202.jpg 300w, https:\/\/ladieslinz.at\/wp-content\/uploads\/2026\/03\/1993_Judith-Wiesner-768x516.jpg 768w, https:\/\/ladieslinz.at\/wp-content\/uploads\/2026\/03\/1993_Judith-Wiesner-1536x1032.jpg 1536w, https:\/\/ladieslinz.at\/wp-content\/uploads\/2026\/03\/1993_Judith-Wiesner-18x12.jpg 18w, https:\/\/ladieslinz.at\/wp-content\/uploads\/2026\/03\/1993_Judith-Wiesner.jpg 1920w\" sizes=\"(max-width: 800px) 100vw, 800px\" \/>\t\t\t\t\t\t\t\t\t\t\t\t\t\t\t<\/div>\n\t\t\t\t<\/div>\n\t\t\t\t\t<\/div>\n\t\t\t\t<\/div>\n\t\t<div class=\"elementor-element elementor-element-1e9853e e-flex e-con-boxed e-con e-parent\" data-id=\"1e9853e\" data-element_type=\"container\" data-e-type=\"container\">\n\t\t\t\t\t<div class=\"e-con-inner\">\n\t\t<div class=\"elementor-element elementor-element-9da07a8 e-con-full e-flex e-con e-child\" data-id=\"9da07a8\" data-element_type=\"container\" data-e-type=\"container\">\n\t\t\t\t<div class=\"elementor-element elementor-element-048352f elementor-align-center elementor-tablet_extra-align-center elementor-widget elementor-widget-button\" data-id=\"048352f\" data-element_type=\"widget\" data-e-type=\"widget\" data-widget_type=\"button.default\">\n\t\t\t\t<div class=\"elementor-widget-container\">\n\t\t\t\t\t\t\t\t\t<div class=\"elementor-button-wrapper\">\n\t\t\t\t\t<a class=\"elementor-button elementor-button-link elementor-size-lg\" href=\"https:\/\/ladieslinz.at\/en\/historie\/\">\n\t\t\t\t\t\t<span class=\"elementor-button-content-wrapper\">\n\t\t\t\t\t\t\t\t\t<span class=\"elementor-button-text\">Back to the history<\/span>\n\t\t\t\t\t<\/span>\n\t\t\t\t\t<\/a>\n\t\t\t\t<\/div>\n\t\t\t\t\t\t\t\t<\/div>\n\t\t\t\t<\/div>\n\t\t\t\t<div class=\"elementor-element elementor-element-28a3be6 elementor-widget elementor-widget-spacer\" data-id=\"28a3be6\" data-element_type=\"widget\" data-e-type=\"widget\" data-widget_type=\"spacer.default\">\n\t\t\t\t<div class=\"elementor-widget-container\">\n\t\t\t\t\t\t\t<div class=\"elementor-spacer\">\n\t\t\t<div class=\"elementor-spacer-inner\"><\/div>\n\t\t<\/div>\n\t\t\t\t\t\t<\/div>\n\t\t\t\t<\/div>\n\t\t\t\t<\/div>\n\t\t\t\t\t<\/div>\n\t\t\t\t<\/div>\n\t\t\t\t<\/div>","protected":false},"excerpt":{"rendered":"<p>Eine Salzburgerin setzt Ma\u00dfst\u00e4be Ein Salzburgerin setzt Ma\u00dfst\u00e4be Wenn es in den letzten Jahrzehnten um die gr\u00f6\u00dften Triumphe im \u00f6sterreichischen Damentennis ging, dann fiel meist sehr schnell der Name von Judith Wiesner-Floimair. Die f\u00fcnffache Siegerin eines WTA-Turniers ist eine der erfolgreichste \u00d6TV-Akteurinnen aller Zeiten. Bei allen vier Grand-Slam-Turnieren erreichte sie mindestens das Achtelfinale, in Wimbledon [&hellip;]<\/p>\n","protected":false},"author":1,"featured_media":0,"parent":10730,"menu_order":0,"comment_status":"closed","ping_status":"closed","template":"","meta":{"footnotes":""},"class_list":["post-12825","page","type-page","status-publish","hentry"],"yoast_head":"<!-- This site is optimized with the Yoast SEO plugin v27.4 - https:\/\/yoast.com\/product\/yoast-seo-wordpress\/ -->\n<title>1993: Judith Wiesner - Upper Austria Ladies Linz<\/title>\n<meta name=\"robots\" content=\"index, follow, max-snippet:-1, max-image-preview:large, max-video-preview:-1\" \/>\n<link rel=\"canonical\" href=\"https:\/\/ladieslinz.at\/en\/historie\/1993-judith-wiesner\/\" \/>\n<meta property=\"og:locale\" content=\"en_GB\" \/>\n<meta property=\"og:type\" content=\"article\" \/>\n<meta property=\"og:title\" content=\"1993: Judith Wiesner - Upper Austria Ladies Linz\" \/>\n<meta property=\"og:description\" content=\"Eine Salzburgerin setzt Ma\u00dfst\u00e4be Ein Salzburgerin setzt Ma\u00dfst\u00e4be Wenn es in den letzten Jahrzehnten um die gr\u00f6\u00dften Triumphe im \u00f6sterreichischen Damentennis ging, dann fiel meist sehr schnell der Name von Judith Wiesner-Floimair. Die f\u00fcnffache Siegerin eines WTA-Turniers ist eine der erfolgreichste \u00d6TV-Akteurinnen aller Zeiten. Bei allen vier Grand-Slam-Turnieren erreichte sie mindestens das Achtelfinale, in Wimbledon [&hellip;]\" \/>\n<meta property=\"og:url\" content=\"https:\/\/ladieslinz.at\/en\/historie\/1993-judith-wiesner\/\" \/>\n<meta property=\"og:site_name\" content=\"Upper Austria Ladies Linz\" \/>\n<meta property=\"article:modified_time\" content=\"2026-04-07T10:15:21+00:00\" \/>\n<meta property=\"og:image\" content=\"https:\/\/ladieslinz.at\/wp-content\/uploads\/2026\/03\/1993_Judith-Wiesner.jpg\" \/>\n\t<meta property=\"og:image:width\" content=\"1920\" \/>\n\t<meta property=\"og:image:height\" content=\"1290\" \/>\n\t<meta property=\"og:image:type\" content=\"image\/jpeg\" \/>\n<meta name=\"twitter:card\" content=\"summary_large_image\" \/>\n<meta name=\"twitter:site\" content=\"@WTALinz\" \/>\n<meta name=\"twitter:label1\" content=\"Estimated reading time\" \/>\n\t<meta name=\"twitter:data1\" content=\"2 minutes\" \/>\n<script type=\"application\/ld+json\" class=\"yoast-schema-graph\">{\"@context\":\"https:\\\/\\\/schema.org\",\"@graph\":[{\"@type\":\"WebPage\",\"@id\":\"https:\\\/\\\/ladieslinz.at\\\/historie\\\/1993-judith-wiesner\\\/\",\"url\":\"https:\\\/\\\/ladieslinz.at\\\/historie\\\/1993-judith-wiesner\\\/\",\"name\":\"1993: Judith Wiesner - Upper Austria Ladies Linz\",\"isPartOf\":{\"@id\":\"https:\\\/\\\/ladieslinz.at\\\/#website\"},\"primaryImageOfPage\":{\"@id\":\"https:\\\/\\\/ladieslinz.at\\\/historie\\\/1993-judith-wiesner\\\/#primaryimage\"},\"image\":{\"@id\":\"https:\\\/\\\/ladieslinz.at\\\/historie\\\/1993-judith-wiesner\\\/#primaryimage\"},\"thumbnailUrl\":\"https:\\\/\\\/ladieslinz.at\\\/wp-content\\\/uploads\\\/2026\\\/03\\\/1993_Judith-Wiesner-1024x688.jpg\",\"datePublished\":\"2026-04-03T18:00:35+00:00\",\"dateModified\":\"2026-04-07T10:15:21+00:00\",\"breadcrumb\":{\"@id\":\"https:\\\/\\\/ladieslinz.at\\\/historie\\\/1993-judith-wiesner\\\/#breadcrumb\"},\"inLanguage\":\"en-GB\",\"potentialAction\":[{\"@type\":\"ReadAction\",\"target\":[\"https:\\\/\\\/ladieslinz.at\\\/historie\\\/1993-judith-wiesner\\\/\"]}]},{\"@type\":\"ImageObject\",\"inLanguage\":\"en-GB\",\"@id\":\"https:\\\/\\\/ladieslinz.at\\\/historie\\\/1993-judith-wiesner\\\/#primaryimage\",\"url\":\"https:\\\/\\\/ladieslinz.at\\\/wp-content\\\/uploads\\\/2026\\\/03\\\/1993_Judith-Wiesner-1024x688.jpg\",\"contentUrl\":\"https:\\\/\\\/ladieslinz.at\\\/wp-content\\\/uploads\\\/2026\\\/03\\\/1993_Judith-Wiesner-1024x688.jpg\"},{\"@type\":\"BreadcrumbList\",\"@id\":\"https:\\\/\\\/ladieslinz.at\\\/historie\\\/1993-judith-wiesner\\\/#breadcrumb\",\"itemListElement\":[{\"@type\":\"ListItem\",\"position\":1,\"name\":\"Startseite\",\"item\":\"https:\\\/\\\/ladieslinz.at\\\/\"},{\"@type\":\"ListItem\",\"position\":2,\"name\":\"Historie\",\"item\":\"https:\\\/\\\/ladieslinz.at\\\/historie\\\/\"},{\"@type\":\"ListItem\",\"position\":3,\"name\":\"1993: Judith Wiesner\"}]},{\"@type\":\"WebSite\",\"@id\":\"https:\\\/\\\/ladieslinz.at\\\/#website\",\"url\":\"https:\\\/\\\/ladieslinz.at\\\/\",\"name\":\"Upper Austria Ladies Linz\",\"description\":\"WTA500 Tennis\",\"publisher\":{\"@id\":\"https:\\\/\\\/ladieslinz.at\\\/#organization\"},\"potentialAction\":[{\"@type\":\"SearchAction\",\"target\":{\"@type\":\"EntryPoint\",\"urlTemplate\":\"https:\\\/\\\/ladieslinz.at\\\/?s={search_term_string}\"},\"query-input\":{\"@type\":\"PropertyValueSpecification\",\"valueRequired\":true,\"valueName\":\"search_term_string\"}}],\"inLanguage\":\"en-GB\"},{\"@type\":\"Organization\",\"@id\":\"https:\\\/\\\/ladieslinz.at\\\/#organization\",\"name\":\"Upper Austria Ladies Linz\",\"url\":\"https:\\\/\\\/ladieslinz.at\\\/\",\"logo\":{\"@type\":\"ImageObject\",\"inLanguage\":\"en-GB\",\"@id\":\"https:\\\/\\\/ladieslinz.at\\\/#\\\/schema\\\/logo\\\/image\\\/\",\"url\":\"https:\\\/\\\/ladieslinz.at\\\/wp-content\\\/uploads\\\/2022\\\/09\\\/LOGO-Neg.png\",\"contentUrl\":\"https:\\\/\\\/ladieslinz.at\\\/wp-content\\\/uploads\\\/2022\\\/09\\\/LOGO-Neg.png\",\"width\":586,\"height\":221,\"caption\":\"Upper Austria Ladies Linz\"},\"image\":{\"@id\":\"https:\\\/\\\/ladieslinz.at\\\/#\\\/schema\\\/logo\\\/image\\\/\"},\"sameAs\":[\"https:\\\/\\\/x.com\\\/WTALinz\",\"https:\\\/\\\/www.instagram.com\\\/wtalinz\\\/?hl=de\"]}]}<\/script>\n<!-- \/ Yoast SEO plugin. -->","yoast_head_json":{"title":"1993: Judith Wiesner - Upper Austria Ladies Linz","robots":{"index":"index","follow":"follow","max-snippet":"max-snippet:-1","max-image-preview":"max-image-preview:large","max-video-preview":"max-video-preview:-1"},"canonical":"https:\/\/ladieslinz.at\/en\/historie\/1993-judith-wiesner\/","og_locale":"en_GB","og_type":"article","og_title":"1993: Judith Wiesner - Upper Austria Ladies Linz","og_description":"Eine Salzburgerin setzt Ma\u00dfst\u00e4be Ein Salzburgerin setzt Ma\u00dfst\u00e4be Wenn es in den letzten Jahrzehnten um die gr\u00f6\u00dften Triumphe im \u00f6sterreichischen Damentennis ging, dann fiel meist sehr schnell der Name von Judith Wiesner-Floimair. Die f\u00fcnffache Siegerin eines WTA-Turniers ist eine der erfolgreichste \u00d6TV-Akteurinnen aller Zeiten. Bei allen vier Grand-Slam-Turnieren erreichte sie mindestens das Achtelfinale, in Wimbledon [&hellip;]","og_url":"https:\/\/ladieslinz.at\/en\/historie\/1993-judith-wiesner\/","og_site_name":"Upper Austria Ladies Linz","article_modified_time":"2026-04-07T10:15:21+00:00","og_image":[{"width":1920,"height":1290,"url":"https:\/\/ladieslinz.at\/wp-content\/uploads\/2026\/03\/1993_Judith-Wiesner.jpg","type":"image\/jpeg"}],"twitter_card":"summary_large_image","twitter_site":"@WTALinz","twitter_misc":{"Estimated reading time":"2 minutes"},"schema":{"@context":"https:\/\/schema.org","@graph":[{"@type":"WebPage","@id":"https:\/\/ladieslinz.at\/historie\/1993-judith-wiesner\/","url":"https:\/\/ladieslinz.at\/historie\/1993-judith-wiesner\/","name":"1993: Judith Wiesner - Upper Austria Ladies Linz","isPartOf":{"@id":"https:\/\/ladieslinz.at\/#website"},"primaryImageOfPage":{"@id":"https:\/\/ladieslinz.at\/historie\/1993-judith-wiesner\/#primaryimage"},"image":{"@id":"https:\/\/ladieslinz.at\/historie\/1993-judith-wiesner\/#primaryimage"},"thumbnailUrl":"https:\/\/ladieslinz.at\/wp-content\/uploads\/2026\/03\/1993_Judith-Wiesner-1024x688.jpg","datePublished":"2026-04-03T18:00:35+00:00","dateModified":"2026-04-07T10:15:21+00:00","breadcrumb":{"@id":"https:\/\/ladieslinz.at\/historie\/1993-judith-wiesner\/#breadcrumb"},"inLanguage":"en-GB","potentialAction":[{"@type":"ReadAction","target":["https:\/\/ladieslinz.at\/historie\/1993-judith-wiesner\/"]}]},{"@type":"ImageObject","inLanguage":"en-GB","@id":"https:\/\/ladieslinz.at\/historie\/1993-judith-wiesner\/#primaryimage","url":"https:\/\/ladieslinz.at\/wp-content\/uploads\/2026\/03\/1993_Judith-Wiesner-1024x688.jpg","contentUrl":"https:\/\/ladieslinz.at\/wp-content\/uploads\/2026\/03\/1993_Judith-Wiesner-1024x688.jpg"},{"@type":"BreadcrumbList","@id":"https:\/\/ladieslinz.at\/historie\/1993-judith-wiesner\/#breadcrumb","itemListElement":[{"@type":"ListItem","position":1,"name":"Startseite","item":"https:\/\/ladieslinz.at\/"},{"@type":"ListItem","position":2,"name":"Historie","item":"https:\/\/ladieslinz.at\/historie\/"},{"@type":"ListItem","position":3,"name":"1993: Judith Wiesner"}]},{"@type":"WebSite","@id":"https:\/\/ladieslinz.at\/#website","url":"https:\/\/ladieslinz.at\/","name":"Upper Austria Ladies Linz","description":"WTA500 Tennis","publisher":{"@id":"https:\/\/ladieslinz.at\/#organization"},"potentialAction":[{"@type":"SearchAction","target":{"@type":"EntryPoint","urlTemplate":"https:\/\/ladieslinz.at\/?s={search_term_string}"},"query-input":{"@type":"PropertyValueSpecification","valueRequired":true,"valueName":"search_term_string"}}],"inLanguage":"en-GB"},{"@type":"Organization","@id":"https:\/\/ladieslinz.at\/#organization","name":"Upper Austria Ladies Linz","url":"https:\/\/ladieslinz.at\/","logo":{"@type":"ImageObject","inLanguage":"en-GB","@id":"https:\/\/ladieslinz.at\/#\/schema\/logo\/image\/","url":"https:\/\/ladieslinz.at\/wp-content\/uploads\/2022\/09\/LOGO-Neg.png","contentUrl":"https:\/\/ladieslinz.at\/wp-content\/uploads\/2022\/09\/LOGO-Neg.png","width":586,"height":221,"caption":"Upper Austria Ladies Linz"},"image":{"@id":"https:\/\/ladieslinz.at\/#\/schema\/logo\/image\/"},"sameAs":["https:\/\/x.com\/WTALinz","https:\/\/www.instagram.com\/wtalinz\/?hl=de"]}]}},"_links":{"self":[{"href":"https:\/\/ladieslinz.at\/en\/wp-json\/wp\/v2\/pages\/12825","targetHints":{"allow":["GET"]}}],"collection":[{"href":"https:\/\/ladieslinz.at\/en\/wp-json\/wp\/v2\/pages"}],"about":[{"href":"https:\/\/ladieslinz.at\/en\/wp-json\/wp\/v2\/types\/page"}],"author":[{"embeddable":true,"href":"https:\/\/ladieslinz.at\/en\/wp-json\/wp\/v2\/users\/1"}],"replies":[{"embeddable":true,"href":"https:\/\/ladieslinz.at\/en\/wp-json\/wp\/v2\/comments?post=12825"}],"version-history":[{"count":0,"href":"https:\/\/ladieslinz.at\/en\/wp-json\/wp\/v2\/pages\/12825\/revisions"}],"up":[{"embeddable":true,"href":"https:\/\/ladieslinz.at\/en\/wp-json\/wp\/v2\/pages\/10730"}],"wp:attachment":[{"href":"https:\/\/ladieslinz.at\/en\/wp-json\/wp\/v2\/media?parent=12825"}],"curies":[{"name":"wp","href":"https:\/\/api.w.org\/{rel}","templated":true}]}}