{"id":13439,"date":"2026-04-03T20:12:33","date_gmt":"2026-04-03T18:12:33","guid":{"rendered":"https:\/\/ladieslinz.at\/?page_id=13439"},"modified":"2026-04-07T12:14:46","modified_gmt":"2026-04-07T10:14:46","slug":"1998-jana-novotna","status":"publish","type":"page","link":"https:\/\/ladieslinz.at\/en\/historie\/1998-jana-novotna\/","title":{"rendered":"1998: Jana Novotna"},"content":{"rendered":"<div data-elementor-type=\"wp-page\" data-elementor-id=\"13439\" class=\"elementor elementor-13439\" data-elementor-post-type=\"page\">\n\t\t\t\t<div class=\"elementor-element elementor-element-b0d3b68 e-flex e-con-boxed e-con e-parent\" data-id=\"b0d3b68\" data-element_type=\"container\" data-e-type=\"container\">\n\t\t\t\t\t<div class=\"e-con-inner\">\n\t\t\t\t<div class=\"elementor-element elementor-element-c04535b elementor-widget elementor-widget-spacer\" data-id=\"c04535b\" data-element_type=\"widget\" data-e-type=\"widget\" data-widget_type=\"spacer.default\">\n\t\t\t\t<div class=\"elementor-widget-container\">\n\t\t\t\t\t\t\t<div class=\"elementor-spacer\">\n\t\t\t<div class=\"elementor-spacer-inner\"><\/div>\n\t\t<\/div>\n\t\t\t\t\t\t<\/div>\n\t\t\t\t<\/div>\n\t\t\t\t<div class=\"elementor-element elementor-element-df23e14 elementor-hidden-mobile elementor-widget elementor-widget-heading\" data-id=\"df23e14\" data-element_type=\"widget\" data-e-type=\"widget\" data-widget_type=\"heading.default\">\n\t\t\t\t<div class=\"elementor-widget-container\">\n\t\t\t\t\t<h2 class=\"elementor-heading-title elementor-size-default\">Miss Serve &amp; Volley<\/h2>\t\t\t\t<\/div>\n\t\t\t\t<\/div>\n\t\t\t\t<div class=\"elementor-element elementor-element-0e872fa elementor-hidden-desktop elementor-hidden-tablet_extra elementor-hidden-tablet elementor-widget elementor-widget-heading\" data-id=\"0e872fa\" data-element_type=\"widget\" data-e-type=\"widget\" data-widget_type=\"heading.default\">\n\t\t\t\t<div class=\"elementor-widget-container\">\n\t\t\t\t\t<h2 class=\"elementor-heading-title elementor-size-default\">Miss Serve &amp; Volley<\/h2>\t\t\t\t<\/div>\n\t\t\t\t<\/div>\n\t\t\t\t\t<\/div>\n\t\t\t\t<\/div>\n\t\t<div class=\"elementor-element elementor-element-65011c8 e-flex e-con-boxed e-con e-parent\" data-id=\"65011c8\" data-element_type=\"container\" data-e-type=\"container\">\n\t\t\t\t\t<div class=\"e-con-inner\">\n\t\t\t\t<div class=\"elementor-element elementor-element-3730a60 elementor-widget elementor-widget-image\" data-id=\"3730a60\" data-element_type=\"widget\" data-e-type=\"widget\" data-widget_type=\"image.default\">\n\t\t\t\t<div class=\"elementor-widget-container\">\n\t\t\t\t\t\t\t\t\t\t\t\t\t\t\t<img fetchpriority=\"high\" decoding=\"async\" width=\"800\" height=\"541\" src=\"https:\/\/ladieslinz.at\/wp-content\/uploads\/2026\/04\/1997_Ergaenzung-Jana-Novotna-2-scaled-e1775554159779-1024x693.jpg\" class=\"attachment-large size-large wp-image-13738\" alt=\"\" srcset=\"https:\/\/ladieslinz.at\/wp-content\/uploads\/2026\/04\/1997_Ergaenzung-Jana-Novotna-2-scaled-e1775554159779-1024x693.jpg 1024w, https:\/\/ladieslinz.at\/wp-content\/uploads\/2026\/04\/1997_Ergaenzung-Jana-Novotna-2-scaled-e1775554159779-300x203.jpg 300w, https:\/\/ladieslinz.at\/wp-content\/uploads\/2026\/04\/1997_Ergaenzung-Jana-Novotna-2-scaled-e1775554159779-768x520.jpg 768w, https:\/\/ladieslinz.at\/wp-content\/uploads\/2026\/04\/1997_Ergaenzung-Jana-Novotna-2-scaled-e1775554159779-1536x1040.jpg 1536w, https:\/\/ladieslinz.at\/wp-content\/uploads\/2026\/04\/1997_Ergaenzung-Jana-Novotna-2-scaled-e1775554159779-2048x1386.jpg 2048w, https:\/\/ladieslinz.at\/wp-content\/uploads\/2026\/04\/1997_Ergaenzung-Jana-Novotna-2-scaled-e1775554159779-18x12.jpg 18w\" sizes=\"(max-width: 800px) 100vw, 800px\" \/>\t\t\t\t\t\t\t\t\t\t\t\t\t\t\t<\/div>\n\t\t\t\t<\/div>\n\t\t\t\t\t<\/div>\n\t\t\t\t<\/div>\n\t\t<div class=\"elementor-element elementor-element-8f1e860 e-flex e-con-boxed e-con e-parent\" data-id=\"8f1e860\" data-element_type=\"container\" data-e-type=\"container\">\n\t\t\t\t\t<div class=\"e-con-inner\">\n\t\t\t\t<div class=\"elementor-element elementor-element-610be4d elementor-widget elementor-widget-text-editor\" data-id=\"610be4d\" data-element_type=\"widget\" data-e-type=\"widget\" data-widget_type=\"text-editor.default\">\n\t\t\t\t<div class=\"elementor-widget-container\">\n\t\t\t\t\t\t\t\t\t<p><span data-5b19daa8-7584-4d36-90a3-59892d4189a1-7=\"true\">When the tournament in Linz began to develop international appeal, she was already an absolute superstar: Jana Novotn\u00e1 helped shape an entire era with her courageous and elegant serve-and-volley game. The Czech reached the final of the Australian Open for the first time in 1991 and two years later reached the final of Wimbledon, where Novotn\u00e1, who was known for her strong nerves, lost in the third set despite leading 4:1. In 1997, she lost again, this time to Switzerland's Martina Hingis, despite taking the first set. One year later, however, she managed to crown her career at the All England Club and became one of the oldest players to win Wimbledon for the first time at the age of 29 in the final against Nathalie Tauziat.<\/span><\/p><p>\u00a0<\/p>\t\t\t\t\t\t\t\t<\/div>\n\t\t\t\t<\/div>\n\t\t<div class=\"elementor-element elementor-element-7be9a1b e-grid e-con-full e-con e-child\" data-id=\"7be9a1b\" data-element_type=\"container\" data-e-type=\"container\">\n\t\t<div class=\"elementor-element elementor-element-595f90c e-con-full e-flex e-con e-child\" data-id=\"595f90c\" data-element_type=\"container\" data-e-type=\"container\">\n\t\t\t\t<div class=\"elementor-element elementor-element-bceacda elementor-widget elementor-widget-text-editor\" data-id=\"bceacda\" data-element_type=\"widget\" data-e-type=\"widget\" data-widget_type=\"text-editor.default\">\n\t\t\t\t<div class=\"elementor-widget-container\">\n\t\t\t\t\t\t\t\t\t<p><span data-5b19daa8-7584-4d36-90a3-59892d4189a1-7=\"true\">The former world number two had already won the title twice in Upper Austria at this point (1995, 1998). This should come as no surprise, as her strengths, such as her technically perfect net play, outstanding footwork and incredible feel for the ball, came into their own indoors.<\/span><\/p><p><span data-5b19daa8-7584-4d36-90a3-59892d4189a1-7=\"true\"><br data-5b19daa8-7584-4d36-90a3-59892d4189a1-26=\"true\" \/>Jana Novotn\u00e1 was only 49 years old and passed away on 19 November 2017 as a result of cancer. She will always be fondly remembered in Linz for her unmistakable style and her two tournament victories.<\/span><\/p>\t\t\t\t\t\t\t\t<\/div>\n\t\t\t\t<\/div>\n\t\t\t\t<div class=\"elementor-element elementor-element-183aeaa elementor-align-left elementor-widget elementor-widget-button\" data-id=\"183aeaa\" data-element_type=\"widget\" data-e-type=\"widget\" data-widget_type=\"button.default\">\n\t\t\t\t<div class=\"elementor-widget-container\">\n\t\t\t\t\t\t\t\t\t<div class=\"elementor-button-wrapper\">\n\t\t\t\t\t<a class=\"elementor-button elementor-button-link elementor-size-lg\" href=\"https:\/\/ladieslinz.at\/en\/historie\/\">\n\t\t\t\t\t\t<span class=\"elementor-button-content-wrapper\">\n\t\t\t\t\t\t\t\t\t<span class=\"elementor-button-text\">Back to the history<\/span>\n\t\t\t\t\t<\/span>\n\t\t\t\t\t<\/a>\n\t\t\t\t<\/div>\n\t\t\t\t\t\t\t\t<\/div>\n\t\t\t\t<\/div>\n\t\t\t\t<\/div>\n\t\t\t\t<div class=\"elementor-element elementor-element-c03c454 elementor-widget elementor-widget-image\" data-id=\"c03c454\" data-element_type=\"widget\" data-e-type=\"widget\" data-widget_type=\"image.default\">\n\t\t\t\t<div class=\"elementor-widget-container\">\n\t\t\t\t\t\t\t\t\t\t\t\t\t\t\t<img decoding=\"async\" width=\"719\" height=\"1024\" src=\"https:\/\/ladieslinz.at\/wp-content\/uploads\/2026\/03\/1998_-Jana-Novotna-719x1024.jpg\" class=\"attachment-large size-large wp-image-13539\" alt=\"\" srcset=\"https:\/\/ladieslinz.at\/wp-content\/uploads\/2026\/03\/1998_-Jana-Novotna-719x1024.jpg 719w, https:\/\/ladieslinz.at\/wp-content\/uploads\/2026\/03\/1998_-Jana-Novotna-211x300.jpg 211w, https:\/\/ladieslinz.at\/wp-content\/uploads\/2026\/03\/1998_-Jana-Novotna-768x1093.jpg 768w, https:\/\/ladieslinz.at\/wp-content\/uploads\/2026\/03\/1998_-Jana-Novotna-1079x1536.jpg 1079w, https:\/\/ladieslinz.at\/wp-content\/uploads\/2026\/03\/1998_-Jana-Novotna-8x12.jpg 8w, https:\/\/ladieslinz.at\/wp-content\/uploads\/2026\/03\/1998_-Jana-Novotna.jpg 1417w\" sizes=\"(max-width: 719px) 100vw, 719px\" \/>\t\t\t\t\t\t\t\t\t\t\t\t\t\t\t<\/div>\n\t\t\t\t<\/div>\n\t\t\t\t<\/div>\n\t\t\t\t\t<\/div>\n\t\t\t\t<\/div>\n\t\t<div class=\"elementor-element elementor-element-ef06998 e-flex e-con-boxed e-con e-parent\" data-id=\"ef06998\" data-element_type=\"container\" data-e-type=\"container\">\n\t\t\t\t\t<div class=\"e-con-inner\">\n\t\t\t\t<div class=\"elementor-element elementor-element-f493890 elementor-widget elementor-widget-spacer\" data-id=\"f493890\" data-element_type=\"widget\" data-e-type=\"widget\" data-widget_type=\"spacer.default\">\n\t\t\t\t<div class=\"elementor-widget-container\">\n\t\t\t\t\t\t\t<div class=\"elementor-spacer\">\n\t\t\t<div class=\"elementor-spacer-inner\"><\/div>\n\t\t<\/div>\n\t\t\t\t\t\t<\/div>\n\t\t\t\t<\/div>\n\t\t\t\t\t<\/div>\n\t\t\t\t<\/div>\n\t\t\t\t<\/div>","protected":false},"excerpt":{"rendered":"<p>Miss Serve &amp; Volley Miss Serve &amp; Volley Als das Turnier in Linz begann, internationale Strahlkraft zu entwickeln, war sie bereits ein absoluter Superstar: Jana Novotn\u00e1 pr\u00e4gte mit pr\u00e4gte mit ihrem mutigen und eleganten Serve-and-Volley-Spiel eine ganze \u00c4ra. Die Tschechin stand 1991 erstmals im Finale der Australian Open und erreichte zwei Jahre sp\u00e4ter das Endspiel [&hellip;]<\/p>\n","protected":false},"author":4,"featured_media":0,"parent":10730,"menu_order":0,"comment_status":"closed","ping_status":"closed","template":"","meta":{"footnotes":""},"class_list":["post-13439","page","type-page","status-publish","hentry"],"yoast_head":"<!-- This site is optimized with the Yoast SEO plugin v27.4 - https:\/\/yoast.com\/product\/yoast-seo-wordpress\/ -->\n<title>1998: Jana Novotna - Upper Austria Ladies Linz<\/title>\n<meta name=\"robots\" content=\"index, follow, max-snippet:-1, max-image-preview:large, max-video-preview:-1\" \/>\n<link rel=\"canonical\" href=\"https:\/\/ladieslinz.at\/en\/historie\/1998-jana-novotna\/\" \/>\n<meta property=\"og:locale\" content=\"en_GB\" \/>\n<meta property=\"og:type\" content=\"article\" \/>\n<meta property=\"og:title\" content=\"1998: Jana Novotna - Upper Austria Ladies Linz\" \/>\n<meta property=\"og:description\" content=\"Miss Serve &amp; Volley Miss Serve &amp; Volley Als das Turnier in Linz begann, internationale Strahlkraft zu entwickeln, war sie bereits ein absoluter Superstar: Jana Novotn\u00e1 pr\u00e4gte mit pr\u00e4gte mit ihrem mutigen und eleganten Serve-and-Volley-Spiel eine ganze \u00c4ra. Die Tschechin stand 1991 erstmals im Finale der Australian Open und erreichte zwei Jahre sp\u00e4ter das Endspiel [&hellip;]\" \/>\n<meta property=\"og:url\" content=\"https:\/\/ladieslinz.at\/en\/historie\/1998-jana-novotna\/\" \/>\n<meta property=\"og:site_name\" content=\"Upper Austria Ladies Linz\" \/>\n<meta property=\"article:modified_time\" content=\"2026-04-07T10:14:46+00:00\" \/>\n<meta property=\"og:image\" content=\"https:\/\/ladieslinz.at\/wp-content\/uploads\/2026\/04\/1997_Ergaenzung-Jana-Novotna-2-scaled-e1775554159779.jpg\" \/>\n\t<meta property=\"og:image:width\" content=\"2445\" \/>\n\t<meta property=\"og:image:height\" content=\"1655\" \/>\n\t<meta property=\"og:image:type\" content=\"image\/jpeg\" \/>\n<meta name=\"twitter:card\" content=\"summary_large_image\" \/>\n<meta name=\"twitter:site\" content=\"@WTALinz\" \/>\n<meta name=\"twitter:label1\" content=\"Estimated reading time\" \/>\n\t<meta name=\"twitter:data1\" content=\"2 minutes\" \/>\n<script type=\"application\/ld+json\" class=\"yoast-schema-graph\">{\"@context\":\"https:\\\/\\\/schema.org\",\"@graph\":[{\"@type\":\"WebPage\",\"@id\":\"https:\\\/\\\/ladieslinz.at\\\/historie\\\/1998-jana-novotna\\\/\",\"url\":\"https:\\\/\\\/ladieslinz.at\\\/historie\\\/1998-jana-novotna\\\/\",\"name\":\"1998: Jana Novotna - Upper Austria Ladies Linz\",\"isPartOf\":{\"@id\":\"https:\\\/\\\/ladieslinz.at\\\/#website\"},\"primaryImageOfPage\":{\"@id\":\"https:\\\/\\\/ladieslinz.at\\\/historie\\\/1998-jana-novotna\\\/#primaryimage\"},\"image\":{\"@id\":\"https:\\\/\\\/ladieslinz.at\\\/historie\\\/1998-jana-novotna\\\/#primaryimage\"},\"thumbnailUrl\":\"https:\\\/\\\/ladieslinz.at\\\/wp-content\\\/uploads\\\/2026\\\/04\\\/1997_Ergaenzung-Jana-Novotna-2-scaled-e1775554159779-1024x693.jpg\",\"datePublished\":\"2026-04-03T18:12:33+00:00\",\"dateModified\":\"2026-04-07T10:14:46+00:00\",\"breadcrumb\":{\"@id\":\"https:\\\/\\\/ladieslinz.at\\\/historie\\\/1998-jana-novotna\\\/#breadcrumb\"},\"inLanguage\":\"en-GB\",\"potentialAction\":[{\"@type\":\"ReadAction\",\"target\":[\"https:\\\/\\\/ladieslinz.at\\\/historie\\\/1998-jana-novotna\\\/\"]}]},{\"@type\":\"ImageObject\",\"inLanguage\":\"en-GB\",\"@id\":\"https:\\\/\\\/ladieslinz.at\\\/historie\\\/1998-jana-novotna\\\/#primaryimage\",\"url\":\"https:\\\/\\\/ladieslinz.at\\\/wp-content\\\/uploads\\\/2026\\\/04\\\/1997_Ergaenzung-Jana-Novotna-2-scaled-e1775554159779-1024x693.jpg\",\"contentUrl\":\"https:\\\/\\\/ladieslinz.at\\\/wp-content\\\/uploads\\\/2026\\\/04\\\/1997_Ergaenzung-Jana-Novotna-2-scaled-e1775554159779-1024x693.jpg\"},{\"@type\":\"BreadcrumbList\",\"@id\":\"https:\\\/\\\/ladieslinz.at\\\/historie\\\/1998-jana-novotna\\\/#breadcrumb\",\"itemListElement\":[{\"@type\":\"ListItem\",\"position\":1,\"name\":\"Startseite\",\"item\":\"https:\\\/\\\/ladieslinz.at\\\/\"},{\"@type\":\"ListItem\",\"position\":2,\"name\":\"Historie\",\"item\":\"https:\\\/\\\/ladieslinz.at\\\/historie\\\/\"},{\"@type\":\"ListItem\",\"position\":3,\"name\":\"1998: Jana Novotna\"}]},{\"@type\":\"WebSite\",\"@id\":\"https:\\\/\\\/ladieslinz.at\\\/#website\",\"url\":\"https:\\\/\\\/ladieslinz.at\\\/\",\"name\":\"Upper Austria Ladies Linz\",\"description\":\"WTA500 Tennis\",\"publisher\":{\"@id\":\"https:\\\/\\\/ladieslinz.at\\\/#organization\"},\"potentialAction\":[{\"@type\":\"SearchAction\",\"target\":{\"@type\":\"EntryPoint\",\"urlTemplate\":\"https:\\\/\\\/ladieslinz.at\\\/?s={search_term_string}\"},\"query-input\":{\"@type\":\"PropertyValueSpecification\",\"valueRequired\":true,\"valueName\":\"search_term_string\"}}],\"inLanguage\":\"en-GB\"},{\"@type\":\"Organization\",\"@id\":\"https:\\\/\\\/ladieslinz.at\\\/#organization\",\"name\":\"Upper Austria Ladies Linz\",\"url\":\"https:\\\/\\\/ladieslinz.at\\\/\",\"logo\":{\"@type\":\"ImageObject\",\"inLanguage\":\"en-GB\",\"@id\":\"https:\\\/\\\/ladieslinz.at\\\/#\\\/schema\\\/logo\\\/image\\\/\",\"url\":\"https:\\\/\\\/ladieslinz.at\\\/wp-content\\\/uploads\\\/2022\\\/09\\\/LOGO-Neg.png\",\"contentUrl\":\"https:\\\/\\\/ladieslinz.at\\\/wp-content\\\/uploads\\\/2022\\\/09\\\/LOGO-Neg.png\",\"width\":586,\"height\":221,\"caption\":\"Upper Austria Ladies Linz\"},\"image\":{\"@id\":\"https:\\\/\\\/ladieslinz.at\\\/#\\\/schema\\\/logo\\\/image\\\/\"},\"sameAs\":[\"https:\\\/\\\/x.com\\\/WTALinz\",\"https:\\\/\\\/www.instagram.com\\\/wtalinz\\\/?hl=de\"]}]}<\/script>\n<!-- \/ Yoast SEO plugin. -->","yoast_head_json":{"title":"1998: Jana Novotna - Upper Austria Ladies Linz","robots":{"index":"index","follow":"follow","max-snippet":"max-snippet:-1","max-image-preview":"max-image-preview:large","max-video-preview":"max-video-preview:-1"},"canonical":"https:\/\/ladieslinz.at\/en\/historie\/1998-jana-novotna\/","og_locale":"en_GB","og_type":"article","og_title":"1998: Jana Novotna - Upper Austria Ladies Linz","og_description":"Miss Serve &amp; Volley Miss Serve &amp; Volley Als das Turnier in Linz begann, internationale Strahlkraft zu entwickeln, war sie bereits ein absoluter Superstar: Jana Novotn\u00e1 pr\u00e4gte mit pr\u00e4gte mit ihrem mutigen und eleganten Serve-and-Volley-Spiel eine ganze \u00c4ra. Die Tschechin stand 1991 erstmals im Finale der Australian Open und erreichte zwei Jahre sp\u00e4ter das Endspiel [&hellip;]","og_url":"https:\/\/ladieslinz.at\/en\/historie\/1998-jana-novotna\/","og_site_name":"Upper Austria Ladies Linz","article_modified_time":"2026-04-07T10:14:46+00:00","og_image":[{"width":2445,"height":1655,"url":"https:\/\/ladieslinz.at\/wp-content\/uploads\/2026\/04\/1997_Ergaenzung-Jana-Novotna-2-scaled-e1775554159779.jpg","type":"image\/jpeg"}],"twitter_card":"summary_large_image","twitter_site":"@WTALinz","twitter_misc":{"Estimated reading time":"2 minutes"},"schema":{"@context":"https:\/\/schema.org","@graph":[{"@type":"WebPage","@id":"https:\/\/ladieslinz.at\/historie\/1998-jana-novotna\/","url":"https:\/\/ladieslinz.at\/historie\/1998-jana-novotna\/","name":"1998: Jana Novotna - Upper Austria Ladies Linz","isPartOf":{"@id":"https:\/\/ladieslinz.at\/#website"},"primaryImageOfPage":{"@id":"https:\/\/ladieslinz.at\/historie\/1998-jana-novotna\/#primaryimage"},"image":{"@id":"https:\/\/ladieslinz.at\/historie\/1998-jana-novotna\/#primaryimage"},"thumbnailUrl":"https:\/\/ladieslinz.at\/wp-content\/uploads\/2026\/04\/1997_Ergaenzung-Jana-Novotna-2-scaled-e1775554159779-1024x693.jpg","datePublished":"2026-04-03T18:12:33+00:00","dateModified":"2026-04-07T10:14:46+00:00","breadcrumb":{"@id":"https:\/\/ladieslinz.at\/historie\/1998-jana-novotna\/#breadcrumb"},"inLanguage":"en-GB","potentialAction":[{"@type":"ReadAction","target":["https:\/\/ladieslinz.at\/historie\/1998-jana-novotna\/"]}]},{"@type":"ImageObject","inLanguage":"en-GB","@id":"https:\/\/ladieslinz.at\/historie\/1998-jana-novotna\/#primaryimage","url":"https:\/\/ladieslinz.at\/wp-content\/uploads\/2026\/04\/1997_Ergaenzung-Jana-Novotna-2-scaled-e1775554159779-1024x693.jpg","contentUrl":"https:\/\/ladieslinz.at\/wp-content\/uploads\/2026\/04\/1997_Ergaenzung-Jana-Novotna-2-scaled-e1775554159779-1024x693.jpg"},{"@type":"BreadcrumbList","@id":"https:\/\/ladieslinz.at\/historie\/1998-jana-novotna\/#breadcrumb","itemListElement":[{"@type":"ListItem","position":1,"name":"Startseite","item":"https:\/\/ladieslinz.at\/"},{"@type":"ListItem","position":2,"name":"Historie","item":"https:\/\/ladieslinz.at\/historie\/"},{"@type":"ListItem","position":3,"name":"1998: Jana Novotna"}]},{"@type":"WebSite","@id":"https:\/\/ladieslinz.at\/#website","url":"https:\/\/ladieslinz.at\/","name":"Upper Austria Ladies Linz","description":"WTA500 Tennis","publisher":{"@id":"https:\/\/ladieslinz.at\/#organization"},"potentialAction":[{"@type":"SearchAction","target":{"@type":"EntryPoint","urlTemplate":"https:\/\/ladieslinz.at\/?s={search_term_string}"},"query-input":{"@type":"PropertyValueSpecification","valueRequired":true,"valueName":"search_term_string"}}],"inLanguage":"en-GB"},{"@type":"Organization","@id":"https:\/\/ladieslinz.at\/#organization","name":"Upper Austria Ladies Linz","url":"https:\/\/ladieslinz.at\/","logo":{"@type":"ImageObject","inLanguage":"en-GB","@id":"https:\/\/ladieslinz.at\/#\/schema\/logo\/image\/","url":"https:\/\/ladieslinz.at\/wp-content\/uploads\/2022\/09\/LOGO-Neg.png","contentUrl":"https:\/\/ladieslinz.at\/wp-content\/uploads\/2022\/09\/LOGO-Neg.png","width":586,"height":221,"caption":"Upper Austria Ladies Linz"},"image":{"@id":"https:\/\/ladieslinz.at\/#\/schema\/logo\/image\/"},"sameAs":["https:\/\/x.com\/WTALinz","https:\/\/www.instagram.com\/wtalinz\/?hl=de"]}]}},"_links":{"self":[{"href":"https:\/\/ladieslinz.at\/en\/wp-json\/wp\/v2\/pages\/13439","targetHints":{"allow":["GET"]}}],"collection":[{"href":"https:\/\/ladieslinz.at\/en\/wp-json\/wp\/v2\/pages"}],"about":[{"href":"https:\/\/ladieslinz.at\/en\/wp-json\/wp\/v2\/types\/page"}],"author":[{"embeddable":true,"href":"https:\/\/ladieslinz.at\/en\/wp-json\/wp\/v2\/users\/4"}],"replies":[{"embeddable":true,"href":"https:\/\/ladieslinz.at\/en\/wp-json\/wp\/v2\/comments?post=13439"}],"version-history":[{"count":0,"href":"https:\/\/ladieslinz.at\/en\/wp-json\/wp\/v2\/pages\/13439\/revisions"}],"up":[{"embeddable":true,"href":"https:\/\/ladieslinz.at\/en\/wp-json\/wp\/v2\/pages\/10730"}],"wp:attachment":[{"href":"https:\/\/ladieslinz.at\/en\/wp-json\/wp\/v2\/media?parent=13439"}],"curies":[{"name":"wp","href":"https:\/\/api.w.org\/{rel}","templated":true}]}}