{"id":13441,"date":"2026-03-10T18:45:20","date_gmt":"2026-03-10T17:45:20","guid":{"rendered":"https:\/\/ladieslinz.at\/?page_id=13441"},"modified":"2026-04-04T12:24:03","modified_gmt":"2026-04-04T10:24:03","slug":"2000-venus-williams","status":"publish","type":"page","link":"https:\/\/ladieslinz.at\/en\/historie\/2000-venus-williams\/","title":{"rendered":"2000: Venus Williams"},"content":{"rendered":"<div data-elementor-type=\"wp-page\" data-elementor-id=\"13441\" class=\"elementor elementor-13441\" data-elementor-post-type=\"page\">\n\t\t\t\t<div class=\"elementor-element elementor-element-4a9c226 e-con-full elementor-hidden-mobile e-flex e-con e-parent\" data-id=\"4a9c226\" data-element_type=\"container\" data-e-type=\"container\">\n\t\t\t\t<div class=\"elementor-element elementor-element-db4090a elementor-widget elementor-widget-heading\" data-id=\"db4090a\" data-element_type=\"widget\" data-e-type=\"widget\" data-widget_type=\"heading.default\">\n\t\t\t\t<div class=\"elementor-widget-container\">\n\t\t\t\t\t<h2 class=\"elementor-heading-title elementor-size-default\">Eine Queen in Linz<\/h2>\t\t\t\t<\/div>\n\t\t\t\t<\/div>\n\t\t\t\t<\/div>\n\t\t<div class=\"elementor-element elementor-element-30d09a5 e-flex e-con-boxed e-con e-parent\" data-id=\"30d09a5\" data-element_type=\"container\" data-e-type=\"container\">\n\t\t\t\t\t<div class=\"e-con-inner\">\n\t\t\t\t<div class=\"elementor-element elementor-element-5841217 elementor-hidden-desktop elementor-hidden-tablet_extra elementor-hidden-tablet elementor-widget elementor-widget-heading\" data-id=\"5841217\" data-element_type=\"widget\" data-e-type=\"widget\" data-widget_type=\"heading.default\">\n\t\t\t\t<div class=\"elementor-widget-container\">\n\t\t\t\t\t<h2 class=\"elementor-heading-title elementor-size-default\">Eine Queen in Linz<\/h2>\t\t\t\t<\/div>\n\t\t\t\t<\/div>\n\t\t\t\t\t<\/div>\n\t\t\t\t<\/div>\n\t\t<div class=\"elementor-element elementor-element-a80d541 e-grid e-con-boxed e-con e-parent\" data-id=\"a80d541\" data-element_type=\"container\" data-e-type=\"container\">\n\t\t\t\t\t<div class=\"e-con-inner\">\n\t\t\t\t<div class=\"elementor-element elementor-element-e2e8768 elementor-widget elementor-widget-text-editor\" data-id=\"e2e8768\" data-element_type=\"widget\" data-e-type=\"widget\" data-widget_type=\"text-editor.default\">\n\t\t\t\t<div class=\"elementor-widget-container\">\n\t\t\t\t\t\t\t\t\t<p>Das Finale des Jahres 2000 beim Upper Austria Ladies Linz war eines der besten und spektakul\u00e4rsten Matches der gesamten Turnierhistorie: Venus Williams gegen Lindsay Davenport \u2013 ein Duell zweier Weltstars in Ober\u00f6sterreich!<\/p><p>Williams zog im Oktober des Jahres 2000 nicht nur als frischgebackene Olympia\u2013 , Wimbledon- und US-Open-Siegerin, sondern auch mit der beeindruckenden Serie von 32 ungeschlagenen Partie in Folge in das Linzer Finale ein. Dort fand sie nach einer hochklassigen Partie aber ihre Meisterin in ihrer Landsfrau Lindsay Davenport. F\u00fcr Davenport war es einer der wichtigsten Siege gegen ihre gro\u00dfe Rivalin \u00fcberhaupt, gegen die sie alleine im Jahr 2000 f\u00fcnf Finals bestritt und zuvor in den Endspielen von Wimbledon und bei den US Open verloren hatte.<\/p><p>Venus Williams schuf mit ihrem Spiel eine neue Dimension aus Athletik, Kraft und Pr\u00e4senz, war elf Wochen die Nummer eins der Welt und gewann insgesamt sieben Grand-Slam-Titel im Einzel, darunter f\u00fcnfmal das traditionsreichste Tennisturnier der Welt in Wimbledon. In Linz blieb ihr der Turniersieg zwar verwehrt, daf\u00fcr durfte sie ein fesches Dirndl als Erinnerung an ihren einzigen Auftritt an der Donau mit nach Hause nehmen. Im darauffolgenden Jahr musste Williams ihren Start kurzfristig aufgrund einer Handgelenksverletzung absagen.<\/p>\t\t\t\t\t\t\t\t<\/div>\n\t\t\t\t<\/div>\n\t\t\t\t<div class=\"elementor-element elementor-element-a7b0513 elementor-widget elementor-widget-image\" data-id=\"a7b0513\" data-element_type=\"widget\" data-e-type=\"widget\" data-widget_type=\"image.default\">\n\t\t\t\t<div class=\"elementor-widget-container\">\n\t\t\t\t\t\t\t\t\t\t\t\t\t\t\t<img fetchpriority=\"high\" decoding=\"async\" width=\"425\" height=\"634\" src=\"https:\/\/ladieslinz.at\/wp-content\/uploads\/2026\/03\/2000_Venus-Williams.png\" class=\"attachment-large size-large wp-image-13586\" alt=\"\" srcset=\"https:\/\/ladieslinz.at\/wp-content\/uploads\/2026\/03\/2000_Venus-Williams.png 425w, https:\/\/ladieslinz.at\/wp-content\/uploads\/2026\/03\/2000_Venus-Williams-201x300.png 201w, https:\/\/ladieslinz.at\/wp-content\/uploads\/2026\/03\/2000_Venus-Williams-8x12.png 8w\" sizes=\"(max-width: 425px) 100vw, 425px\" \/>\t\t\t\t\t\t\t\t\t\t\t\t\t\t\t<\/div>\n\t\t\t\t<\/div>\n\t\t\t\t\t<\/div>\n\t\t\t\t<\/div>\n\t\t\t\t<\/div>","protected":false},"excerpt":{"rendered":"<p>Eine Queen in Linz Eine Queen in Linz Das Finale des Jahres 2000 beim Upper Austria Ladies Linz war eines der besten und spektakul\u00e4rsten Matches der gesamten Turnierhistorie: Venus Williams gegen Lindsay Davenport \u2013 ein Duell zweier Weltstars in Ober\u00f6sterreich! Williams zog im Oktober des Jahres 2000 nicht nur als frischgebackene Olympia\u2013 , Wimbledon- und [&hellip;]<\/p>\n","protected":false},"author":4,"featured_media":0,"parent":10730,"menu_order":0,"comment_status":"closed","ping_status":"closed","template":"","meta":{"footnotes":""},"class_list":["post-13441","page","type-page","status-publish","hentry"],"yoast_head":"<!-- This site is optimized with the Yoast SEO plugin v27.0 - https:\/\/yoast.com\/product\/yoast-seo-wordpress\/ -->\n<title>2000: Venus Williams - Upper Austria Ladies Linz<\/title>\n<meta name=\"robots\" content=\"index, follow, max-snippet:-1, max-image-preview:large, max-video-preview:-1\" \/>\n<link rel=\"canonical\" href=\"https:\/\/ladieslinz.at\/en\/historie\/2000-venus-williams\/\" \/>\n<meta property=\"og:locale\" content=\"en_GB\" \/>\n<meta property=\"og:type\" content=\"article\" \/>\n<meta property=\"og:title\" content=\"2000: Venus Williams - Upper Austria Ladies Linz\" \/>\n<meta property=\"og:description\" content=\"Eine Queen in Linz Eine Queen in Linz Das Finale des Jahres 2000 beim Upper Austria Ladies Linz war eines der besten und spektakul\u00e4rsten Matches der gesamten Turnierhistorie: Venus Williams gegen Lindsay Davenport \u2013 ein Duell zweier Weltstars in Ober\u00f6sterreich! Williams zog im Oktober des Jahres 2000 nicht nur als frischgebackene Olympia\u2013 , Wimbledon- und [&hellip;]\" \/>\n<meta property=\"og:url\" content=\"https:\/\/ladieslinz.at\/en\/historie\/2000-venus-williams\/\" \/>\n<meta property=\"og:site_name\" content=\"Upper Austria Ladies Linz\" \/>\n<meta property=\"article:modified_time\" content=\"2026-04-04T10:24:03+00:00\" \/>\n<meta property=\"og:image\" content=\"https:\/\/ladieslinz.at\/wp-content\/uploads\/2026\/03\/2000_Venus-Williams.png\" \/>\n\t<meta property=\"og:image:width\" content=\"425\" \/>\n\t<meta property=\"og:image:height\" content=\"634\" \/>\n\t<meta property=\"og:image:type\" content=\"image\/png\" \/>\n<meta name=\"twitter:card\" content=\"summary_large_image\" \/>\n<meta name=\"twitter:site\" content=\"@WTALinz\" \/>\n<meta name=\"twitter:label1\" content=\"Estimated reading time\" \/>\n\t<meta name=\"twitter:data1\" content=\"2 minutes\" \/>\n<script type=\"application\/ld+json\" class=\"yoast-schema-graph\">{\"@context\":\"https:\/\/schema.org\",\"@graph\":[{\"@type\":\"WebPage\",\"@id\":\"https:\/\/ladieslinz.at\/historie\/2000-venus-williams\/\",\"url\":\"https:\/\/ladieslinz.at\/historie\/2000-venus-williams\/\",\"name\":\"2000: Venus Williams - Upper Austria Ladies Linz\",\"isPartOf\":{\"@id\":\"https:\/\/ladieslinz.at\/#website\"},\"primaryImageOfPage\":{\"@id\":\"https:\/\/ladieslinz.at\/historie\/2000-venus-williams\/#primaryimage\"},\"image\":{\"@id\":\"https:\/\/ladieslinz.at\/historie\/2000-venus-williams\/#primaryimage\"},\"thumbnailUrl\":\"https:\/\/ladieslinz.at\/wp-content\/uploads\/2026\/03\/2000_Venus-Williams.png\",\"datePublished\":\"2026-03-10T17:45:20+00:00\",\"dateModified\":\"2026-04-04T10:24:03+00:00\",\"breadcrumb\":{\"@id\":\"https:\/\/ladieslinz.at\/historie\/2000-venus-williams\/#breadcrumb\"},\"inLanguage\":\"en-GB\",\"potentialAction\":[{\"@type\":\"ReadAction\",\"target\":[\"https:\/\/ladieslinz.at\/historie\/2000-venus-williams\/\"]}]},{\"@type\":\"ImageObject\",\"inLanguage\":\"en-GB\",\"@id\":\"https:\/\/ladieslinz.at\/historie\/2000-venus-williams\/#primaryimage\",\"url\":\"https:\/\/ladieslinz.at\/wp-content\/uploads\/2026\/03\/2000_Venus-Williams.png\",\"contentUrl\":\"https:\/\/ladieslinz.at\/wp-content\/uploads\/2026\/03\/2000_Venus-Williams.png\"},{\"@type\":\"BreadcrumbList\",\"@id\":\"https:\/\/ladieslinz.at\/historie\/2000-venus-williams\/#breadcrumb\",\"itemListElement\":[{\"@type\":\"ListItem\",\"position\":1,\"name\":\"Startseite\",\"item\":\"https:\/\/ladieslinz.at\/\"},{\"@type\":\"ListItem\",\"position\":2,\"name\":\"Historie\",\"item\":\"https:\/\/ladieslinz.at\/historie\/\"},{\"@type\":\"ListItem\",\"position\":3,\"name\":\"2000: Venus Williams\"}]},{\"@type\":\"WebSite\",\"@id\":\"https:\/\/ladieslinz.at\/#website\",\"url\":\"https:\/\/ladieslinz.at\/\",\"name\":\"Upper Austria Ladies Linz\",\"description\":\"WTA500 Tennis\",\"publisher\":{\"@id\":\"https:\/\/ladieslinz.at\/#organization\"},\"potentialAction\":[{\"@type\":\"SearchAction\",\"target\":{\"@type\":\"EntryPoint\",\"urlTemplate\":\"https:\/\/ladieslinz.at\/?s={search_term_string}\"},\"query-input\":{\"@type\":\"PropertyValueSpecification\",\"valueRequired\":true,\"valueName\":\"search_term_string\"}}],\"inLanguage\":\"en-GB\"},{\"@type\":\"Organization\",\"@id\":\"https:\/\/ladieslinz.at\/#organization\",\"name\":\"Upper Austria Ladies Linz\",\"url\":\"https:\/\/ladieslinz.at\/\",\"logo\":{\"@type\":\"ImageObject\",\"inLanguage\":\"en-GB\",\"@id\":\"https:\/\/ladieslinz.at\/#\/schema\/logo\/image\/\",\"url\":\"https:\/\/ladieslinz.at\/wp-content\/uploads\/2022\/09\/LOGO-Neg.png\",\"contentUrl\":\"https:\/\/ladieslinz.at\/wp-content\/uploads\/2022\/09\/LOGO-Neg.png\",\"width\":586,\"height\":221,\"caption\":\"Upper Austria Ladies Linz\"},\"image\":{\"@id\":\"https:\/\/ladieslinz.at\/#\/schema\/logo\/image\/\"},\"sameAs\":[\"https:\/\/x.com\/WTALinz\",\"https:\/\/www.instagram.com\/wtalinz\/?hl=de\"]}]}<\/script>\n<!-- \/ Yoast SEO plugin. -->","yoast_head_json":{"title":"2000: Venus Williams - Upper Austria Ladies Linz","robots":{"index":"index","follow":"follow","max-snippet":"max-snippet:-1","max-image-preview":"max-image-preview:large","max-video-preview":"max-video-preview:-1"},"canonical":"https:\/\/ladieslinz.at\/en\/historie\/2000-venus-williams\/","og_locale":"en_GB","og_type":"article","og_title":"2000: Venus Williams - Upper Austria Ladies Linz","og_description":"Eine Queen in Linz Eine Queen in Linz Das Finale des Jahres 2000 beim Upper Austria Ladies Linz war eines der besten und spektakul\u00e4rsten Matches der gesamten Turnierhistorie: Venus Williams gegen Lindsay Davenport \u2013 ein Duell zweier Weltstars in Ober\u00f6sterreich! Williams zog im Oktober des Jahres 2000 nicht nur als frischgebackene Olympia\u2013 , Wimbledon- und [&hellip;]","og_url":"https:\/\/ladieslinz.at\/en\/historie\/2000-venus-williams\/","og_site_name":"Upper Austria Ladies Linz","article_modified_time":"2026-04-04T10:24:03+00:00","og_image":[{"width":425,"height":634,"url":"https:\/\/ladieslinz.at\/wp-content\/uploads\/2026\/03\/2000_Venus-Williams.png","type":"image\/png"}],"twitter_card":"summary_large_image","twitter_site":"@WTALinz","twitter_misc":{"Estimated reading time":"2 minutes"},"schema":{"@context":"https:\/\/schema.org","@graph":[{"@type":"WebPage","@id":"https:\/\/ladieslinz.at\/historie\/2000-venus-williams\/","url":"https:\/\/ladieslinz.at\/historie\/2000-venus-williams\/","name":"2000: Venus Williams - Upper Austria Ladies Linz","isPartOf":{"@id":"https:\/\/ladieslinz.at\/#website"},"primaryImageOfPage":{"@id":"https:\/\/ladieslinz.at\/historie\/2000-venus-williams\/#primaryimage"},"image":{"@id":"https:\/\/ladieslinz.at\/historie\/2000-venus-williams\/#primaryimage"},"thumbnailUrl":"https:\/\/ladieslinz.at\/wp-content\/uploads\/2026\/03\/2000_Venus-Williams.png","datePublished":"2026-03-10T17:45:20+00:00","dateModified":"2026-04-04T10:24:03+00:00","breadcrumb":{"@id":"https:\/\/ladieslinz.at\/historie\/2000-venus-williams\/#breadcrumb"},"inLanguage":"en-GB","potentialAction":[{"@type":"ReadAction","target":["https:\/\/ladieslinz.at\/historie\/2000-venus-williams\/"]}]},{"@type":"ImageObject","inLanguage":"en-GB","@id":"https:\/\/ladieslinz.at\/historie\/2000-venus-williams\/#primaryimage","url":"https:\/\/ladieslinz.at\/wp-content\/uploads\/2026\/03\/2000_Venus-Williams.png","contentUrl":"https:\/\/ladieslinz.at\/wp-content\/uploads\/2026\/03\/2000_Venus-Williams.png"},{"@type":"BreadcrumbList","@id":"https:\/\/ladieslinz.at\/historie\/2000-venus-williams\/#breadcrumb","itemListElement":[{"@type":"ListItem","position":1,"name":"Startseite","item":"https:\/\/ladieslinz.at\/"},{"@type":"ListItem","position":2,"name":"Historie","item":"https:\/\/ladieslinz.at\/historie\/"},{"@type":"ListItem","position":3,"name":"2000: Venus Williams"}]},{"@type":"WebSite","@id":"https:\/\/ladieslinz.at\/#website","url":"https:\/\/ladieslinz.at\/","name":"Upper Austria Ladies Linz","description":"WTA500 Tennis","publisher":{"@id":"https:\/\/ladieslinz.at\/#organization"},"potentialAction":[{"@type":"SearchAction","target":{"@type":"EntryPoint","urlTemplate":"https:\/\/ladieslinz.at\/?s={search_term_string}"},"query-input":{"@type":"PropertyValueSpecification","valueRequired":true,"valueName":"search_term_string"}}],"inLanguage":"en-GB"},{"@type":"Organization","@id":"https:\/\/ladieslinz.at\/#organization","name":"Upper Austria Ladies Linz","url":"https:\/\/ladieslinz.at\/","logo":{"@type":"ImageObject","inLanguage":"en-GB","@id":"https:\/\/ladieslinz.at\/#\/schema\/logo\/image\/","url":"https:\/\/ladieslinz.at\/wp-content\/uploads\/2022\/09\/LOGO-Neg.png","contentUrl":"https:\/\/ladieslinz.at\/wp-content\/uploads\/2022\/09\/LOGO-Neg.png","width":586,"height":221,"caption":"Upper Austria Ladies Linz"},"image":{"@id":"https:\/\/ladieslinz.at\/#\/schema\/logo\/image\/"},"sameAs":["https:\/\/x.com\/WTALinz","https:\/\/www.instagram.com\/wtalinz\/?hl=de"]}]}},"_links":{"self":[{"href":"https:\/\/ladieslinz.at\/en\/wp-json\/wp\/v2\/pages\/13441","targetHints":{"allow":["GET"]}}],"collection":[{"href":"https:\/\/ladieslinz.at\/en\/wp-json\/wp\/v2\/pages"}],"about":[{"href":"https:\/\/ladieslinz.at\/en\/wp-json\/wp\/v2\/types\/page"}],"author":[{"embeddable":true,"href":"https:\/\/ladieslinz.at\/en\/wp-json\/wp\/v2\/users\/4"}],"replies":[{"embeddable":true,"href":"https:\/\/ladieslinz.at\/en\/wp-json\/wp\/v2\/comments?post=13441"}],"version-history":[{"count":4,"href":"https:\/\/ladieslinz.at\/en\/wp-json\/wp\/v2\/pages\/13441\/revisions"}],"predecessor-version":[{"id":13788,"href":"https:\/\/ladieslinz.at\/en\/wp-json\/wp\/v2\/pages\/13441\/revisions\/13788"}],"up":[{"embeddable":true,"href":"https:\/\/ladieslinz.at\/en\/wp-json\/wp\/v2\/pages\/10730"}],"wp:attachment":[{"href":"https:\/\/ladieslinz.at\/en\/wp-json\/wp\/v2\/media?parent=13441"}],"curies":[{"name":"wp","href":"https:\/\/api.w.org\/{rel}","templated":true}]}}