{"id":13446,"date":"2026-04-05T09:00:44","date_gmt":"2026-04-05T07:00:44","guid":{"rendered":"https:\/\/ladieslinz.at\/?page_id=13446"},"modified":"2026-04-05T09:03:22","modified_gmt":"2026-04-05T07:03:22","slug":"2006-maria-sharapova","status":"publish","type":"page","link":"https:\/\/ladieslinz.at\/en\/historie\/2006-maria-sharapova\/","title":{"rendered":"2006: Maria Sharapova"},"content":{"rendered":"<div data-elementor-type=\"wp-page\" data-elementor-id=\"13446\" class=\"elementor elementor-13446\" data-elementor-post-type=\"page\">\n\t\t\t\t<div class=\"elementor-element elementor-element-d7a2e28 e-con-full elementor-hidden-mobile e-flex e-con e-parent\" data-id=\"d7a2e28\" data-element_type=\"container\" data-e-type=\"container\">\n\t\t\t\t<div class=\"elementor-element elementor-element-8a37eea elementor-widget elementor-widget-heading\" data-id=\"8a37eea\" data-element_type=\"widget\" data-e-type=\"widget\" data-widget_type=\"heading.default\">\n\t\t\t\t<div class=\"elementor-widget-container\">\n\t\t\t\t\t<h2 class=\"elementor-heading-title elementor-size-default\">Ein absoluter Superstar<\/h2>\t\t\t\t<\/div>\n\t\t\t\t<\/div>\n\t\t\t\t<\/div>\n\t\t<div class=\"elementor-element elementor-element-18bd7b2 e-flex e-con-boxed e-con e-parent\" data-id=\"18bd7b2\" data-element_type=\"container\" data-e-type=\"container\">\n\t\t\t\t\t<div class=\"e-con-inner\">\n\t\t\t\t<div class=\"elementor-element elementor-element-afec455 elementor-hidden-desktop elementor-hidden-tablet_extra elementor-hidden-tablet elementor-widget elementor-widget-heading\" data-id=\"afec455\" data-element_type=\"widget\" data-e-type=\"widget\" data-widget_type=\"heading.default\">\n\t\t\t\t<div class=\"elementor-widget-container\">\n\t\t\t\t\t<h2 class=\"elementor-heading-title elementor-size-default\">Ein absoluter Superstar<\/h2>\t\t\t\t<\/div>\n\t\t\t\t<\/div>\n\t\t\t\t\t<\/div>\n\t\t\t\t<\/div>\n\t\t<div class=\"elementor-element elementor-element-2b72226 e-flex e-con-boxed e-con e-parent\" data-id=\"2b72226\" data-element_type=\"container\" data-e-type=\"container\">\n\t\t\t\t\t<div class=\"e-con-inner\">\n\t\t\t\t<div class=\"elementor-element elementor-element-7fe2bbb elementor-widget elementor-widget-text-editor\" data-id=\"7fe2bbb\" data-element_type=\"widget\" data-e-type=\"widget\" data-widget_type=\"text-editor.default\">\n\t\t\t\t<div class=\"elementor-widget-container\">\n\t\t\t\t\t\t\t\t\t<p>F\u00fcr Maria Sharapova war 2006 ein ganz besonderes Jahr ihrer erfolgreichen Karriere: Mit bereits vier Turniersiegen im Gep\u00e4ck, darunter die US Open, setzte sie in Linz mit einem weiteren Titel die Kirsche auf die Torte \u2013 und das mit gerade einmal 19 Jahren!<br \/><br \/>Dabei sorgte Sharapova f\u00fcr eine wahren \u201eMaria Mania\u201c in Ober\u00f6sterreich. Dank \u201eMasha\u201c war Linz f\u00fcr eine Woche der Mittelpunkt der Tenniswelt. Sie dominierte die Konkurrenz fast nach Belieben, gewann alle ihre Matches ohne Satzverlust und entthronte im Endspiel auch Titelverteidigerin Nadja Petrova.<br \/><br \/>F\u00fcr Spielerinnen wie Sharapova ist der Begriff \u201eWeltstar\u201c erfunden worden. Schlie\u00dflich geh\u00f6rte die ehemalige Weltranglistenerste zum erlesenen Kreis der Spielerinnen, die alle Grand-Slam-Turniere mindestens einmal gewonnen konnte.\u00a0\u00a0Nach ihrem Sieg in Linz folgten in Sharapovas Laufbahn weitere 21 WTA-Titel. Allerdings war die Karriere auch von zahlreichen Verletzungen gepr\u00e4gt. Eine OP an der Schulter sorgte daf\u00fcr, dass sie ihr geplantes Comeback in Linz 2019 absagen musste. Was aber danach passierte, ist alles andere als selbstverst\u00e4ndlich. Trotz ihrer Verletzung lie\u00df es sich Sharapova nicht nehmen, dennoch nach Ober\u00f6sterreich zu kommen und sich den Fans zu zeigen, auch wenn sie nicht zum Schl\u00e4ger greifen konnte.<br \/><br \/>Ein Weltstar in Linz ganz nahe bei den Fans!<\/p>\t\t\t\t\t\t\t\t<\/div>\n\t\t\t\t<\/div>\n\t\t\t\t\t<\/div>\n\t\t\t\t<\/div>\n\t\t<div class=\"elementor-element elementor-element-7a26091 e-flex e-con-boxed e-con e-parent\" data-id=\"7a26091\" data-element_type=\"container\" data-e-type=\"container\">\n\t\t\t\t\t<div class=\"e-con-inner\">\n\t\t\t\t<div class=\"elementor-element elementor-element-fec87d6 elementor-widget elementor-widget-image\" data-id=\"fec87d6\" data-element_type=\"widget\" data-e-type=\"widget\" data-widget_type=\"image.default\">\n\t\t\t\t<div class=\"elementor-widget-container\">\n\t\t\t\t\t\t\t\t\t\t\t\t\t\t\t<img fetchpriority=\"high\" decoding=\"async\" width=\"800\" height=\"622\" src=\"https:\/\/ladieslinz.at\/wp-content\/uploads\/2026\/03\/2006_Maria-Sharapova--1024x796.jpg\" class=\"attachment-large size-large wp-image-13590\" alt=\"\" srcset=\"https:\/\/ladieslinz.at\/wp-content\/uploads\/2026\/03\/2006_Maria-Sharapova--1024x796.jpg 1024w, https:\/\/ladieslinz.at\/wp-content\/uploads\/2026\/03\/2006_Maria-Sharapova--300x233.jpg 300w, https:\/\/ladieslinz.at\/wp-content\/uploads\/2026\/03\/2006_Maria-Sharapova--768x597.jpg 768w, https:\/\/ladieslinz.at\/wp-content\/uploads\/2026\/03\/2006_Maria-Sharapova--1536x1194.jpg 1536w, https:\/\/ladieslinz.at\/wp-content\/uploads\/2026\/03\/2006_Maria-Sharapova--2048x1591.jpg 2048w, https:\/\/ladieslinz.at\/wp-content\/uploads\/2026\/03\/2006_Maria-Sharapova--15x12.jpg 15w\" sizes=\"(max-width: 800px) 100vw, 800px\" \/>\t\t\t\t\t\t\t\t\t\t\t\t\t\t\t<\/div>\n\t\t\t\t<\/div>\n\t\t\t\t\t<\/div>\n\t\t\t\t<\/div>\n\t\t\t\t<\/div>","protected":false},"excerpt":{"rendered":"<p>Ein absoluter Superstar Ein absoluter Superstar F\u00fcr Maria Sharapova war 2006 ein ganz besonderes Jahr ihrer erfolgreichen Karriere: Mit bereits vier Turniersiegen im Gep\u00e4ck, darunter die US Open, setzte sie in Linz mit einem weiteren Titel die Kirsche auf die Torte \u2013 und das mit gerade einmal 19 Jahren! Dabei sorgte Sharapova f\u00fcr eine wahren [&hellip;]<\/p>\n","protected":false},"author":4,"featured_media":0,"parent":10730,"menu_order":0,"comment_status":"closed","ping_status":"closed","template":"","meta":{"footnotes":""},"class_list":["post-13446","page","type-page","status-publish","hentry"],"yoast_head":"<!-- This site is optimized with the Yoast SEO plugin v27.0 - https:\/\/yoast.com\/product\/yoast-seo-wordpress\/ -->\n<title>2006: Maria Sharapova - Upper Austria Ladies Linz<\/title>\n<meta name=\"robots\" content=\"index, follow, max-snippet:-1, max-image-preview:large, max-video-preview:-1\" \/>\n<link rel=\"canonical\" href=\"https:\/\/ladieslinz.at\/en\/historie\/2006-maria-sharapova\/\" \/>\n<meta property=\"og:locale\" content=\"en_GB\" \/>\n<meta property=\"og:type\" content=\"article\" \/>\n<meta property=\"og:title\" content=\"2006: Maria Sharapova - Upper Austria Ladies Linz\" \/>\n<meta property=\"og:description\" content=\"Ein absoluter Superstar Ein absoluter Superstar F\u00fcr Maria Sharapova war 2006 ein ganz besonderes Jahr ihrer erfolgreichen Karriere: Mit bereits vier Turniersiegen im Gep\u00e4ck, darunter die US Open, setzte sie in Linz mit einem weiteren Titel die Kirsche auf die Torte \u2013 und das mit gerade einmal 19 Jahren! Dabei sorgte Sharapova f\u00fcr eine wahren [&hellip;]\" \/>\n<meta property=\"og:url\" content=\"https:\/\/ladieslinz.at\/en\/historie\/2006-maria-sharapova\/\" \/>\n<meta property=\"og:site_name\" content=\"Upper Austria Ladies Linz\" \/>\n<meta property=\"article:modified_time\" content=\"2026-04-05T07:03:22+00:00\" \/>\n<meta property=\"og:image\" content=\"https:\/\/ladieslinz.at\/wp-content\/uploads\/2026\/03\/2006_Maria-Sharapova-.jpg\" \/>\n\t<meta property=\"og:image:width\" content=\"2400\" \/>\n\t<meta property=\"og:image:height\" content=\"1865\" \/>\n\t<meta property=\"og:image:type\" content=\"image\/jpeg\" \/>\n<meta name=\"twitter:card\" content=\"summary_large_image\" \/>\n<meta name=\"twitter:site\" content=\"@WTALinz\" \/>\n<meta name=\"twitter:label1\" content=\"Estimated reading time\" \/>\n\t<meta name=\"twitter:data1\" content=\"2 minutes\" \/>\n<script type=\"application\/ld+json\" class=\"yoast-schema-graph\">{\"@context\":\"https:\/\/schema.org\",\"@graph\":[{\"@type\":\"WebPage\",\"@id\":\"https:\/\/ladieslinz.at\/historie\/2006-maria-sharapova\/\",\"url\":\"https:\/\/ladieslinz.at\/historie\/2006-maria-sharapova\/\",\"name\":\"2006: Maria Sharapova - Upper Austria Ladies Linz\",\"isPartOf\":{\"@id\":\"https:\/\/ladieslinz.at\/#website\"},\"primaryImageOfPage\":{\"@id\":\"https:\/\/ladieslinz.at\/historie\/2006-maria-sharapova\/#primaryimage\"},\"image\":{\"@id\":\"https:\/\/ladieslinz.at\/historie\/2006-maria-sharapova\/#primaryimage\"},\"thumbnailUrl\":\"https:\/\/ladieslinz.at\/wp-content\/uploads\/2026\/03\/2006_Maria-Sharapova--1024x796.jpg\",\"datePublished\":\"2026-04-05T07:00:44+00:00\",\"dateModified\":\"2026-04-05T07:03:22+00:00\",\"breadcrumb\":{\"@id\":\"https:\/\/ladieslinz.at\/historie\/2006-maria-sharapova\/#breadcrumb\"},\"inLanguage\":\"en-GB\",\"potentialAction\":[{\"@type\":\"ReadAction\",\"target\":[\"https:\/\/ladieslinz.at\/historie\/2006-maria-sharapova\/\"]}]},{\"@type\":\"ImageObject\",\"inLanguage\":\"en-GB\",\"@id\":\"https:\/\/ladieslinz.at\/historie\/2006-maria-sharapova\/#primaryimage\",\"url\":\"https:\/\/ladieslinz.at\/wp-content\/uploads\/2026\/03\/2006_Maria-Sharapova--1024x796.jpg\",\"contentUrl\":\"https:\/\/ladieslinz.at\/wp-content\/uploads\/2026\/03\/2006_Maria-Sharapova--1024x796.jpg\"},{\"@type\":\"BreadcrumbList\",\"@id\":\"https:\/\/ladieslinz.at\/historie\/2006-maria-sharapova\/#breadcrumb\",\"itemListElement\":[{\"@type\":\"ListItem\",\"position\":1,\"name\":\"Startseite\",\"item\":\"https:\/\/ladieslinz.at\/\"},{\"@type\":\"ListItem\",\"position\":2,\"name\":\"Historie\",\"item\":\"https:\/\/ladieslinz.at\/historie\/\"},{\"@type\":\"ListItem\",\"position\":3,\"name\":\"2006: Maria Sharapova\"}]},{\"@type\":\"WebSite\",\"@id\":\"https:\/\/ladieslinz.at\/#website\",\"url\":\"https:\/\/ladieslinz.at\/\",\"name\":\"Upper Austria Ladies Linz\",\"description\":\"WTA500 Tennis\",\"publisher\":{\"@id\":\"https:\/\/ladieslinz.at\/#organization\"},\"potentialAction\":[{\"@type\":\"SearchAction\",\"target\":{\"@type\":\"EntryPoint\",\"urlTemplate\":\"https:\/\/ladieslinz.at\/?s={search_term_string}\"},\"query-input\":{\"@type\":\"PropertyValueSpecification\",\"valueRequired\":true,\"valueName\":\"search_term_string\"}}],\"inLanguage\":\"en-GB\"},{\"@type\":\"Organization\",\"@id\":\"https:\/\/ladieslinz.at\/#organization\",\"name\":\"Upper Austria Ladies Linz\",\"url\":\"https:\/\/ladieslinz.at\/\",\"logo\":{\"@type\":\"ImageObject\",\"inLanguage\":\"en-GB\",\"@id\":\"https:\/\/ladieslinz.at\/#\/schema\/logo\/image\/\",\"url\":\"https:\/\/ladieslinz.at\/wp-content\/uploads\/2022\/09\/LOGO-Neg.png\",\"contentUrl\":\"https:\/\/ladieslinz.at\/wp-content\/uploads\/2022\/09\/LOGO-Neg.png\",\"width\":586,\"height\":221,\"caption\":\"Upper Austria Ladies Linz\"},\"image\":{\"@id\":\"https:\/\/ladieslinz.at\/#\/schema\/logo\/image\/\"},\"sameAs\":[\"https:\/\/x.com\/WTALinz\",\"https:\/\/www.instagram.com\/wtalinz\/?hl=de\"]}]}<\/script>\n<!-- \/ Yoast SEO plugin. -->","yoast_head_json":{"title":"2006: Maria Sharapova - Upper Austria Ladies Linz","robots":{"index":"index","follow":"follow","max-snippet":"max-snippet:-1","max-image-preview":"max-image-preview:large","max-video-preview":"max-video-preview:-1"},"canonical":"https:\/\/ladieslinz.at\/en\/historie\/2006-maria-sharapova\/","og_locale":"en_GB","og_type":"article","og_title":"2006: Maria Sharapova - Upper Austria Ladies Linz","og_description":"Ein absoluter Superstar Ein absoluter Superstar F\u00fcr Maria Sharapova war 2006 ein ganz besonderes Jahr ihrer erfolgreichen Karriere: Mit bereits vier Turniersiegen im Gep\u00e4ck, darunter die US Open, setzte sie in Linz mit einem weiteren Titel die Kirsche auf die Torte \u2013 und das mit gerade einmal 19 Jahren! Dabei sorgte Sharapova f\u00fcr eine wahren [&hellip;]","og_url":"https:\/\/ladieslinz.at\/en\/historie\/2006-maria-sharapova\/","og_site_name":"Upper Austria Ladies Linz","article_modified_time":"2026-04-05T07:03:22+00:00","og_image":[{"width":2400,"height":1865,"url":"https:\/\/ladieslinz.at\/wp-content\/uploads\/2026\/03\/2006_Maria-Sharapova-.jpg","type":"image\/jpeg"}],"twitter_card":"summary_large_image","twitter_site":"@WTALinz","twitter_misc":{"Estimated reading time":"2 minutes"},"schema":{"@context":"https:\/\/schema.org","@graph":[{"@type":"WebPage","@id":"https:\/\/ladieslinz.at\/historie\/2006-maria-sharapova\/","url":"https:\/\/ladieslinz.at\/historie\/2006-maria-sharapova\/","name":"2006: Maria Sharapova - Upper Austria Ladies Linz","isPartOf":{"@id":"https:\/\/ladieslinz.at\/#website"},"primaryImageOfPage":{"@id":"https:\/\/ladieslinz.at\/historie\/2006-maria-sharapova\/#primaryimage"},"image":{"@id":"https:\/\/ladieslinz.at\/historie\/2006-maria-sharapova\/#primaryimage"},"thumbnailUrl":"https:\/\/ladieslinz.at\/wp-content\/uploads\/2026\/03\/2006_Maria-Sharapova--1024x796.jpg","datePublished":"2026-04-05T07:00:44+00:00","dateModified":"2026-04-05T07:03:22+00:00","breadcrumb":{"@id":"https:\/\/ladieslinz.at\/historie\/2006-maria-sharapova\/#breadcrumb"},"inLanguage":"en-GB","potentialAction":[{"@type":"ReadAction","target":["https:\/\/ladieslinz.at\/historie\/2006-maria-sharapova\/"]}]},{"@type":"ImageObject","inLanguage":"en-GB","@id":"https:\/\/ladieslinz.at\/historie\/2006-maria-sharapova\/#primaryimage","url":"https:\/\/ladieslinz.at\/wp-content\/uploads\/2026\/03\/2006_Maria-Sharapova--1024x796.jpg","contentUrl":"https:\/\/ladieslinz.at\/wp-content\/uploads\/2026\/03\/2006_Maria-Sharapova--1024x796.jpg"},{"@type":"BreadcrumbList","@id":"https:\/\/ladieslinz.at\/historie\/2006-maria-sharapova\/#breadcrumb","itemListElement":[{"@type":"ListItem","position":1,"name":"Startseite","item":"https:\/\/ladieslinz.at\/"},{"@type":"ListItem","position":2,"name":"Historie","item":"https:\/\/ladieslinz.at\/historie\/"},{"@type":"ListItem","position":3,"name":"2006: Maria Sharapova"}]},{"@type":"WebSite","@id":"https:\/\/ladieslinz.at\/#website","url":"https:\/\/ladieslinz.at\/","name":"Upper Austria Ladies Linz","description":"WTA500 Tennis","publisher":{"@id":"https:\/\/ladieslinz.at\/#organization"},"potentialAction":[{"@type":"SearchAction","target":{"@type":"EntryPoint","urlTemplate":"https:\/\/ladieslinz.at\/?s={search_term_string}"},"query-input":{"@type":"PropertyValueSpecification","valueRequired":true,"valueName":"search_term_string"}}],"inLanguage":"en-GB"},{"@type":"Organization","@id":"https:\/\/ladieslinz.at\/#organization","name":"Upper Austria Ladies Linz","url":"https:\/\/ladieslinz.at\/","logo":{"@type":"ImageObject","inLanguage":"en-GB","@id":"https:\/\/ladieslinz.at\/#\/schema\/logo\/image\/","url":"https:\/\/ladieslinz.at\/wp-content\/uploads\/2022\/09\/LOGO-Neg.png","contentUrl":"https:\/\/ladieslinz.at\/wp-content\/uploads\/2022\/09\/LOGO-Neg.png","width":586,"height":221,"caption":"Upper Austria Ladies Linz"},"image":{"@id":"https:\/\/ladieslinz.at\/#\/schema\/logo\/image\/"},"sameAs":["https:\/\/x.com\/WTALinz","https:\/\/www.instagram.com\/wtalinz\/?hl=de"]}]}},"_links":{"self":[{"href":"https:\/\/ladieslinz.at\/en\/wp-json\/wp\/v2\/pages\/13446","targetHints":{"allow":["GET"]}}],"collection":[{"href":"https:\/\/ladieslinz.at\/en\/wp-json\/wp\/v2\/pages"}],"about":[{"href":"https:\/\/ladieslinz.at\/en\/wp-json\/wp\/v2\/types\/page"}],"author":[{"embeddable":true,"href":"https:\/\/ladieslinz.at\/en\/wp-json\/wp\/v2\/users\/4"}],"replies":[{"embeddable":true,"href":"https:\/\/ladieslinz.at\/en\/wp-json\/wp\/v2\/comments?post=13446"}],"version-history":[{"count":7,"href":"https:\/\/ladieslinz.at\/en\/wp-json\/wp\/v2\/pages\/13446\/revisions"}],"predecessor-version":[{"id":13871,"href":"https:\/\/ladieslinz.at\/en\/wp-json\/wp\/v2\/pages\/13446\/revisions\/13871"}],"up":[{"embeddable":true,"href":"https:\/\/ladieslinz.at\/en\/wp-json\/wp\/v2\/pages\/10730"}],"wp:attachment":[{"href":"https:\/\/ladieslinz.at\/en\/wp-json\/wp\/v2\/media?parent=13446"}],"curies":[{"name":"wp","href":"https:\/\/api.w.org\/{rel}","templated":true}]}}