{"id":13448,"date":"2026-03-10T18:51:28","date_gmt":"2026-03-10T17:51:28","guid":{"rendered":"https:\/\/ladieslinz.at\/?page_id=13448"},"modified":"2026-04-05T09:23:55","modified_gmt":"2026-04-05T07:23:55","slug":"2008-ana-ivanovic","status":"publish","type":"page","link":"https:\/\/ladieslinz.at\/en\/historie\/2008-ana-ivanovic\/","title":{"rendered":"2008: Ana Ivanovic"},"content":{"rendered":"<div data-elementor-type=\"wp-page\" data-elementor-id=\"13448\" class=\"elementor elementor-13448\" data-elementor-post-type=\"page\">\n\t\t\t\t<div class=\"elementor-element elementor-element-4fb1f63 e-con-full elementor-hidden-mobile e-flex e-con e-parent\" data-id=\"4fb1f63\" data-element_type=\"container\" data-e-type=\"container\">\n\t\t\t\t<div class=\"elementor-element elementor-element-65a6124 elementor-widget elementor-widget-heading\" data-id=\"65a6124\" data-element_type=\"widget\" data-e-type=\"widget\" data-widget_type=\"heading.default\">\n\t\t\t\t<div class=\"elementor-widget-container\">\n\t\t\t\t\t<h2 class=\"elementor-heading-title elementor-size-default\">Everybody\u2018s darling<\/h2>\t\t\t\t<\/div>\n\t\t\t\t<\/div>\n\t\t\t\t<\/div>\n\t\t<div class=\"elementor-element elementor-element-8446b7e e-flex e-con-boxed e-con e-parent\" data-id=\"8446b7e\" data-element_type=\"container\" data-e-type=\"container\">\n\t\t\t\t\t<div class=\"e-con-inner\">\n\t\t\t\t<div class=\"elementor-element elementor-element-6e1a656 elementor-hidden-desktop elementor-hidden-tablet_extra elementor-hidden-tablet elementor-widget elementor-widget-heading\" data-id=\"6e1a656\" data-element_type=\"widget\" data-e-type=\"widget\" data-widget_type=\"heading.default\">\n\t\t\t\t<div class=\"elementor-widget-container\">\n\t\t\t\t\t<h2 class=\"elementor-heading-title elementor-size-default\">Everybody\u2018s darling<\/h2>\t\t\t\t<\/div>\n\t\t\t\t<\/div>\n\t\t\t\t\t<\/div>\n\t\t\t\t<\/div>\n\t\t<div class=\"elementor-element elementor-element-39ded72 e-flex e-con-boxed e-con e-parent\" data-id=\"39ded72\" data-element_type=\"container\" data-e-type=\"container\">\n\t\t\t\t\t<div class=\"e-con-inner\">\n\t\t\t\t<div class=\"elementor-element elementor-element-11730ed elementor-widget elementor-widget-text-editor\" data-id=\"11730ed\" data-element_type=\"widget\" data-e-type=\"widget\" data-widget_type=\"text-editor.default\">\n\t\t\t\t<div class=\"elementor-widget-container\">\n\t\t\t\t\t\t\t\t\t<p>Glanz, Glamour und Rekorde! Ana Ivanovic hat sich nicht nur aufgrund ihrer beeindruckenden sportlichen Leistungen einen festen Platz in den Geschichtsb\u00fcchern des Upper Austria Ladies Linz gesichert und wurde zum absoluten Publikumsliebling.<\/p><p>2008 war mit dem French Open Sieg das wohl erfolgreichste Jahr ihrer Karriere. Auch in Linz war Ivanovic nicht aufzuhalten, lieferte auch im Finale gegen Vera Zvonareva eine echte Gala-Vorstellung und holte sich ihren ersten Titel in Ober\u00f6sterreich. Zwei Jahre sp\u00e4ter in der Zwischenzeit hatte sie kein einziges Turnier gewinnen k\u00f6nnen, setzte sie sich wieder gegen jegliche Konkurrenz durch und lieferte auch im Finale gegen Patty Schnyder wieder eine echte Gala-Vorstellung ab. Das \u201eLinzer Triple\u201c verhinderte lediglich Angelique Kerber, die sich 2013 im Duell der beiden Freundinnen behaupten konnte.<\/p><p>Ein ganz besonderer Titel ist Ivanovic aber nicht mehr zu nehmen: Als erfolgreichste Spielerin in der Geschichte des Upper Austria Linz hat die ober\u00f6sterreichische Landeshauptstadt im Herzen der ehemaligen Weltranglistenersten und French-Open-Siegerin von 2008 einen ganz besonderen Platz.<\/p><p>Das wurde auch 2024 deutlich, als Ana Ivanovic das Turnier besuchte. Sie f\u00fchlte sich sofort wieder wie zu Hause!\u00a0\u201eEs ist sch\u00f6n, Peter-Michael und Sandra Reichel oder Turnierbotschaften Babsi Schett wieder zu sehen. Es kommen in Linz\u00a0 viele Erinnerungen hoch. Ich freue mich, dass das Turnier upgegradet wurde, man hat hart daf\u00fcr gearbeitet! Es ist ein so sch\u00f6nes Turnier und die Leute hier k\u00fcmmern sich wirklich um die Spielerinnen\u201c, sagte die Serbin.\u00a0Ana Ivanovic &amp; Linz \u2013 das ist und bleibt eine ganz besondere Beziehung!<\/p>\t\t\t\t\t\t\t\t<\/div>\n\t\t\t\t<\/div>\n\t\t\t\t\t<\/div>\n\t\t\t\t<\/div>\n\t\t<div class=\"elementor-element elementor-element-6f69808 e-flex e-con-boxed e-con e-parent\" data-id=\"6f69808\" data-element_type=\"container\" data-e-type=\"container\">\n\t\t\t\t\t<div class=\"e-con-inner\">\n\t\t\t\t<div class=\"elementor-element elementor-element-1778a71 elementor-widget elementor-widget-image\" data-id=\"1778a71\" data-element_type=\"widget\" data-e-type=\"widget\" data-widget_type=\"image.default\">\n\t\t\t\t<div class=\"elementor-widget-container\">\n\t\t\t\t\t\t\t\t\t\t\t\t\t\t\t<img fetchpriority=\"high\" decoding=\"async\" width=\"800\" height=\"519\" src=\"https:\/\/ladieslinz.at\/wp-content\/uploads\/2026\/03\/2008_-Ana-Ivanovic-1024x664.jpg\" class=\"attachment-large size-large wp-image-13592\" alt=\"\" srcset=\"https:\/\/ladieslinz.at\/wp-content\/uploads\/2026\/03\/2008_-Ana-Ivanovic-1024x664.jpg 1024w, https:\/\/ladieslinz.at\/wp-content\/uploads\/2026\/03\/2008_-Ana-Ivanovic-300x195.jpg 300w, https:\/\/ladieslinz.at\/wp-content\/uploads\/2026\/03\/2008_-Ana-Ivanovic-768x498.jpg 768w, https:\/\/ladieslinz.at\/wp-content\/uploads\/2026\/03\/2008_-Ana-Ivanovic-1536x996.jpg 1536w, https:\/\/ladieslinz.at\/wp-content\/uploads\/2026\/03\/2008_-Ana-Ivanovic-2048x1328.jpg 2048w, https:\/\/ladieslinz.at\/wp-content\/uploads\/2026\/03\/2008_-Ana-Ivanovic-18x12.jpg 18w\" sizes=\"(max-width: 800px) 100vw, 800px\" \/>\t\t\t\t\t\t\t\t\t\t\t\t\t\t\t<\/div>\n\t\t\t\t<\/div>\n\t\t\t\t\t<\/div>\n\t\t\t\t<\/div>\n\t\t\t\t<\/div>","protected":false},"excerpt":{"rendered":"<p>Everybody\u2018s darling Everybody\u2018s darling Glanz, Glamour und Rekorde! Ana Ivanovic hat sich nicht nur aufgrund ihrer beeindruckenden sportlichen Leistungen einen festen Platz in den Geschichtsb\u00fcchern des Upper Austria Ladies Linz gesichert und wurde zum absoluten Publikumsliebling. 2008 war mit dem French Open Sieg das wohl erfolgreichste Jahr ihrer Karriere. Auch in Linz war Ivanovic nicht [&hellip;]<\/p>\n","protected":false},"author":4,"featured_media":0,"parent":10730,"menu_order":0,"comment_status":"closed","ping_status":"closed","template":"","meta":{"footnotes":""},"class_list":["post-13448","page","type-page","status-publish","hentry"],"yoast_head":"<!-- This site is optimized with the Yoast SEO plugin v27.0 - https:\/\/yoast.com\/product\/yoast-seo-wordpress\/ -->\n<title>2008: Ana Ivanovic - Upper Austria Ladies Linz<\/title>\n<meta name=\"robots\" content=\"index, follow, max-snippet:-1, max-image-preview:large, max-video-preview:-1\" \/>\n<link rel=\"canonical\" href=\"https:\/\/ladieslinz.at\/en\/historie\/2008-ana-ivanovic\/\" \/>\n<meta property=\"og:locale\" content=\"en_GB\" \/>\n<meta property=\"og:type\" content=\"article\" \/>\n<meta property=\"og:title\" content=\"2008: Ana Ivanovic - Upper Austria Ladies Linz\" \/>\n<meta property=\"og:description\" content=\"Everybody\u2018s darling Everybody\u2018s darling Glanz, Glamour und Rekorde! Ana Ivanovic hat sich nicht nur aufgrund ihrer beeindruckenden sportlichen Leistungen einen festen Platz in den Geschichtsb\u00fcchern des Upper Austria Ladies Linz gesichert und wurde zum absoluten Publikumsliebling. 2008 war mit dem French Open Sieg das wohl erfolgreichste Jahr ihrer Karriere. Auch in Linz war Ivanovic nicht [&hellip;]\" \/>\n<meta property=\"og:url\" content=\"https:\/\/ladieslinz.at\/en\/historie\/2008-ana-ivanovic\/\" \/>\n<meta property=\"og:site_name\" content=\"Upper Austria Ladies Linz\" \/>\n<meta property=\"article:modified_time\" content=\"2026-04-05T07:23:55+00:00\" \/>\n<meta property=\"og:image\" content=\"https:\/\/ladieslinz.at\/wp-content\/uploads\/2026\/03\/2008_-Ana-Ivanovic-scaled.jpg\" \/>\n\t<meta property=\"og:image:width\" content=\"2560\" \/>\n\t<meta property=\"og:image:height\" content=\"1660\" \/>\n\t<meta property=\"og:image:type\" content=\"image\/jpeg\" \/>\n<meta name=\"twitter:card\" content=\"summary_large_image\" \/>\n<meta name=\"twitter:site\" content=\"@WTALinz\" \/>\n<meta name=\"twitter:label1\" content=\"Estimated reading time\" \/>\n\t<meta name=\"twitter:data1\" content=\"2 minutes\" \/>\n<script type=\"application\/ld+json\" class=\"yoast-schema-graph\">{\"@context\":\"https:\/\/schema.org\",\"@graph\":[{\"@type\":\"WebPage\",\"@id\":\"https:\/\/ladieslinz.at\/historie\/2008-ana-ivanovic\/\",\"url\":\"https:\/\/ladieslinz.at\/historie\/2008-ana-ivanovic\/\",\"name\":\"2008: Ana Ivanovic - Upper Austria Ladies Linz\",\"isPartOf\":{\"@id\":\"https:\/\/ladieslinz.at\/#website\"},\"primaryImageOfPage\":{\"@id\":\"https:\/\/ladieslinz.at\/historie\/2008-ana-ivanovic\/#primaryimage\"},\"image\":{\"@id\":\"https:\/\/ladieslinz.at\/historie\/2008-ana-ivanovic\/#primaryimage\"},\"thumbnailUrl\":\"https:\/\/ladieslinz.at\/wp-content\/uploads\/2026\/03\/2008_-Ana-Ivanovic-1024x664.jpg\",\"datePublished\":\"2026-03-10T17:51:28+00:00\",\"dateModified\":\"2026-04-05T07:23:55+00:00\",\"breadcrumb\":{\"@id\":\"https:\/\/ladieslinz.at\/historie\/2008-ana-ivanovic\/#breadcrumb\"},\"inLanguage\":\"en-GB\",\"potentialAction\":[{\"@type\":\"ReadAction\",\"target\":[\"https:\/\/ladieslinz.at\/historie\/2008-ana-ivanovic\/\"]}]},{\"@type\":\"ImageObject\",\"inLanguage\":\"en-GB\",\"@id\":\"https:\/\/ladieslinz.at\/historie\/2008-ana-ivanovic\/#primaryimage\",\"url\":\"https:\/\/ladieslinz.at\/wp-content\/uploads\/2026\/03\/2008_-Ana-Ivanovic-1024x664.jpg\",\"contentUrl\":\"https:\/\/ladieslinz.at\/wp-content\/uploads\/2026\/03\/2008_-Ana-Ivanovic-1024x664.jpg\"},{\"@type\":\"BreadcrumbList\",\"@id\":\"https:\/\/ladieslinz.at\/historie\/2008-ana-ivanovic\/#breadcrumb\",\"itemListElement\":[{\"@type\":\"ListItem\",\"position\":1,\"name\":\"Startseite\",\"item\":\"https:\/\/ladieslinz.at\/\"},{\"@type\":\"ListItem\",\"position\":2,\"name\":\"Historie\",\"item\":\"https:\/\/ladieslinz.at\/historie\/\"},{\"@type\":\"ListItem\",\"position\":3,\"name\":\"2008: Ana Ivanovic\"}]},{\"@type\":\"WebSite\",\"@id\":\"https:\/\/ladieslinz.at\/#website\",\"url\":\"https:\/\/ladieslinz.at\/\",\"name\":\"Upper Austria Ladies Linz\",\"description\":\"WTA500 Tennis\",\"publisher\":{\"@id\":\"https:\/\/ladieslinz.at\/#organization\"},\"potentialAction\":[{\"@type\":\"SearchAction\",\"target\":{\"@type\":\"EntryPoint\",\"urlTemplate\":\"https:\/\/ladieslinz.at\/?s={search_term_string}\"},\"query-input\":{\"@type\":\"PropertyValueSpecification\",\"valueRequired\":true,\"valueName\":\"search_term_string\"}}],\"inLanguage\":\"en-GB\"},{\"@type\":\"Organization\",\"@id\":\"https:\/\/ladieslinz.at\/#organization\",\"name\":\"Upper Austria Ladies Linz\",\"url\":\"https:\/\/ladieslinz.at\/\",\"logo\":{\"@type\":\"ImageObject\",\"inLanguage\":\"en-GB\",\"@id\":\"https:\/\/ladieslinz.at\/#\/schema\/logo\/image\/\",\"url\":\"https:\/\/ladieslinz.at\/wp-content\/uploads\/2022\/09\/LOGO-Neg.png\",\"contentUrl\":\"https:\/\/ladieslinz.at\/wp-content\/uploads\/2022\/09\/LOGO-Neg.png\",\"width\":586,\"height\":221,\"caption\":\"Upper Austria Ladies Linz\"},\"image\":{\"@id\":\"https:\/\/ladieslinz.at\/#\/schema\/logo\/image\/\"},\"sameAs\":[\"https:\/\/x.com\/WTALinz\",\"https:\/\/www.instagram.com\/wtalinz\/?hl=de\"]}]}<\/script>\n<!-- \/ Yoast SEO plugin. -->","yoast_head_json":{"title":"2008: Ana Ivanovic - Upper Austria Ladies Linz","robots":{"index":"index","follow":"follow","max-snippet":"max-snippet:-1","max-image-preview":"max-image-preview:large","max-video-preview":"max-video-preview:-1"},"canonical":"https:\/\/ladieslinz.at\/en\/historie\/2008-ana-ivanovic\/","og_locale":"en_GB","og_type":"article","og_title":"2008: Ana Ivanovic - Upper Austria Ladies Linz","og_description":"Everybody\u2018s darling Everybody\u2018s darling Glanz, Glamour und Rekorde! Ana Ivanovic hat sich nicht nur aufgrund ihrer beeindruckenden sportlichen Leistungen einen festen Platz in den Geschichtsb\u00fcchern des Upper Austria Ladies Linz gesichert und wurde zum absoluten Publikumsliebling. 2008 war mit dem French Open Sieg das wohl erfolgreichste Jahr ihrer Karriere. Auch in Linz war Ivanovic nicht [&hellip;]","og_url":"https:\/\/ladieslinz.at\/en\/historie\/2008-ana-ivanovic\/","og_site_name":"Upper Austria Ladies Linz","article_modified_time":"2026-04-05T07:23:55+00:00","og_image":[{"width":2560,"height":1660,"url":"https:\/\/ladieslinz.at\/wp-content\/uploads\/2026\/03\/2008_-Ana-Ivanovic-scaled.jpg","type":"image\/jpeg"}],"twitter_card":"summary_large_image","twitter_site":"@WTALinz","twitter_misc":{"Estimated reading time":"2 minutes"},"schema":{"@context":"https:\/\/schema.org","@graph":[{"@type":"WebPage","@id":"https:\/\/ladieslinz.at\/historie\/2008-ana-ivanovic\/","url":"https:\/\/ladieslinz.at\/historie\/2008-ana-ivanovic\/","name":"2008: Ana Ivanovic - Upper Austria Ladies Linz","isPartOf":{"@id":"https:\/\/ladieslinz.at\/#website"},"primaryImageOfPage":{"@id":"https:\/\/ladieslinz.at\/historie\/2008-ana-ivanovic\/#primaryimage"},"image":{"@id":"https:\/\/ladieslinz.at\/historie\/2008-ana-ivanovic\/#primaryimage"},"thumbnailUrl":"https:\/\/ladieslinz.at\/wp-content\/uploads\/2026\/03\/2008_-Ana-Ivanovic-1024x664.jpg","datePublished":"2026-03-10T17:51:28+00:00","dateModified":"2026-04-05T07:23:55+00:00","breadcrumb":{"@id":"https:\/\/ladieslinz.at\/historie\/2008-ana-ivanovic\/#breadcrumb"},"inLanguage":"en-GB","potentialAction":[{"@type":"ReadAction","target":["https:\/\/ladieslinz.at\/historie\/2008-ana-ivanovic\/"]}]},{"@type":"ImageObject","inLanguage":"en-GB","@id":"https:\/\/ladieslinz.at\/historie\/2008-ana-ivanovic\/#primaryimage","url":"https:\/\/ladieslinz.at\/wp-content\/uploads\/2026\/03\/2008_-Ana-Ivanovic-1024x664.jpg","contentUrl":"https:\/\/ladieslinz.at\/wp-content\/uploads\/2026\/03\/2008_-Ana-Ivanovic-1024x664.jpg"},{"@type":"BreadcrumbList","@id":"https:\/\/ladieslinz.at\/historie\/2008-ana-ivanovic\/#breadcrumb","itemListElement":[{"@type":"ListItem","position":1,"name":"Startseite","item":"https:\/\/ladieslinz.at\/"},{"@type":"ListItem","position":2,"name":"Historie","item":"https:\/\/ladieslinz.at\/historie\/"},{"@type":"ListItem","position":3,"name":"2008: Ana Ivanovic"}]},{"@type":"WebSite","@id":"https:\/\/ladieslinz.at\/#website","url":"https:\/\/ladieslinz.at\/","name":"Upper Austria Ladies Linz","description":"WTA500 Tennis","publisher":{"@id":"https:\/\/ladieslinz.at\/#organization"},"potentialAction":[{"@type":"SearchAction","target":{"@type":"EntryPoint","urlTemplate":"https:\/\/ladieslinz.at\/?s={search_term_string}"},"query-input":{"@type":"PropertyValueSpecification","valueRequired":true,"valueName":"search_term_string"}}],"inLanguage":"en-GB"},{"@type":"Organization","@id":"https:\/\/ladieslinz.at\/#organization","name":"Upper Austria Ladies Linz","url":"https:\/\/ladieslinz.at\/","logo":{"@type":"ImageObject","inLanguage":"en-GB","@id":"https:\/\/ladieslinz.at\/#\/schema\/logo\/image\/","url":"https:\/\/ladieslinz.at\/wp-content\/uploads\/2022\/09\/LOGO-Neg.png","contentUrl":"https:\/\/ladieslinz.at\/wp-content\/uploads\/2022\/09\/LOGO-Neg.png","width":586,"height":221,"caption":"Upper Austria Ladies Linz"},"image":{"@id":"https:\/\/ladieslinz.at\/#\/schema\/logo\/image\/"},"sameAs":["https:\/\/x.com\/WTALinz","https:\/\/www.instagram.com\/wtalinz\/?hl=de"]}]}},"_links":{"self":[{"href":"https:\/\/ladieslinz.at\/en\/wp-json\/wp\/v2\/pages\/13448","targetHints":{"allow":["GET"]}}],"collection":[{"href":"https:\/\/ladieslinz.at\/en\/wp-json\/wp\/v2\/pages"}],"about":[{"href":"https:\/\/ladieslinz.at\/en\/wp-json\/wp\/v2\/types\/page"}],"author":[{"embeddable":true,"href":"https:\/\/ladieslinz.at\/en\/wp-json\/wp\/v2\/users\/4"}],"replies":[{"embeddable":true,"href":"https:\/\/ladieslinz.at\/en\/wp-json\/wp\/v2\/comments?post=13448"}],"version-history":[{"count":4,"href":"https:\/\/ladieslinz.at\/en\/wp-json\/wp\/v2\/pages\/13448\/revisions"}],"predecessor-version":[{"id":13877,"href":"https:\/\/ladieslinz.at\/en\/wp-json\/wp\/v2\/pages\/13448\/revisions\/13877"}],"up":[{"embeddable":true,"href":"https:\/\/ladieslinz.at\/en\/wp-json\/wp\/v2\/pages\/10730"}],"wp:attachment":[{"href":"https:\/\/ladieslinz.at\/en\/wp-json\/wp\/v2\/media?parent=13448"}],"curies":[{"name":"wp","href":"https:\/\/api.w.org\/{rel}","templated":true}]}}