{"id":13450,"date":"2026-04-05T09:34:07","date_gmt":"2026-04-05T07:34:07","guid":{"rendered":"https:\/\/ladieslinz.at\/?page_id=13450"},"modified":"2026-04-05T09:41:10","modified_gmt":"2026-04-05T07:41:10","slug":"2010-sybille-bammer","status":"publish","type":"page","link":"https:\/\/ladieslinz.at\/en\/historie\/2010-sybille-bammer\/","title":{"rendered":"2010: Sybille Bammer"},"content":{"rendered":"<div data-elementor-type=\"wp-page\" data-elementor-id=\"13450\" class=\"elementor elementor-13450\" data-elementor-post-type=\"page\">\n\t\t\t\t<div class=\"elementor-element elementor-element-3aa2849 e-con-full elementor-hidden-mobile e-flex e-con e-parent\" data-id=\"3aa2849\" data-element_type=\"container\" data-e-type=\"container\">\n\t\t\t\t<div class=\"elementor-element elementor-element-dda79bc elementor-widget elementor-widget-heading\" data-id=\"dda79bc\" data-element_type=\"widget\" data-e-type=\"widget\" data-widget_type=\"heading.default\">\n\t\t\t\t<div class=\"elementor-widget-container\">\n\t\t\t\t\t<h2 class=\"elementor-heading-title elementor-size-default\">Multitasking der Spitzenklasse<\/h2>\t\t\t\t<\/div>\n\t\t\t\t<\/div>\n\t\t\t\t<\/div>\n\t\t<div class=\"elementor-element elementor-element-b22d270 e-flex e-con-boxed e-con e-parent\" data-id=\"b22d270\" data-element_type=\"container\" data-e-type=\"container\">\n\t\t\t\t\t<div class=\"e-con-inner\">\n\t\t\t\t<div class=\"elementor-element elementor-element-baf5ee8 elementor-hidden-desktop elementor-hidden-tablet_extra elementor-hidden-tablet elementor-widget elementor-widget-heading\" data-id=\"baf5ee8\" data-element_type=\"widget\" data-e-type=\"widget\" data-widget_type=\"heading.default\">\n\t\t\t\t<div class=\"elementor-widget-container\">\n\t\t\t\t\t<h2 class=\"elementor-heading-title elementor-size-default\">Multitasking der Spitzenklasse<\/h2>\t\t\t\t<\/div>\n\t\t\t\t<\/div>\n\t\t\t\t\t<\/div>\n\t\t\t\t<\/div>\n\t\t<div class=\"elementor-element elementor-element-4bed801 e-flex e-con-boxed e-con e-parent\" data-id=\"4bed801\" data-element_type=\"container\" data-e-type=\"container\">\n\t\t\t\t\t<div class=\"e-con-inner\">\n\t\t\t\t<div class=\"elementor-element elementor-element-4eb9f0c elementor-widget elementor-widget-text-editor\" data-id=\"4eb9f0c\" data-element_type=\"widget\" data-e-type=\"widget\" data-widget_type=\"text-editor.default\">\n\t\t\t\t<div class=\"elementor-widget-container\">\n\t\t\t\t\t\t\t\t\t<p>Das Leben schreibt manchmal die sch\u00f6nsten Geschichten: Als eine der ersten M\u00fctter auf der Tour kehrte die Sybille Bammer ein Jahr nach der Geburt ihrer Tochter Tina im Jahr 2001 wieder auf den Tennisplatz zur\u00fcck und erlebte die erfolgreichste Zeit ihrer Tenniskarriere. \u201eBille\u201c Bammer gewann gegen Weltstars wie Serena Williams, und schaffte den Einzug in die Top20 im WTA-Ranking \u2013 als Mama spielte sie ihr bestes Tennis.<\/p><p>Und zuhause war es sowieso immer am sch\u00f6nsten! Die geb\u00fcrtige Linzerin fieberte ihrem Heimturnier, bei dem sie insgesamt neunmal am Start war, immer besonders entgegen und feierte im Jahr 2005 ihren gr\u00f6\u00dften Erfolg, als sie den Sprung unter die besten Acht schaffte und im Viertelfinale erst nach gro\u00dfem Kampf gegen Nadja Petrova verlor.<\/p><p>\u201eIch habe nach der Geburt meiner Tochter erkannt, dass das meine letzte Chance ist. Ich wollte nach der Geburt gar nicht mehr anfangen. Aber mein Lebensgef\u00e4hrte meinte: \u201eDu bist erst 21 Jahre alt, probiere es noch einmal.\u201c Er hat an mich geglaubt \u2013 und ich habe alles gegeben\u201c, meinte Bammer in einem Interview mit \u201eDie Presse\u201c zu ihrem Karriereende beim Turnier in Bad Gastein, das ebenfalls von Sandra Reichel und ihrem Team organisiert wurde, im Jahr 2011.<\/p><p>Sybille Bammer \u2013 eine Linzerin als Vorbild und Inspiration. Sie hat als eine der ersten gezeigt, wie sich Mutterschaft und Leistungssport kombinieren lassen.<\/p>\t\t\t\t\t\t\t\t<\/div>\n\t\t\t\t<\/div>\n\t\t\t\t\t<\/div>\n\t\t\t\t<\/div>\n\t\t<div class=\"elementor-element elementor-element-aeef4b9 e-flex e-con-boxed e-con e-parent\" data-id=\"aeef4b9\" data-element_type=\"container\" data-e-type=\"container\">\n\t\t\t\t\t<div class=\"e-con-inner\">\n\t\t\t\t<div class=\"elementor-element elementor-element-25de3f8 elementor-widget elementor-widget-image\" data-id=\"25de3f8\" data-element_type=\"widget\" data-e-type=\"widget\" data-widget_type=\"image.default\">\n\t\t\t\t<div class=\"elementor-widget-container\">\n\t\t\t\t\t\t\t\t\t\t\t\t\t\t\t<img fetchpriority=\"high\" decoding=\"async\" width=\"800\" height=\"538\" src=\"https:\/\/ladieslinz.at\/wp-content\/uploads\/2026\/03\/2010_Sybille-Bammer-1024x688.jpg\" class=\"attachment-large size-large wp-image-13602\" alt=\"\" srcset=\"https:\/\/ladieslinz.at\/wp-content\/uploads\/2026\/03\/2010_Sybille-Bammer-1024x688.jpg 1024w, https:\/\/ladieslinz.at\/wp-content\/uploads\/2026\/03\/2010_Sybille-Bammer-300x202.jpg 300w, https:\/\/ladieslinz.at\/wp-content\/uploads\/2026\/03\/2010_Sybille-Bammer-768x516.jpg 768w, https:\/\/ladieslinz.at\/wp-content\/uploads\/2026\/03\/2010_Sybille-Bammer-1536x1032.jpg 1536w, https:\/\/ladieslinz.at\/wp-content\/uploads\/2026\/03\/2010_Sybille-Bammer-2048x1376.jpg 2048w, https:\/\/ladieslinz.at\/wp-content\/uploads\/2026\/03\/2010_Sybille-Bammer-18x12.jpg 18w\" sizes=\"(max-width: 800px) 100vw, 800px\" \/>\t\t\t\t\t\t\t\t\t\t\t\t\t\t\t<\/div>\n\t\t\t\t<\/div>\n\t\t\t\t\t<\/div>\n\t\t\t\t<\/div>\n\t\t\t\t<\/div>","protected":false},"excerpt":{"rendered":"<p>Multitasking der Spitzenklasse Multitasking der Spitzenklasse Das Leben schreibt manchmal die sch\u00f6nsten Geschichten: Als eine der ersten M\u00fctter auf der Tour kehrte die Sybille Bammer ein Jahr nach der Geburt ihrer Tochter Tina im Jahr 2001 wieder auf den Tennisplatz zur\u00fcck und erlebte die erfolgreichste Zeit ihrer Tenniskarriere. \u201eBille\u201c Bammer gewann gegen Weltstars wie Serena [&hellip;]<\/p>\n","protected":false},"author":4,"featured_media":0,"parent":10730,"menu_order":0,"comment_status":"closed","ping_status":"closed","template":"","meta":{"footnotes":""},"class_list":["post-13450","page","type-page","status-publish","hentry"],"yoast_head":"<!-- This site is optimized with the Yoast SEO plugin v27.0 - https:\/\/yoast.com\/product\/yoast-seo-wordpress\/ -->\n<title>2010: Sybille Bammer - Upper Austria Ladies Linz<\/title>\n<meta name=\"robots\" content=\"index, follow, max-snippet:-1, max-image-preview:large, max-video-preview:-1\" \/>\n<link rel=\"canonical\" href=\"https:\/\/ladieslinz.at\/en\/historie\/2010-sybille-bammer\/\" \/>\n<meta property=\"og:locale\" content=\"en_GB\" \/>\n<meta property=\"og:type\" content=\"article\" \/>\n<meta property=\"og:title\" content=\"2010: Sybille Bammer - Upper Austria Ladies Linz\" \/>\n<meta property=\"og:description\" content=\"Multitasking der Spitzenklasse Multitasking der Spitzenklasse Das Leben schreibt manchmal die sch\u00f6nsten Geschichten: Als eine der ersten M\u00fctter auf der Tour kehrte die Sybille Bammer ein Jahr nach der Geburt ihrer Tochter Tina im Jahr 2001 wieder auf den Tennisplatz zur\u00fcck und erlebte die erfolgreichste Zeit ihrer Tenniskarriere. \u201eBille\u201c Bammer gewann gegen Weltstars wie Serena [&hellip;]\" \/>\n<meta property=\"og:url\" content=\"https:\/\/ladieslinz.at\/en\/historie\/2010-sybille-bammer\/\" \/>\n<meta property=\"og:site_name\" content=\"Upper Austria Ladies Linz\" \/>\n<meta property=\"article:modified_time\" content=\"2026-04-05T07:41:10+00:00\" \/>\n<meta property=\"og:image\" content=\"https:\/\/ladieslinz.at\/wp-content\/uploads\/2026\/03\/2010_Sybille-Bammer-scaled.jpg\" \/>\n\t<meta property=\"og:image:width\" content=\"2560\" \/>\n\t<meta property=\"og:image:height\" content=\"1719\" \/>\n\t<meta property=\"og:image:type\" content=\"image\/jpeg\" \/>\n<meta name=\"twitter:card\" content=\"summary_large_image\" \/>\n<meta name=\"twitter:site\" content=\"@WTALinz\" \/>\n<meta name=\"twitter:label1\" content=\"Estimated reading time\" \/>\n\t<meta name=\"twitter:data1\" content=\"2 minutes\" \/>\n<script type=\"application\/ld+json\" class=\"yoast-schema-graph\">{\"@context\":\"https:\/\/schema.org\",\"@graph\":[{\"@type\":\"WebPage\",\"@id\":\"https:\/\/ladieslinz.at\/historie\/2010-sybille-bammer\/\",\"url\":\"https:\/\/ladieslinz.at\/historie\/2010-sybille-bammer\/\",\"name\":\"2010: Sybille Bammer - Upper Austria Ladies Linz\",\"isPartOf\":{\"@id\":\"https:\/\/ladieslinz.at\/#website\"},\"primaryImageOfPage\":{\"@id\":\"https:\/\/ladieslinz.at\/historie\/2010-sybille-bammer\/#primaryimage\"},\"image\":{\"@id\":\"https:\/\/ladieslinz.at\/historie\/2010-sybille-bammer\/#primaryimage\"},\"thumbnailUrl\":\"https:\/\/ladieslinz.at\/wp-content\/uploads\/2026\/03\/2010_Sybille-Bammer-1024x688.jpg\",\"datePublished\":\"2026-04-05T07:34:07+00:00\",\"dateModified\":\"2026-04-05T07:41:10+00:00\",\"breadcrumb\":{\"@id\":\"https:\/\/ladieslinz.at\/historie\/2010-sybille-bammer\/#breadcrumb\"},\"inLanguage\":\"en-GB\",\"potentialAction\":[{\"@type\":\"ReadAction\",\"target\":[\"https:\/\/ladieslinz.at\/historie\/2010-sybille-bammer\/\"]}]},{\"@type\":\"ImageObject\",\"inLanguage\":\"en-GB\",\"@id\":\"https:\/\/ladieslinz.at\/historie\/2010-sybille-bammer\/#primaryimage\",\"url\":\"https:\/\/ladieslinz.at\/wp-content\/uploads\/2026\/03\/2010_Sybille-Bammer-1024x688.jpg\",\"contentUrl\":\"https:\/\/ladieslinz.at\/wp-content\/uploads\/2026\/03\/2010_Sybille-Bammer-1024x688.jpg\"},{\"@type\":\"BreadcrumbList\",\"@id\":\"https:\/\/ladieslinz.at\/historie\/2010-sybille-bammer\/#breadcrumb\",\"itemListElement\":[{\"@type\":\"ListItem\",\"position\":1,\"name\":\"Startseite\",\"item\":\"https:\/\/ladieslinz.at\/\"},{\"@type\":\"ListItem\",\"position\":2,\"name\":\"Historie\",\"item\":\"https:\/\/ladieslinz.at\/historie\/\"},{\"@type\":\"ListItem\",\"position\":3,\"name\":\"2010: Sybille Bammer\"}]},{\"@type\":\"WebSite\",\"@id\":\"https:\/\/ladieslinz.at\/#website\",\"url\":\"https:\/\/ladieslinz.at\/\",\"name\":\"Upper Austria Ladies Linz\",\"description\":\"WTA500 Tennis\",\"publisher\":{\"@id\":\"https:\/\/ladieslinz.at\/#organization\"},\"potentialAction\":[{\"@type\":\"SearchAction\",\"target\":{\"@type\":\"EntryPoint\",\"urlTemplate\":\"https:\/\/ladieslinz.at\/?s={search_term_string}\"},\"query-input\":{\"@type\":\"PropertyValueSpecification\",\"valueRequired\":true,\"valueName\":\"search_term_string\"}}],\"inLanguage\":\"en-GB\"},{\"@type\":\"Organization\",\"@id\":\"https:\/\/ladieslinz.at\/#organization\",\"name\":\"Upper Austria Ladies Linz\",\"url\":\"https:\/\/ladieslinz.at\/\",\"logo\":{\"@type\":\"ImageObject\",\"inLanguage\":\"en-GB\",\"@id\":\"https:\/\/ladieslinz.at\/#\/schema\/logo\/image\/\",\"url\":\"https:\/\/ladieslinz.at\/wp-content\/uploads\/2022\/09\/LOGO-Neg.png\",\"contentUrl\":\"https:\/\/ladieslinz.at\/wp-content\/uploads\/2022\/09\/LOGO-Neg.png\",\"width\":586,\"height\":221,\"caption\":\"Upper Austria Ladies Linz\"},\"image\":{\"@id\":\"https:\/\/ladieslinz.at\/#\/schema\/logo\/image\/\"},\"sameAs\":[\"https:\/\/x.com\/WTALinz\",\"https:\/\/www.instagram.com\/wtalinz\/?hl=de\"]}]}<\/script>\n<!-- \/ Yoast SEO plugin. -->","yoast_head_json":{"title":"2010: Sybille Bammer - Upper Austria Ladies Linz","robots":{"index":"index","follow":"follow","max-snippet":"max-snippet:-1","max-image-preview":"max-image-preview:large","max-video-preview":"max-video-preview:-1"},"canonical":"https:\/\/ladieslinz.at\/en\/historie\/2010-sybille-bammer\/","og_locale":"en_GB","og_type":"article","og_title":"2010: Sybille Bammer - Upper Austria Ladies Linz","og_description":"Multitasking der Spitzenklasse Multitasking der Spitzenklasse Das Leben schreibt manchmal die sch\u00f6nsten Geschichten: Als eine der ersten M\u00fctter auf der Tour kehrte die Sybille Bammer ein Jahr nach der Geburt ihrer Tochter Tina im Jahr 2001 wieder auf den Tennisplatz zur\u00fcck und erlebte die erfolgreichste Zeit ihrer Tenniskarriere. \u201eBille\u201c Bammer gewann gegen Weltstars wie Serena [&hellip;]","og_url":"https:\/\/ladieslinz.at\/en\/historie\/2010-sybille-bammer\/","og_site_name":"Upper Austria Ladies Linz","article_modified_time":"2026-04-05T07:41:10+00:00","og_image":[{"width":2560,"height":1719,"url":"https:\/\/ladieslinz.at\/wp-content\/uploads\/2026\/03\/2010_Sybille-Bammer-scaled.jpg","type":"image\/jpeg"}],"twitter_card":"summary_large_image","twitter_site":"@WTALinz","twitter_misc":{"Estimated reading time":"2 minutes"},"schema":{"@context":"https:\/\/schema.org","@graph":[{"@type":"WebPage","@id":"https:\/\/ladieslinz.at\/historie\/2010-sybille-bammer\/","url":"https:\/\/ladieslinz.at\/historie\/2010-sybille-bammer\/","name":"2010: Sybille Bammer - Upper Austria Ladies Linz","isPartOf":{"@id":"https:\/\/ladieslinz.at\/#website"},"primaryImageOfPage":{"@id":"https:\/\/ladieslinz.at\/historie\/2010-sybille-bammer\/#primaryimage"},"image":{"@id":"https:\/\/ladieslinz.at\/historie\/2010-sybille-bammer\/#primaryimage"},"thumbnailUrl":"https:\/\/ladieslinz.at\/wp-content\/uploads\/2026\/03\/2010_Sybille-Bammer-1024x688.jpg","datePublished":"2026-04-05T07:34:07+00:00","dateModified":"2026-04-05T07:41:10+00:00","breadcrumb":{"@id":"https:\/\/ladieslinz.at\/historie\/2010-sybille-bammer\/#breadcrumb"},"inLanguage":"en-GB","potentialAction":[{"@type":"ReadAction","target":["https:\/\/ladieslinz.at\/historie\/2010-sybille-bammer\/"]}]},{"@type":"ImageObject","inLanguage":"en-GB","@id":"https:\/\/ladieslinz.at\/historie\/2010-sybille-bammer\/#primaryimage","url":"https:\/\/ladieslinz.at\/wp-content\/uploads\/2026\/03\/2010_Sybille-Bammer-1024x688.jpg","contentUrl":"https:\/\/ladieslinz.at\/wp-content\/uploads\/2026\/03\/2010_Sybille-Bammer-1024x688.jpg"},{"@type":"BreadcrumbList","@id":"https:\/\/ladieslinz.at\/historie\/2010-sybille-bammer\/#breadcrumb","itemListElement":[{"@type":"ListItem","position":1,"name":"Startseite","item":"https:\/\/ladieslinz.at\/"},{"@type":"ListItem","position":2,"name":"Historie","item":"https:\/\/ladieslinz.at\/historie\/"},{"@type":"ListItem","position":3,"name":"2010: Sybille Bammer"}]},{"@type":"WebSite","@id":"https:\/\/ladieslinz.at\/#website","url":"https:\/\/ladieslinz.at\/","name":"Upper Austria Ladies Linz","description":"WTA500 Tennis","publisher":{"@id":"https:\/\/ladieslinz.at\/#organization"},"potentialAction":[{"@type":"SearchAction","target":{"@type":"EntryPoint","urlTemplate":"https:\/\/ladieslinz.at\/?s={search_term_string}"},"query-input":{"@type":"PropertyValueSpecification","valueRequired":true,"valueName":"search_term_string"}}],"inLanguage":"en-GB"},{"@type":"Organization","@id":"https:\/\/ladieslinz.at\/#organization","name":"Upper Austria Ladies Linz","url":"https:\/\/ladieslinz.at\/","logo":{"@type":"ImageObject","inLanguage":"en-GB","@id":"https:\/\/ladieslinz.at\/#\/schema\/logo\/image\/","url":"https:\/\/ladieslinz.at\/wp-content\/uploads\/2022\/09\/LOGO-Neg.png","contentUrl":"https:\/\/ladieslinz.at\/wp-content\/uploads\/2022\/09\/LOGO-Neg.png","width":586,"height":221,"caption":"Upper Austria Ladies Linz"},"image":{"@id":"https:\/\/ladieslinz.at\/#\/schema\/logo\/image\/"},"sameAs":["https:\/\/x.com\/WTALinz","https:\/\/www.instagram.com\/wtalinz\/?hl=de"]}]}},"_links":{"self":[{"href":"https:\/\/ladieslinz.at\/en\/wp-json\/wp\/v2\/pages\/13450","targetHints":{"allow":["GET"]}}],"collection":[{"href":"https:\/\/ladieslinz.at\/en\/wp-json\/wp\/v2\/pages"}],"about":[{"href":"https:\/\/ladieslinz.at\/en\/wp-json\/wp\/v2\/types\/page"}],"author":[{"embeddable":true,"href":"https:\/\/ladieslinz.at\/en\/wp-json\/wp\/v2\/users\/4"}],"replies":[{"embeddable":true,"href":"https:\/\/ladieslinz.at\/en\/wp-json\/wp\/v2\/comments?post=13450"}],"version-history":[{"count":7,"href":"https:\/\/ladieslinz.at\/en\/wp-json\/wp\/v2\/pages\/13450\/revisions"}],"predecessor-version":[{"id":13887,"href":"https:\/\/ladieslinz.at\/en\/wp-json\/wp\/v2\/pages\/13450\/revisions\/13887"}],"up":[{"embeddable":true,"href":"https:\/\/ladieslinz.at\/en\/wp-json\/wp\/v2\/pages\/10730"}],"wp:attachment":[{"href":"https:\/\/ladieslinz.at\/en\/wp-json\/wp\/v2\/media?parent=13450"}],"curies":[{"name":"wp","href":"https:\/\/api.w.org\/{rel}","templated":true}]}}