{"id":2132,"date":"2023-01-25T11:25:30","date_gmt":"2023-01-25T10:25:30","guid":{"rendered":"https:\/\/ladieslinz.at\/?page_id=2132"},"modified":"2024-11-05T14:56:00","modified_gmt":"2024-11-05T13:56:00","slug":"green-event","status":"publish","type":"page","link":"https:\/\/ladieslinz.at\/en\/green-event\/","title":{"rendered":"Green Event"},"content":{"rendered":"<div data-elementor-type=\"wp-page\" data-elementor-id=\"2132\" class=\"elementor elementor-2132\" data-elementor-post-type=\"page\">\n\t\t\t\t\t\t<section class=\"elementor-section elementor-top-section elementor-element elementor-element-4e699f80 elementor-section-boxed elementor-section-height-default elementor-section-height-default\" data-id=\"4e699f80\" data-element_type=\"section\" data-e-type=\"section\" data-settings=\"{&quot;background_background&quot;:&quot;classic&quot;}\">\n\t\t\t\t\t\t<div class=\"elementor-container elementor-column-gap-default\">\n\t\t\t\t\t<div class=\"elementor-column elementor-col-100 elementor-top-column elementor-element elementor-element-34aad0a6\" data-id=\"34aad0a6\" data-element_type=\"column\" data-e-type=\"column\">\n\t\t\t<div class=\"elementor-widget-wrap elementor-element-populated\">\n\t\t\t\t\t\t<div class=\"elementor-element elementor-element-6969b857 elementor-widget elementor-widget-heading\" data-id=\"6969b857\" data-element_type=\"widget\" data-e-type=\"widget\" data-widget_type=\"heading.default\">\n\t\t\t\t<div class=\"elementor-widget-container\">\n\t\t\t\t\t<h1 class=\"elementor-heading-title elementor-size-default\">Green Event <\/h1>\t\t\t\t<\/div>\n\t\t\t\t<\/div>\n\t\t\t\t\t<\/div>\n\t\t<\/div>\n\t\t\t\t\t<\/div>\n\t\t<\/section>\n\t\t\t\t<section class=\"elementor-section elementor-top-section elementor-element elementor-element-36a97812 elementor-section-boxed elementor-section-height-default elementor-section-height-default\" data-id=\"36a97812\" data-element_type=\"section\" data-e-type=\"section\" data-settings=\"{&quot;background_background&quot;:&quot;classic&quot;}\">\n\t\t\t\t\t\t<div class=\"elementor-container elementor-column-gap-default\">\n\t\t\t\t\t<div class=\"elementor-column elementor-col-100 elementor-top-column elementor-element elementor-element-b1de5bc\" data-id=\"b1de5bc\" data-element_type=\"column\" data-e-type=\"column\">\n\t\t\t<div class=\"elementor-widget-wrap elementor-element-populated\">\n\t\t\t\t\t\t<div class=\"elementor-element elementor-element-21080b0 elementor-widget elementor-widget-image\" data-id=\"21080b0\" data-element_type=\"widget\" data-e-type=\"widget\" data-widget_type=\"image.default\">\n\t\t\t\t<div class=\"elementor-widget-container\">\n\t\t\t\t\t\t\t\t\t\t\t\t<figure class=\"wp-caption\">\n\t\t\t\t\t\t\t\t\t\t<img fetchpriority=\"high\" decoding=\"async\" width=\"800\" height=\"484\" src=\"https:\/\/ladieslinz.at\/wp-content\/uploads\/2023\/04\/ASC_5620.png\" class=\"attachment-large size-large wp-image-3219\" alt=\"\" srcset=\"https:\/\/ladieslinz.at\/wp-content\/uploads\/2023\/04\/ASC_5620.png 1000w, https:\/\/ladieslinz.at\/wp-content\/uploads\/2023\/04\/ASC_5620-300x182.png 300w, https:\/\/ladieslinz.at\/wp-content\/uploads\/2023\/04\/ASC_5620-768x465.png 768w, https:\/\/ladieslinz.at\/wp-content\/uploads\/2023\/04\/ASC_5620-18x12.png 18w\" sizes=\"(max-width: 800px) 100vw, 800px\" \/>\t\t\t\t\t\t\t\t\t\t\t<figcaption class=\"widget-image-caption wp-caption-text\">Werner Kogler (Vice-Chancellor), City Councillor Eva Schobesberger, Tournament Director Sandra Reichel, Norbert Rainer (Managing Director of the Upper Austria Climate Alliance) and Stefan Kaineder (Provincial Councillor for the Environment and Climate) at the presentation of the certificate certifying the Upper Austria Ladies Linz as a \"Green Event\".<\/figcaption>\n\t\t\t\t\t\t\t\t\t\t<\/figure>\n\t\t\t\t\t\t\t\t\t<\/div>\n\t\t\t\t<\/div>\n\t\t\t\t<div class=\"elementor-element elementor-element-9004cce elementor-widget elementor-widget-image\" data-id=\"9004cce\" data-element_type=\"widget\" data-e-type=\"widget\" data-widget_type=\"image.default\">\n\t\t\t\t<div class=\"elementor-widget-container\">\n\t\t\t\t\t\t\t\t\t\t\t\t\t\t\t<img decoding=\"async\" width=\"800\" height=\"289\" src=\"https:\/\/ladieslinz.at\/wp-content\/uploads\/2024\/01\/Logo_LadiesLinz-2023_quer_gruen_oJZ-1024x370.jpg\" class=\"attachment-large size-large wp-image-4741\" alt=\"\" srcset=\"https:\/\/ladieslinz.at\/wp-content\/uploads\/2024\/01\/Logo_LadiesLinz-2023_quer_gruen_oJZ-1024x370.jpg 1024w, https:\/\/ladieslinz.at\/wp-content\/uploads\/2024\/01\/Logo_LadiesLinz-2023_quer_gruen_oJZ-300x108.jpg 300w, https:\/\/ladieslinz.at\/wp-content\/uploads\/2024\/01\/Logo_LadiesLinz-2023_quer_gruen_oJZ-768x277.jpg 768w, https:\/\/ladieslinz.at\/wp-content\/uploads\/2024\/01\/Logo_LadiesLinz-2023_quer_gruen_oJZ-18x7.jpg 18w, https:\/\/ladieslinz.at\/wp-content\/uploads\/2024\/01\/Logo_LadiesLinz-2023_quer_gruen_oJZ.jpg 1265w\" sizes=\"(max-width: 800px) 100vw, 800px\" \/>\t\t\t\t\t\t\t\t\t\t\t\t\t\t\t<\/div>\n\t\t\t\t<\/div>\n\t\t\t\t<section class=\"elementor-section elementor-inner-section elementor-element elementor-element-bf3c8bf elementor-reverse-mobile elementor-section-boxed elementor-section-height-default elementor-section-height-default\" data-id=\"bf3c8bf\" data-element_type=\"section\" data-e-type=\"section\">\n\t\t\t\t\t\t<div class=\"elementor-container elementor-column-gap-default\">\n\t\t\t\t\t<div class=\"elementor-column elementor-col-50 elementor-inner-column elementor-element elementor-element-00808d3\" data-id=\"00808d3\" data-element_type=\"column\" data-e-type=\"column\">\n\t\t\t<div class=\"elementor-widget-wrap elementor-element-populated\">\n\t\t\t\t\t\t<div class=\"elementor-element elementor-element-699dd2b elementor-widget elementor-widget-text-editor\" data-id=\"699dd2b\" data-element_type=\"widget\" data-e-type=\"widget\" data-widget_type=\"text-editor.default\">\n\t\t\t\t<div class=\"elementor-widget-container\">\n\t\t\t\t\t\t\t\t\t<h5 style=\"font-weight: 400;\"><strong>A beacon for sustainability<\/strong><\/h5><p style=\"font-weight: 400;\">Sustainability is a top priority at Upper Austria Ladies Linz - after all, protecting the climate and our environment is everyone's business!<\/p><p style=\"font-weight: 400;\">A brief look back: In 2023, the Upper Austria Ladies Linz became a certified green event. This makes the tournament not only the largest women's sporting event in Austria, but also the largest green sporting event in Austria. In addition, last year <strong>3<\/strong> prizes have been won:  At Europe's largest sports business event, the SPOBIS Conference in D\u00fcsseldorf, the Upper Austria Ladies Linz was honoured with the silver medal for its commitment to sustainability. Austria's only WTA tournament received the highest honour in the sports category in the \"sustainable winning\" competition initiated by the Federal Ministry.<\/p><p style=\"font-weight: 400;\"><strong>We took second place in the Sport &amp; Climate Protection category at the VIKTOR, Austria's Sport Business Award. <\/strong><\/p><p style=\"font-weight: 400;\">And this year, the tournament is also initiating a wide range of activities. There will once again be a Green Court in the Public Area, where various partners can present themselves in the context of sustainability.<\/p><p style=\"font-weight: 400;\">As in 2023, Ober\u00f6sterreichische Versicherung is sending out a strong signal with a sustainability campaign. Ober\u00f6sterreichische Versicherung will provide young beekeepers with a honeycomb for every ace that is hit during the week of the tournament.<\/p>\t\t\t\t\t\t\t\t<\/div>\n\t\t\t\t<\/div>\n\t\t\t\t<div class=\"elementor-element elementor-element-e371cc9 elementor-widget elementor-widget-image\" data-id=\"e371cc9\" data-element_type=\"widget\" data-e-type=\"widget\" data-widget_type=\"image.default\">\n\t\t\t\t<div class=\"elementor-widget-container\">\n\t\t\t\t\t\t\t\t\t\t\t\t\t\t\t<img decoding=\"async\" src=\"https:\/\/ladieslinz.at\/wp-content\/uploads\/elementor\/thumbs\/Bildschirmfoto-2023-11-02-um-16.54.01-qerxh2cmsyquc2bjsya66z4s8cewjc3dmz8dtqbz0c.png\" title=\"Screenshot 2023-11-02 at 16.54.01\" alt=\"Bildschirmfoto 2023-11-02 um 16.54.01\" loading=\"lazy\" \/>\t\t\t\t\t\t\t\t\t\t\t\t\t\t\t<\/div>\n\t\t\t\t<\/div>\n\t\t\t\t<div class=\"elementor-element elementor-element-f7e2705 elementor-widget elementor-widget-text-editor\" data-id=\"f7e2705\" data-element_type=\"widget\" data-e-type=\"widget\" data-widget_type=\"text-editor.default\">\n\t\t\t\t<div class=\"elementor-widget-container\">\n\t\t\t\t\t\t\t\t\t<p>Green Event contact details:<\/p><p>August Wurm<\/p><div><a href=\"mailto:aw@matchmaker.at\">aw@matchmaker.at<\/a><\/div><div>\u00a0<\/div><div>\u00a0<\/div><div>\u00a0<\/div><div>\u00a0<\/div><p style=\"font-weight: 400;\">\u00a0<\/p>\t\t\t\t\t\t\t\t<\/div>\n\t\t\t\t<\/div>\n\t\t\t\t\t<\/div>\n\t\t<\/div>\n\t\t\t\t<div class=\"elementor-column elementor-col-50 elementor-inner-column elementor-element elementor-element-8438f8a\" data-id=\"8438f8a\" data-element_type=\"column\" data-e-type=\"column\">\n\t\t\t<div class=\"elementor-widget-wrap elementor-element-populated\">\n\t\t\t\t\t\t<div class=\"elementor-element elementor-element-3d74bcf elementor-widget elementor-widget-text-editor\" data-id=\"3d74bcf\" data-element_type=\"widget\" data-e-type=\"widget\" data-widget_type=\"text-editor.default\">\n\t\t\t\t<div class=\"elementor-widget-container\">\n\t\t\t\t\t\t\t\t\t<h5 style=\"font-weight: 400;\"><strong>This is what we do specifically for sustainability during the tournament:<\/strong><\/h5><ul style=\"font-weight: 400;\"><li><strong>Arrival:<\/strong> A warm welcome! Every visitor can use the Linz Linien public transport system free of charge when attending the event. There are also plenty of bicycle parking spaces directly in front of the Design Centre.<\/li><li><strong>Drinking water:<\/strong> Thanks to a water bar from the <strong>LINZ AG<\/strong> visitors can refresh themselves with free water at the Green Court.<\/li><li><strong>Stay informed:<\/strong>\u00a0An information stand organised by Business Upper Austria together with the JKU on the topic of \"Sustainable Plastics\" will bring visitors up to date.<\/li><li><strong>Upcycling competition:\u00a0<\/strong>\u00a0As part of the tournament, we invite all interested school classes to take part in our upcycling competition presented by <strong>LINZ AG<\/strong> in.\u00a0<span style=\"caret-color: #000000; color: #000000; word-break: break-word;\">Would your class like to take part? You can find information on the conditions of participation at\u00a0<a href=\"mailto:office@matchmaker.at\">office@matchmaker.at<\/a>. For the three winners, the <strong>LINZ AG<\/strong> vouchers for a class excursion.<\/span><\/li><li><strong>Advertising materials:<\/strong> These are made from sustainable materials. In addition, only recycled paper is used for printed materials and signs are not laminated.<\/li><\/ul><ul><li><strong>Hotel:<\/strong> Employees and players are accommodated in the neighbouring hotel and can walk to the Design Center. The Design Centre and the players' hotel are also already certified with the Austrian Ecolabel.<\/li><\/ul><ul style=\"font-weight: 400;\"><li><strong>Rubbish:<\/strong> Waste is separated throughout the tournament. When procuring products, attention is paid to sustainable and waste-avoiding products.<\/li><li><strong>Reusable:<\/strong> To avoid waste, we use reusable items everywhere. Both for crockery and drinks.<\/li><li><strong>Upcycling:<\/strong> In exhibition stand construction, the floors used are upcycled after the tournament - with our partner Skanbo and the Skanbo Collection, among others.<\/li><li><strong>Tennis balls:<\/strong> Tennis balls that have been played once are donated to tennis clubs.<\/li><\/ul><div>\u00a0<\/div><div>\u00a0<\/div><div>\u00a0<\/div><div>\u00a0<\/div><div>\u00a0<\/div><p style=\"font-weight: 400;\">\u00a0<\/p>\t\t\t\t\t\t\t\t<\/div>\n\t\t\t\t<\/div>\n\t\t\t\t<div class=\"elementor-element elementor-element-c4f8852 elementor-widget elementor-widget-image\" data-id=\"c4f8852\" data-element_type=\"widget\" data-e-type=\"widget\" data-widget_type=\"image.default\">\n\t\t\t\t<div class=\"elementor-widget-container\">\n\t\t\t\t\t\t\t\t\t\t\t\t\t\t\t<img decoding=\"async\" width=\"300\" height=\"160\" src=\"https:\/\/ladieslinz.at\/wp-content\/uploads\/2023\/11\/Bildschirmfoto-2023-11-02-um-16.45.23-300x160.png\" class=\"attachment-medium size-medium wp-image-3521\" alt=\"\" srcset=\"https:\/\/ladieslinz.at\/wp-content\/uploads\/2023\/11\/Bildschirmfoto-2023-11-02-um-16.45.23-300x160.png 300w, https:\/\/ladieslinz.at\/wp-content\/uploads\/2023\/11\/Bildschirmfoto-2023-11-02-um-16.45.23-1024x546.png 1024w, https:\/\/ladieslinz.at\/wp-content\/uploads\/2023\/11\/Bildschirmfoto-2023-11-02-um-16.45.23-768x410.png 768w, https:\/\/ladieslinz.at\/wp-content\/uploads\/2023\/11\/Bildschirmfoto-2023-11-02-um-16.45.23-1536x819.png 1536w, https:\/\/ladieslinz.at\/wp-content\/uploads\/2023\/11\/Bildschirmfoto-2023-11-02-um-16.45.23-2048x1092.png 2048w, https:\/\/ladieslinz.at\/wp-content\/uploads\/2023\/11\/Bildschirmfoto-2023-11-02-um-16.45.23-18x10.png 18w\" sizes=\"(max-width: 300px) 100vw, 300px\" \/>\t\t\t\t\t\t\t\t\t\t\t\t\t\t\t<\/div>\n\t\t\t\t<\/div>\n\t\t\t\t\t<\/div>\n\t\t<\/div>\n\t\t\t\t\t<\/div>\n\t\t<\/section>\n\t\t\t\t\t<\/div>\n\t\t<\/div>\n\t\t\t\t\t<\/div>\n\t\t<\/section>\n\t\t\t\t<\/div>","protected":false},"excerpt":{"rendered":"<p>Green Event Mag. Werner Kogler (Vizekanzler), Stadtr\u00e4tin Mag.a Eva Schobesberger, Turnierdirektorin Sandra Reichel, Mag. Norbert Rainer (Gesch\u00e4ftsf\u00fchrer des Klimab\u00fcndnis Ober\u00f6sterreich) und Stefan Kaineder (Umwelt- und Klima-Landesrat) bei der Verleihung der Urkunde zur Zertifizierung des Upper Austria Ladies Linz als \u201eGreen Event\u201c Ein Leuchtturm f\u00fcr Nachhaltigkeit Beim Upper Austria Ladies Linz wird Nachhaltigkeit gro\u00df geschrieben \u2013 [&hellip;]<\/p>\n","protected":false},"author":4,"featured_media":0,"parent":0,"menu_order":0,"comment_status":"closed","ping_status":"closed","template":"elementor_header_footer","meta":{"footnotes":""},"class_list":["post-2132","page","type-page","status-publish","hentry"],"yoast_head":"<!-- This site is optimized with the Yoast SEO plugin v27.5 - https:\/\/yoast.com\/product\/yoast-seo-wordpress\/ -->\n<title>Green Event - Upper Austria Ladies Linz<\/title>\n<meta name=\"robots\" content=\"index, follow, max-snippet:-1, max-image-preview:large, max-video-preview:-1\" \/>\n<link rel=\"canonical\" href=\"https:\/\/ladieslinz.at\/en\/green-event\/\" \/>\n<meta property=\"og:locale\" content=\"en_GB\" \/>\n<meta property=\"og:type\" content=\"article\" \/>\n<meta property=\"og:title\" content=\"Green Event - Upper Austria Ladies Linz\" \/>\n<meta property=\"og:description\" content=\"Green Event Mag. Werner Kogler (Vizekanzler), Stadtr\u00e4tin Mag.a Eva Schobesberger, Turnierdirektorin Sandra Reichel, Mag. Norbert Rainer (Gesch\u00e4ftsf\u00fchrer des Klimab\u00fcndnis Ober\u00f6sterreich) und Stefan Kaineder (Umwelt- und Klima-Landesrat) bei der Verleihung der Urkunde zur Zertifizierung des Upper Austria Ladies Linz als \u201eGreen Event\u201c Ein Leuchtturm f\u00fcr Nachhaltigkeit Beim Upper Austria Ladies Linz wird Nachhaltigkeit gro\u00df geschrieben \u2013 [&hellip;]\" \/>\n<meta property=\"og:url\" content=\"https:\/\/ladieslinz.at\/en\/green-event\/\" \/>\n<meta property=\"og:site_name\" content=\"Upper Austria Ladies Linz\" \/>\n<meta property=\"article:modified_time\" content=\"2024-11-05T13:56:00+00:00\" \/>\n<meta property=\"og:image\" content=\"https:\/\/ladieslinz.at\/wp-content\/uploads\/2023\/04\/ASC_5620.png\" \/>\n<meta name=\"twitter:card\" content=\"summary_large_image\" \/>\n<meta name=\"twitter:site\" content=\"@WTALinz\" \/>\n<meta name=\"twitter:label1\" content=\"Estimated reading time\" \/>\n\t<meta name=\"twitter:data1\" content=\"4 minutes\" \/>\n<script type=\"application\/ld+json\" class=\"yoast-schema-graph\">{\"@context\":\"https:\\\/\\\/schema.org\",\"@graph\":[{\"@type\":\"WebPage\",\"@id\":\"https:\\\/\\\/ladieslinz.at\\\/green-event\\\/\",\"url\":\"https:\\\/\\\/ladieslinz.at\\\/green-event\\\/\",\"name\":\"Green Event - Upper Austria Ladies Linz\",\"isPartOf\":{\"@id\":\"https:\\\/\\\/ladieslinz.at\\\/#website\"},\"primaryImageOfPage\":{\"@id\":\"https:\\\/\\\/ladieslinz.at\\\/green-event\\\/#primaryimage\"},\"image\":{\"@id\":\"https:\\\/\\\/ladieslinz.at\\\/green-event\\\/#primaryimage\"},\"thumbnailUrl\":\"https:\\\/\\\/ladieslinz.at\\\/wp-content\\\/uploads\\\/2023\\\/04\\\/ASC_5620.png\",\"datePublished\":\"2023-01-25T10:25:30+00:00\",\"dateModified\":\"2024-11-05T13:56:00+00:00\",\"breadcrumb\":{\"@id\":\"https:\\\/\\\/ladieslinz.at\\\/green-event\\\/#breadcrumb\"},\"inLanguage\":\"en-GB\",\"potentialAction\":[{\"@type\":\"ReadAction\",\"target\":[\"https:\\\/\\\/ladieslinz.at\\\/green-event\\\/\"]}]},{\"@type\":\"ImageObject\",\"inLanguage\":\"en-GB\",\"@id\":\"https:\\\/\\\/ladieslinz.at\\\/green-event\\\/#primaryimage\",\"url\":\"https:\\\/\\\/ladieslinz.at\\\/wp-content\\\/uploads\\\/2023\\\/04\\\/ASC_5620.png\",\"contentUrl\":\"https:\\\/\\\/ladieslinz.at\\\/wp-content\\\/uploads\\\/2023\\\/04\\\/ASC_5620.png\"},{\"@type\":\"BreadcrumbList\",\"@id\":\"https:\\\/\\\/ladieslinz.at\\\/green-event\\\/#breadcrumb\",\"itemListElement\":[{\"@type\":\"ListItem\",\"position\":1,\"name\":\"Startseite\",\"item\":\"https:\\\/\\\/ladieslinz.at\\\/\"},{\"@type\":\"ListItem\",\"position\":2,\"name\":\"Green Event\"}]},{\"@type\":\"WebSite\",\"@id\":\"https:\\\/\\\/ladieslinz.at\\\/#website\",\"url\":\"https:\\\/\\\/ladieslinz.at\\\/\",\"name\":\"Upper Austria Ladies Linz\",\"description\":\"WTA500 Tennis\",\"publisher\":{\"@id\":\"https:\\\/\\\/ladieslinz.at\\\/#organization\"},\"potentialAction\":[{\"@type\":\"SearchAction\",\"target\":{\"@type\":\"EntryPoint\",\"urlTemplate\":\"https:\\\/\\\/ladieslinz.at\\\/?s={search_term_string}\"},\"query-input\":{\"@type\":\"PropertyValueSpecification\",\"valueRequired\":true,\"valueName\":\"search_term_string\"}}],\"inLanguage\":\"en-GB\"},{\"@type\":\"Organization\",\"@id\":\"https:\\\/\\\/ladieslinz.at\\\/#organization\",\"name\":\"Upper Austria Ladies Linz\",\"url\":\"https:\\\/\\\/ladieslinz.at\\\/\",\"logo\":{\"@type\":\"ImageObject\",\"inLanguage\":\"en-GB\",\"@id\":\"https:\\\/\\\/ladieslinz.at\\\/#\\\/schema\\\/logo\\\/image\\\/\",\"url\":\"https:\\\/\\\/ladieslinz.at\\\/wp-content\\\/uploads\\\/2022\\\/09\\\/LOGO-Neg.png\",\"contentUrl\":\"https:\\\/\\\/ladieslinz.at\\\/wp-content\\\/uploads\\\/2022\\\/09\\\/LOGO-Neg.png\",\"width\":586,\"height\":221,\"caption\":\"Upper Austria Ladies Linz\"},\"image\":{\"@id\":\"https:\\\/\\\/ladieslinz.at\\\/#\\\/schema\\\/logo\\\/image\\\/\"},\"sameAs\":[\"https:\\\/\\\/x.com\\\/WTALinz\",\"https:\\\/\\\/www.instagram.com\\\/wtalinz\\\/?hl=de\"]}]}<\/script>\n<!-- \/ Yoast SEO plugin. -->","yoast_head_json":{"title":"Green Event - Upper Austria Ladies Linz","robots":{"index":"index","follow":"follow","max-snippet":"max-snippet:-1","max-image-preview":"max-image-preview:large","max-video-preview":"max-video-preview:-1"},"canonical":"https:\/\/ladieslinz.at\/en\/green-event\/","og_locale":"en_GB","og_type":"article","og_title":"Green Event - Upper Austria Ladies Linz","og_description":"Green Event Mag. Werner Kogler (Vizekanzler), Stadtr\u00e4tin Mag.a Eva Schobesberger, Turnierdirektorin Sandra Reichel, Mag. Norbert Rainer (Gesch\u00e4ftsf\u00fchrer des Klimab\u00fcndnis Ober\u00f6sterreich) und Stefan Kaineder (Umwelt- und Klima-Landesrat) bei der Verleihung der Urkunde zur Zertifizierung des Upper Austria Ladies Linz als \u201eGreen Event\u201c Ein Leuchtturm f\u00fcr Nachhaltigkeit Beim Upper Austria Ladies Linz wird Nachhaltigkeit gro\u00df geschrieben \u2013 [&hellip;]","og_url":"https:\/\/ladieslinz.at\/en\/green-event\/","og_site_name":"Upper Austria Ladies Linz","article_modified_time":"2024-11-05T13:56:00+00:00","og_image":[{"url":"https:\/\/ladieslinz.at\/wp-content\/uploads\/2023\/04\/ASC_5620.png","type":"","width":"","height":""}],"twitter_card":"summary_large_image","twitter_site":"@WTALinz","twitter_misc":{"Estimated reading time":"4 minutes"},"schema":{"@context":"https:\/\/schema.org","@graph":[{"@type":"WebPage","@id":"https:\/\/ladieslinz.at\/green-event\/","url":"https:\/\/ladieslinz.at\/green-event\/","name":"Green Event - Upper Austria Ladies Linz","isPartOf":{"@id":"https:\/\/ladieslinz.at\/#website"},"primaryImageOfPage":{"@id":"https:\/\/ladieslinz.at\/green-event\/#primaryimage"},"image":{"@id":"https:\/\/ladieslinz.at\/green-event\/#primaryimage"},"thumbnailUrl":"https:\/\/ladieslinz.at\/wp-content\/uploads\/2023\/04\/ASC_5620.png","datePublished":"2023-01-25T10:25:30+00:00","dateModified":"2024-11-05T13:56:00+00:00","breadcrumb":{"@id":"https:\/\/ladieslinz.at\/green-event\/#breadcrumb"},"inLanguage":"en-GB","potentialAction":[{"@type":"ReadAction","target":["https:\/\/ladieslinz.at\/green-event\/"]}]},{"@type":"ImageObject","inLanguage":"en-GB","@id":"https:\/\/ladieslinz.at\/green-event\/#primaryimage","url":"https:\/\/ladieslinz.at\/wp-content\/uploads\/2023\/04\/ASC_5620.png","contentUrl":"https:\/\/ladieslinz.at\/wp-content\/uploads\/2023\/04\/ASC_5620.png"},{"@type":"BreadcrumbList","@id":"https:\/\/ladieslinz.at\/green-event\/#breadcrumb","itemListElement":[{"@type":"ListItem","position":1,"name":"Startseite","item":"https:\/\/ladieslinz.at\/"},{"@type":"ListItem","position":2,"name":"Green Event"}]},{"@type":"WebSite","@id":"https:\/\/ladieslinz.at\/#website","url":"https:\/\/ladieslinz.at\/","name":"Upper Austria Ladies Linz","description":"WTA500 Tennis","publisher":{"@id":"https:\/\/ladieslinz.at\/#organization"},"potentialAction":[{"@type":"SearchAction","target":{"@type":"EntryPoint","urlTemplate":"https:\/\/ladieslinz.at\/?s={search_term_string}"},"query-input":{"@type":"PropertyValueSpecification","valueRequired":true,"valueName":"search_term_string"}}],"inLanguage":"en-GB"},{"@type":"Organization","@id":"https:\/\/ladieslinz.at\/#organization","name":"Upper Austria Ladies Linz","url":"https:\/\/ladieslinz.at\/","logo":{"@type":"ImageObject","inLanguage":"en-GB","@id":"https:\/\/ladieslinz.at\/#\/schema\/logo\/image\/","url":"https:\/\/ladieslinz.at\/wp-content\/uploads\/2022\/09\/LOGO-Neg.png","contentUrl":"https:\/\/ladieslinz.at\/wp-content\/uploads\/2022\/09\/LOGO-Neg.png","width":586,"height":221,"caption":"Upper Austria Ladies Linz"},"image":{"@id":"https:\/\/ladieslinz.at\/#\/schema\/logo\/image\/"},"sameAs":["https:\/\/x.com\/WTALinz","https:\/\/www.instagram.com\/wtalinz\/?hl=de"]}]}},"_links":{"self":[{"href":"https:\/\/ladieslinz.at\/en\/wp-json\/wp\/v2\/pages\/2132","targetHints":{"allow":["GET"]}}],"collection":[{"href":"https:\/\/ladieslinz.at\/en\/wp-json\/wp\/v2\/pages"}],"about":[{"href":"https:\/\/ladieslinz.at\/en\/wp-json\/wp\/v2\/types\/page"}],"author":[{"embeddable":true,"href":"https:\/\/ladieslinz.at\/en\/wp-json\/wp\/v2\/users\/4"}],"replies":[{"embeddable":true,"href":"https:\/\/ladieslinz.at\/en\/wp-json\/wp\/v2\/comments?post=2132"}],"version-history":[{"count":0,"href":"https:\/\/ladieslinz.at\/en\/wp-json\/wp\/v2\/pages\/2132\/revisions"}],"wp:attachment":[{"href":"https:\/\/ladieslinz.at\/en\/wp-json\/wp\/v2\/media?parent=2132"}],"curies":[{"name":"wp","href":"https:\/\/api.w.org\/{rel}","templated":true}]}}