{"id":2159,"date":"2023-01-25T11:40:35","date_gmt":"2023-01-25T10:40:35","guid":{"rendered":"https:\/\/ladieslinz.at\/?page_id=2159"},"modified":"2026-04-10T12:23:05","modified_gmt":"2026-04-10T10:23:05","slug":"turnier-im-tv","status":"publish","type":"page","link":"https:\/\/ladieslinz.at\/en\/turnier-im-tv\/","title":{"rendered":"Tournament on TV"},"content":{"rendered":"<div data-elementor-type=\"wp-page\" data-elementor-id=\"2159\" class=\"elementor elementor-2159\" data-elementor-post-type=\"page\">\n\t\t\t\t\t\t<section class=\"elementor-section elementor-top-section elementor-element elementor-element-65eb919 elementor-section-boxed elementor-section-height-default elementor-section-height-default\" data-id=\"65eb919\" data-element_type=\"section\" data-e-type=\"section\">\n\t\t\t\t\t\t<div class=\"elementor-container elementor-column-gap-default\">\n\t\t\t\t\t<div class=\"elementor-column elementor-col-100 elementor-top-column elementor-element elementor-element-74d4402\" data-id=\"74d4402\" data-element_type=\"column\" data-e-type=\"column\">\n\t\t\t<div class=\"elementor-widget-wrap elementor-element-populated\">\n\t\t\t\t\t\t<div class=\"elementor-element elementor-element-efdcfa7 elementor-widget elementor-widget-heading\" data-id=\"efdcfa7\" data-element_type=\"widget\" data-e-type=\"widget\" data-widget_type=\"heading.default\">\n\t\t\t\t<div class=\"elementor-widget-container\">\n\t\t\t\t\t<h2 class=\"elementor-heading-title elementor-size-default\">THE TOURNAMENT ON TV<\/h2>\t\t\t\t<\/div>\n\t\t\t\t<\/div>\n\t\t\t\t<div class=\"elementor-element elementor-element-e645eea elementor-widget elementor-widget-text-editor\" data-id=\"e645eea\" data-element_type=\"widget\" data-e-type=\"widget\" data-widget_type=\"text-editor.default\">\n\t\t\t\t<div class=\"elementor-widget-container\">\n\t\t\t\t\t\t\t\t\t<p>The women's tennis classic in Linz also flickers intensely across the TV screens.<\/p><p>From Tuesday, all matches of the tournament week will be broadcast on ORF ON. ORF1 will broadcast daily highlights from Wednesday.<\/p><p>As always, private broadcaster LT1 will also be providing extensive TV coverage - not only of the sporting highlights of the tournament, but also of the many activities and attractions in the supporting programme.<\/p><p>In addition, all matches will be broadcast on Sky in Germany. In total, the tournament will be broadcast in more than 150 countries.<\/p>\t\t\t\t\t\t\t\t<\/div>\n\t\t\t\t<\/div>\n\t\t\t\t<div class=\"elementor-element elementor-element-aa38697 elementor-widget elementor-widget-text-editor\" data-id=\"aa38697\" data-element_type=\"widget\" data-e-type=\"widget\" data-widget_type=\"text-editor.default\">\n\t\t\t\t<div class=\"elementor-widget-container\">\n\t\t\t\t\t\t\t\t\t<p style=\"font-weight: 400;\"><strong>Tuesday, 07.04.2026:<\/strong><\/p><ul><li style=\"font-weight: 400;\">ORF Sport + (14.00 - 16.05, Live Day 1)<\/li><li style=\"font-weight: 400;\">ORF Sport + (17.40 - 20.00, Live Day 1)<\/li><li style=\"font-weight: 400;\">ORF ON (14.00 - 20.00, Live Day 1)<\/li><li>ORF1 (16.05 - 17.45, Live Day 1)<\/li><\/ul><p style=\"font-weight: 400;\"><strong>Wednesday, 08.04.2026<\/strong><\/p><ul><li>ORF Sport + (18.00 -20.00, Live Day 2)<\/li><li>ORF Sport + (20.15 -22.00, Live Day 2)<\/li><li>ORF ON (20.00 -22.00, Live Day 2)<\/li><\/ul><p style=\"font-weight: 400;\"><strong>Thursday, 09.04.2026<\/strong><\/p><ul><li>ORF Sport + (14.00 - 17.55, Live Day 3)<\/li><li>ORF ON (14.00 - 18.30, Live Day 3)<\/li><li>ORF 1 (from 16.00: Match Lilli Tagger)<\/li><\/ul><p style=\"font-weight: 400;\"><strong>Friday, 10.04.2026<\/strong><\/p><ul><li>ORF Sport + (13.00 - 17.55, Live Day 4)<\/li><li>ORF ON (13.00 - 19.00, Live Day 4)<\/li><li>ORF1 (Lilli Tagger vs. Anastasia Potapova)<\/li><\/ul><p style=\"font-weight: 400;\"><strong>Saturday, 11.04.2026<\/strong><\/p><ul><li>ORF Sport + (15.30 - 19.00, Live Day 5)<\/li><\/ul><p style=\"font-weight: 400;\"><strong>Sunday, 12.04.2026<\/strong><\/p><ul><li>ORF 1 (13.45 - 16.00, Live Day 6, Final)<\/li><li>ORF ON (13.45 - 17.00, Live Day 6, Final)<\/li><\/ul><p style=\"font-weight: 400;\">\u00a0<\/p>\t\t\t\t\t\t\t\t<\/div>\n\t\t\t\t<\/div>\n\t\t\t\t\t<\/div>\n\t\t<\/div>\n\t\t\t\t\t<\/div>\n\t\t<\/section>\n\t\t\t\t<\/div>","protected":false},"excerpt":{"rendered":"<p>DAS TURNIER IM TV Der Linzer Damentennis-Klassiker flimmert auch sehr intensiv \u00fcber die TV-Bildschirme. Ab Dienstag werden alle Matches der Turnierwoche auf ORF ON \u00fcbertragen. Auf ORF1 sind ab Mittwoch t\u00e4glich Highlights zu finden. Auch der Privatsender LT1 liefert wie immer eine umfangreiche TV-Berichterstattung \u2013 nicht nur \u00fcber die sportlichen H\u00f6hepunkte des Turniers, sondern auch [&hellip;]<\/p>\n","protected":false},"author":4,"featured_media":0,"parent":0,"menu_order":0,"comment_status":"closed","ping_status":"closed","template":"elementor_header_footer","meta":{"footnotes":""},"class_list":["post-2159","page","type-page","status-publish","hentry"],"yoast_head":"<!-- This site is optimized with the Yoast SEO plugin v27.0 - https:\/\/yoast.com\/product\/yoast-seo-wordpress\/ -->\n<title>Turnier im TV - Upper Austria Ladies Linz<\/title>\n<meta name=\"robots\" content=\"index, follow, max-snippet:-1, max-image-preview:large, max-video-preview:-1\" \/>\n<link rel=\"canonical\" href=\"https:\/\/ladieslinz.at\/en\/turnier-im-tv\/\" \/>\n<meta property=\"og:locale\" content=\"en_GB\" \/>\n<meta property=\"og:type\" content=\"article\" \/>\n<meta property=\"og:title\" content=\"Turnier im TV - Upper Austria Ladies Linz\" \/>\n<meta property=\"og:description\" content=\"DAS TURNIER IM TV Der Linzer Damentennis-Klassiker flimmert auch sehr intensiv \u00fcber die TV-Bildschirme. Ab Dienstag werden alle Matches der Turnierwoche auf ORF ON \u00fcbertragen. Auf ORF1 sind ab Mittwoch t\u00e4glich Highlights zu finden. Auch der Privatsender LT1 liefert wie immer eine umfangreiche TV-Berichterstattung \u2013 nicht nur \u00fcber die sportlichen H\u00f6hepunkte des Turniers, sondern auch [&hellip;]\" \/>\n<meta property=\"og:url\" content=\"https:\/\/ladieslinz.at\/en\/turnier-im-tv\/\" \/>\n<meta property=\"og:site_name\" content=\"Upper Austria Ladies Linz\" \/>\n<meta property=\"article:modified_time\" content=\"2026-04-10T10:23:05+00:00\" \/>\n<meta name=\"twitter:card\" content=\"summary_large_image\" \/>\n<meta name=\"twitter:site\" content=\"@WTALinz\" \/>\n<meta name=\"twitter:label1\" content=\"Estimated reading time\" \/>\n\t<meta name=\"twitter:data1\" content=\"2 minutes\" \/>\n<script type=\"application\/ld+json\" class=\"yoast-schema-graph\">{\"@context\":\"https:\/\/schema.org\",\"@graph\":[{\"@type\":\"WebPage\",\"@id\":\"https:\/\/ladieslinz.at\/turnier-im-tv\/\",\"url\":\"https:\/\/ladieslinz.at\/turnier-im-tv\/\",\"name\":\"Turnier im TV - Upper Austria Ladies Linz\",\"isPartOf\":{\"@id\":\"https:\/\/ladieslinz.at\/#website\"},\"datePublished\":\"2023-01-25T10:40:35+00:00\",\"dateModified\":\"2026-04-10T10:23:05+00:00\",\"breadcrumb\":{\"@id\":\"https:\/\/ladieslinz.at\/turnier-im-tv\/#breadcrumb\"},\"inLanguage\":\"en-GB\",\"potentialAction\":[{\"@type\":\"ReadAction\",\"target\":[\"https:\/\/ladieslinz.at\/turnier-im-tv\/\"]}]},{\"@type\":\"BreadcrumbList\",\"@id\":\"https:\/\/ladieslinz.at\/turnier-im-tv\/#breadcrumb\",\"itemListElement\":[{\"@type\":\"ListItem\",\"position\":1,\"name\":\"Startseite\",\"item\":\"https:\/\/ladieslinz.at\/\"},{\"@type\":\"ListItem\",\"position\":2,\"name\":\"Turnier im TV\"}]},{\"@type\":\"WebSite\",\"@id\":\"https:\/\/ladieslinz.at\/#website\",\"url\":\"https:\/\/ladieslinz.at\/\",\"name\":\"Upper Austria Ladies Linz\",\"description\":\"WTA500 Tennis\",\"publisher\":{\"@id\":\"https:\/\/ladieslinz.at\/#organization\"},\"potentialAction\":[{\"@type\":\"SearchAction\",\"target\":{\"@type\":\"EntryPoint\",\"urlTemplate\":\"https:\/\/ladieslinz.at\/?s={search_term_string}\"},\"query-input\":{\"@type\":\"PropertyValueSpecification\",\"valueRequired\":true,\"valueName\":\"search_term_string\"}}],\"inLanguage\":\"en-GB\"},{\"@type\":\"Organization\",\"@id\":\"https:\/\/ladieslinz.at\/#organization\",\"name\":\"Upper Austria Ladies Linz\",\"url\":\"https:\/\/ladieslinz.at\/\",\"logo\":{\"@type\":\"ImageObject\",\"inLanguage\":\"en-GB\",\"@id\":\"https:\/\/ladieslinz.at\/#\/schema\/logo\/image\/\",\"url\":\"https:\/\/ladieslinz.at\/wp-content\/uploads\/2022\/09\/LOGO-Neg.png\",\"contentUrl\":\"https:\/\/ladieslinz.at\/wp-content\/uploads\/2022\/09\/LOGO-Neg.png\",\"width\":586,\"height\":221,\"caption\":\"Upper Austria Ladies Linz\"},\"image\":{\"@id\":\"https:\/\/ladieslinz.at\/#\/schema\/logo\/image\/\"},\"sameAs\":[\"https:\/\/x.com\/WTALinz\",\"https:\/\/www.instagram.com\/wtalinz\/?hl=de\"]}]}<\/script>\n<!-- \/ Yoast SEO plugin. -->","yoast_head_json":{"title":"Turnier im TV - Upper Austria Ladies Linz","robots":{"index":"index","follow":"follow","max-snippet":"max-snippet:-1","max-image-preview":"max-image-preview:large","max-video-preview":"max-video-preview:-1"},"canonical":"https:\/\/ladieslinz.at\/en\/turnier-im-tv\/","og_locale":"en_GB","og_type":"article","og_title":"Turnier im TV - Upper Austria Ladies Linz","og_description":"DAS TURNIER IM TV Der Linzer Damentennis-Klassiker flimmert auch sehr intensiv \u00fcber die TV-Bildschirme. Ab Dienstag werden alle Matches der Turnierwoche auf ORF ON \u00fcbertragen. Auf ORF1 sind ab Mittwoch t\u00e4glich Highlights zu finden. Auch der Privatsender LT1 liefert wie immer eine umfangreiche TV-Berichterstattung \u2013 nicht nur \u00fcber die sportlichen H\u00f6hepunkte des Turniers, sondern auch [&hellip;]","og_url":"https:\/\/ladieslinz.at\/en\/turnier-im-tv\/","og_site_name":"Upper Austria Ladies Linz","article_modified_time":"2026-04-10T10:23:05+00:00","twitter_card":"summary_large_image","twitter_site":"@WTALinz","twitter_misc":{"Estimated reading time":"2 minutes"},"schema":{"@context":"https:\/\/schema.org","@graph":[{"@type":"WebPage","@id":"https:\/\/ladieslinz.at\/turnier-im-tv\/","url":"https:\/\/ladieslinz.at\/turnier-im-tv\/","name":"Turnier im TV - Upper Austria Ladies Linz","isPartOf":{"@id":"https:\/\/ladieslinz.at\/#website"},"datePublished":"2023-01-25T10:40:35+00:00","dateModified":"2026-04-10T10:23:05+00:00","breadcrumb":{"@id":"https:\/\/ladieslinz.at\/turnier-im-tv\/#breadcrumb"},"inLanguage":"en-GB","potentialAction":[{"@type":"ReadAction","target":["https:\/\/ladieslinz.at\/turnier-im-tv\/"]}]},{"@type":"BreadcrumbList","@id":"https:\/\/ladieslinz.at\/turnier-im-tv\/#breadcrumb","itemListElement":[{"@type":"ListItem","position":1,"name":"Startseite","item":"https:\/\/ladieslinz.at\/"},{"@type":"ListItem","position":2,"name":"Turnier im TV"}]},{"@type":"WebSite","@id":"https:\/\/ladieslinz.at\/#website","url":"https:\/\/ladieslinz.at\/","name":"Upper Austria Ladies Linz","description":"WTA500 Tennis","publisher":{"@id":"https:\/\/ladieslinz.at\/#organization"},"potentialAction":[{"@type":"SearchAction","target":{"@type":"EntryPoint","urlTemplate":"https:\/\/ladieslinz.at\/?s={search_term_string}"},"query-input":{"@type":"PropertyValueSpecification","valueRequired":true,"valueName":"search_term_string"}}],"inLanguage":"en-GB"},{"@type":"Organization","@id":"https:\/\/ladieslinz.at\/#organization","name":"Upper Austria Ladies Linz","url":"https:\/\/ladieslinz.at\/","logo":{"@type":"ImageObject","inLanguage":"en-GB","@id":"https:\/\/ladieslinz.at\/#\/schema\/logo\/image\/","url":"https:\/\/ladieslinz.at\/wp-content\/uploads\/2022\/09\/LOGO-Neg.png","contentUrl":"https:\/\/ladieslinz.at\/wp-content\/uploads\/2022\/09\/LOGO-Neg.png","width":586,"height":221,"caption":"Upper Austria Ladies Linz"},"image":{"@id":"https:\/\/ladieslinz.at\/#\/schema\/logo\/image\/"},"sameAs":["https:\/\/x.com\/WTALinz","https:\/\/www.instagram.com\/wtalinz\/?hl=de"]}]}},"_links":{"self":[{"href":"https:\/\/ladieslinz.at\/en\/wp-json\/wp\/v2\/pages\/2159","targetHints":{"allow":["GET"]}}],"collection":[{"href":"https:\/\/ladieslinz.at\/en\/wp-json\/wp\/v2\/pages"}],"about":[{"href":"https:\/\/ladieslinz.at\/en\/wp-json\/wp\/v2\/types\/page"}],"author":[{"embeddable":true,"href":"https:\/\/ladieslinz.at\/en\/wp-json\/wp\/v2\/users\/4"}],"replies":[{"embeddable":true,"href":"https:\/\/ladieslinz.at\/en\/wp-json\/wp\/v2\/comments?post=2159"}],"version-history":[{"count":10,"href":"https:\/\/ladieslinz.at\/en\/wp-json\/wp\/v2\/pages\/2159\/revisions"}],"predecessor-version":[{"id":14814,"href":"https:\/\/ladieslinz.at\/en\/wp-json\/wp\/v2\/pages\/2159\/revisions\/14814"}],"wp:attachment":[{"href":"https:\/\/ladieslinz.at\/en\/wp-json\/wp\/v2\/media?parent=2159"}],"curies":[{"name":"wp","href":"https:\/\/api.w.org\/{rel}","templated":true}]}}