{"id":2404,"date":"2023-01-30T14:28:15","date_gmt":"2023-01-30T13:28:15","guid":{"rendered":"https:\/\/ladieslinz.at\/?page_id=2404"},"modified":"2024-01-10T12:05:09","modified_gmt":"2024-01-10T11:05:09","slug":"turnierinformation-2","status":"publish","type":"page","link":"https:\/\/ladieslinz.at\/en\/turnierinformation-2\/","title":{"rendered":"Tournament information"},"content":{"rendered":"<div data-elementor-type=\"wp-page\" data-elementor-id=\"2404\" class=\"elementor elementor-2404\" data-elementor-post-type=\"page\">\n\t\t\t\t\t\t<section class=\"elementor-section elementor-top-section elementor-element elementor-element-41032ef elementor-section-boxed elementor-section-height-default elementor-section-height-default\" data-id=\"41032ef\" data-element_type=\"section\" data-e-type=\"section\" data-settings=\"{&quot;background_background&quot;:&quot;classic&quot;}\">\n\t\t\t\t\t\t<div class=\"elementor-container elementor-column-gap-default\">\n\t\t\t\t\t<div class=\"elementor-column elementor-col-100 elementor-top-column elementor-element elementor-element-68a07858\" data-id=\"68a07858\" data-element_type=\"column\" data-e-type=\"column\">\n\t\t\t<div class=\"elementor-widget-wrap elementor-element-populated\">\n\t\t\t\t\t\t<div class=\"elementor-element elementor-element-4daad366 elementor-widget elementor-widget-heading\" data-id=\"4daad366\" data-element_type=\"widget\" data-e-type=\"widget\" data-widget_type=\"heading.default\">\n\t\t\t\t<div class=\"elementor-widget-container\">\n\t\t\t\t\t<h1 class=\"elementor-heading-title elementor-size-default\">Information<\/h1>\t\t\t\t<\/div>\n\t\t\t\t<\/div>\n\t\t\t\t\t<\/div>\n\t\t<\/div>\n\t\t\t\t\t<\/div>\n\t\t<\/section>\n\t\t\t\t<section class=\"elementor-section elementor-top-section elementor-element elementor-element-5fdc1142 elementor-section-boxed elementor-section-height-default elementor-section-height-default\" data-id=\"5fdc1142\" data-element_type=\"section\" data-e-type=\"section\" data-settings=\"{&quot;background_background&quot;:&quot;classic&quot;}\">\n\t\t\t\t\t\t<div class=\"elementor-container elementor-column-gap-default\">\n\t\t\t\t\t<div class=\"elementor-column elementor-col-100 elementor-top-column elementor-element elementor-element-3cfd94e5\" data-id=\"3cfd94e5\" data-element_type=\"column\" data-e-type=\"column\">\n\t\t\t<div class=\"elementor-widget-wrap elementor-element-populated\">\n\t\t\t\t\t\t<div class=\"elementor-element elementor-element-6e0c3437 elementor-widget elementor-widget-text-editor\" data-id=\"6e0c3437\" data-element_type=\"widget\" data-e-type=\"widget\" data-widget_type=\"text-editor.default\">\n\t\t\t\t<div class=\"elementor-widget-container\">\n\t\t\t\t\t\t\t\t\t<div class=\"section text_wrapper\"><strong style=\"font-family: var( --e-global-typography-text-font-family ), Sans-serif; font-size: var( --e-global-typography-text-font-size ); background-color: var( --e-global-color-0246ffd );\">DAILY NEWS<\/strong><\/div><div class=\"section text_wrapper\"><div class=\"page\" title=\"Page 56\"><div class=\"section\"><div class=\"layoutArea\"><div class=\"column\"><p style=\"font-weight: 400;\">During the tournament week, we will provide spectators with the latest information about the tournament.<\/p><p style=\"font-weight: 400;\"><strong>FINDINGS<br \/><\/strong>Lost property can be handed in at the Info-Point in the entrance area.<\/p><p style=\"font-weight: 400;\"><strong>BANKOMAT<\/strong><br \/>The nearest ATM is located approx. 100 m away at Goethestrasse 80, 4020 Linz.<\/p><p style=\"font-weight: 400;\"><strong>WHEELCHAIR SPACES<\/strong><br \/>Located in front of the west stand.<\/p><p style=\"font-weight: 400;\"><strong>SANITARY SERVICE<\/strong><br \/>You will find the medical service on the east side of the hall.<\/p><p style=\"font-weight: 400;\"><strong>TOILETS<\/strong><br \/>Located on the east side of the hall. There are also toilets for wheelchair users.<\/p><p style=\"font-weight: 400;\"><strong>HANDICAPPED PARKING<\/strong><br \/>There are six parking spaces in the underground car park (ground-level access to the hall - please ring the bell at the signposted entrance), and a further five disabled parking spaces are available in the outdoor car park (access via the main west entrance).\u00a0<\/p><p style=\"font-weight: 400;\"><strong>TAXIS STATE\u00a0<br \/><\/strong>The nearest cab rank is in front of the Marriott Hotel (west side of the hall, near the main entrance).<\/p><p style=\"font-weight: 400;\"><strong>PLACEHOLDER:INSIDE<\/strong><br \/>We ask you to follow the instructions of the court orderers. Spectators are asked to take or leave their seats before the start or after the end of a set or when the players change sides.<\/p><p style=\"font-weight: 400;\"><strong>CLEANLINESS<\/strong><br \/>In the interest of keeping the tournament grounds clean, we ask you to throw paper and drinking cups etc. into the waste paper baskets or garbage cans provided.<\/p><p style=\"font-weight: 400;\"><strong>SAFETY<\/strong><br \/>Please take into account that it is forbidden to bring bags, suitcases and backpacks to the tournament site. Bags smaller than an A4 sheet (30x21x21cm) are excluded from the ban. Please also take into account that there may be a waiting time at the entrance due to bag checks. We thank you for your understanding.<\/p><p style=\"font-weight: 400;\"><strong>GAME PLAN<\/strong><br \/>The fixture list for the following day is usually finalised from 21:00 the day before and can be viewed online. There may be changes to the fixtures at short notice.<\/p><p style=\"font-weight: 400;\"><strong>RE-ENTRY<\/strong><br \/>If you leave the Design Center during the day and want to come back later, please remember to have your ticket with you.<\/p><p style=\"font-weight: 400;\"><strong>GAME FAILURE<\/strong><br \/>FAILURE TO PLAY: MatchMaker Event GmbH will not provide any compensation in case of cancellation of the game or loss of the ticket. Likewise, MatchMaker Event GmbH assumes no liability for bodily injury or property damage.<\/p><\/div><\/div><\/div><\/div><\/div>\t\t\t\t\t\t\t\t<\/div>\n\t\t\t\t<\/div>\n\t\t\t\t<div class=\"elementor-element elementor-element-5e04267 elementor-widget elementor-widget-heading\" data-id=\"5e04267\" data-element_type=\"widget\" data-e-type=\"widget\" data-widget_type=\"heading.default\">\n\t\t\t\t<div class=\"elementor-widget-container\">\n\t\t\t\t\t<h2 class=\"elementor-heading-title elementor-size-default\">Prohibitions <\/h2>\t\t\t\t<\/div>\n\t\t\t\t<\/div>\n\t\t\t\t<div class=\"elementor-element elementor-element-b6c25d5 elementor-widget elementor-widget-text-editor\" data-id=\"b6c25d5\" data-element_type=\"widget\" data-e-type=\"widget\" data-widget_type=\"text-editor.default\">\n\t\t\t\t<div class=\"elementor-widget-container\">\n\t\t\t\t\t\t\t\t\t<div class=\"section text_wrapper\"><ul><li>Glass bottles at Centre Court, Matchcourt 1 &amp; in all stands (e.g. wine bottles, schnapps bottles, drinking glasses)<\/li><li>Weapons of any kind<\/li><li>Drugs<\/li><li>Animals of any kind (except trained companion animals with ID and tags)<\/li><li>Bengal fire and other fireworks<\/li><li>Megaphones and vuvuzelas<\/li><li>Noisy objects such as compressed air trumpets, rattles, drums<\/li><li>Digital SLR cameras with interchangeable lenses (exception: persons with appropriate accreditation)<\/li><li>Laser pointer<\/li><li>Suitcases, bags, rucksacks and opaque gym bags if larger than DIN A4<\/li><li>Liquids such as full Tetra packs (except up to 0.5 litres), full drinking bottles (except PET up to 0.5 litres), canisters, cans<\/li><li>Bulky items (e.g. umbrellas, walking sticks that are not medically necessary, very large banners, tennis rackets)<\/li><li>Selfie sticks<\/li><li>Video devices<\/li><li>Gas spray cans<\/li><li>Flags larger than A2<\/li><li>Means of transport such as scooters and skateboards<\/li><\/ul><p style=\"font-weight: 400;\">A ban may also be imposed on other items in individual cases. (e.g. very large rivets on clothing or similar). A sense of proportion must always be applied here.<\/p><p style=\"font-weight: 400;\">Failure to comply with the prohibitions may result in expulsion from the event site. The organiser is entitled to take temporary custody and possession of objects of the aforementioned type. Infringements may be prosecuted under criminal law.<\/p><\/div>\t\t\t\t\t\t\t\t<\/div>\n\t\t\t\t<\/div>\n\t\t\t\t<div class=\"elementor-element elementor-element-9dd9d84 elementor-widget elementor-widget-heading\" data-id=\"9dd9d84\" data-element_type=\"widget\" data-e-type=\"widget\" data-widget_type=\"heading.default\">\n\t\t\t\t<div class=\"elementor-widget-container\">\n\t\t\t\t\t<h2 class=\"elementor-heading-title elementor-size-default\">Permitted are<\/h2>\t\t\t\t<\/div>\n\t\t\t\t<\/div>\n\t\t\t\t<div class=\"elementor-element elementor-element-133fe27 elementor-widget elementor-widget-text-editor\" data-id=\"133fe27\" data-element_type=\"widget\" data-e-type=\"widget\" data-widget_type=\"text-editor.default\">\n\t\t\t\t<div class=\"elementor-widget-container\">\n\t\t\t\t\t\t\t\t\t<div class=\"section text_wrapper\"><ul><li>PET bottles up to 0.5 litres, Tetra-Pack up to 0.5 litres and metal bottles up to 0.5 litres<\/li><li>Waist bags, belt bags, breast bags, handbags, backpacks the size of a DIN A4 flyer<\/li><li>Liquid hygiene and health articles up to 100ml (up to a maximum of 2 items per person) in suitable plastic containers<\/li><li>Mobile phones (also with recording function)<\/li><li>Necessary medications (also syringes) with appropriate proof<\/li><li>Small umbrellas (so-called \"pecks\")<\/li><\/ul><p style=\"font-weight: 400;\">\u00a0<\/p><\/div>\t\t\t\t\t\t\t\t<\/div>\n\t\t\t\t<\/div>\n\t\t\t\t<div class=\"elementor-element elementor-element-29f6aec elementor-widget elementor-widget-button\" data-id=\"29f6aec\" data-element_type=\"widget\" data-e-type=\"widget\" data-widget_type=\"button.default\">\n\t\t\t\t<div class=\"elementor-widget-container\">\n\t\t\t\t\t\t\t\t\t<div class=\"elementor-button-wrapper\">\n\t\t\t\t\t<a class=\"elementor-button elementor-button-link elementor-size-md\" href=\"https:\/\/ladieslinz.at\/wp-content\/uploads\/2023\/12\/Hausordnung-und-Allgemeine-Kartenverkaufsbedingungen_UPPER-AUSTRIA-LADIES-LINZ-2024.pdf\">\n\t\t\t\t\t\t<span class=\"elementor-button-content-wrapper\">\n\t\t\t\t\t\t\t\t\t<span class=\"elementor-button-text\">House rules<\/span>\n\t\t\t\t\t<\/span>\n\t\t\t\t\t<\/a>\n\t\t\t\t<\/div>\n\t\t\t\t\t\t\t\t<\/div>\n\t\t\t\t<\/div>\n\t\t\t\t\t<\/div>\n\t\t<\/div>\n\t\t\t\t\t<\/div>\n\t\t<\/section>\n\t\t\t\t<\/div>","protected":false},"excerpt":{"rendered":"<p>Informationen DAILY NEWS W\u00e4hrend der Turnierwoche versorgen wir die Zuschauer:innen mit den neuesten Infos rund um das Turnier. FUNDSACHENFundsachen k\u00f6nnen Sie am Info-Point im Eingangsbereich abgeben. BANKOMATDer n\u00e4chste Bankomat befindet sich ca. 100 m entfernt in der Goethestrasse 80, 4020 Linz. ROLLSTUHLPL\u00c4TZEBefinden sich vor der Westtrib\u00fcne. SANIT\u00c4TSDIENSTDen Sanit\u00e4tsdienst finden Sie auf der Ostseite der Halle. [&hellip;]<\/p>\n","protected":false},"author":4,"featured_media":0,"parent":0,"menu_order":0,"comment_status":"closed","ping_status":"closed","template":"elementor_header_footer","meta":{"footnotes":""},"class_list":["post-2404","page","type-page","status-publish","hentry"],"yoast_head":"<!-- This site is optimized with the Yoast SEO plugin v27.5 - https:\/\/yoast.com\/product\/yoast-seo-wordpress\/ -->\n<title>Turnierinformation - Upper Austria Ladies Linz<\/title>\n<meta name=\"robots\" content=\"index, follow, max-snippet:-1, max-image-preview:large, max-video-preview:-1\" \/>\n<link rel=\"canonical\" href=\"https:\/\/ladieslinz.at\/en\/turnierinformation-2\/\" \/>\n<meta property=\"og:locale\" content=\"en_GB\" \/>\n<meta property=\"og:type\" content=\"article\" \/>\n<meta property=\"og:title\" content=\"Turnierinformation - Upper Austria Ladies Linz\" \/>\n<meta property=\"og:description\" content=\"Informationen DAILY NEWS W\u00e4hrend der Turnierwoche versorgen wir die Zuschauer:innen mit den neuesten Infos rund um das Turnier. FUNDSACHENFundsachen k\u00f6nnen Sie am Info-Point im Eingangsbereich abgeben. BANKOMATDer n\u00e4chste Bankomat befindet sich ca. 100 m entfernt in der Goethestrasse 80, 4020 Linz. ROLLSTUHLPL\u00c4TZEBefinden sich vor der Westtrib\u00fcne. SANIT\u00c4TSDIENSTDen Sanit\u00e4tsdienst finden Sie auf der Ostseite der Halle. [&hellip;]\" \/>\n<meta property=\"og:url\" content=\"https:\/\/ladieslinz.at\/en\/turnierinformation-2\/\" \/>\n<meta property=\"og:site_name\" content=\"Upper Austria Ladies Linz\" \/>\n<meta property=\"article:modified_time\" content=\"2024-01-10T11:05:09+00:00\" \/>\n<meta name=\"twitter:card\" content=\"summary_large_image\" \/>\n<meta name=\"twitter:site\" content=\"@WTALinz\" \/>\n<meta name=\"twitter:label1\" content=\"Estimated reading time\" \/>\n\t<meta name=\"twitter:data1\" content=\"3 minutes\" \/>\n<script type=\"application\/ld+json\" class=\"yoast-schema-graph\">{\"@context\":\"https:\\\/\\\/schema.org\",\"@graph\":[{\"@type\":\"WebPage\",\"@id\":\"https:\\\/\\\/ladieslinz.at\\\/turnierinformation-2\\\/\",\"url\":\"https:\\\/\\\/ladieslinz.at\\\/turnierinformation-2\\\/\",\"name\":\"Turnierinformation - Upper Austria Ladies Linz\",\"isPartOf\":{\"@id\":\"https:\\\/\\\/ladieslinz.at\\\/#website\"},\"datePublished\":\"2023-01-30T13:28:15+00:00\",\"dateModified\":\"2024-01-10T11:05:09+00:00\",\"breadcrumb\":{\"@id\":\"https:\\\/\\\/ladieslinz.at\\\/turnierinformation-2\\\/#breadcrumb\"},\"inLanguage\":\"en-GB\",\"potentialAction\":[{\"@type\":\"ReadAction\",\"target\":[\"https:\\\/\\\/ladieslinz.at\\\/turnierinformation-2\\\/\"]}]},{\"@type\":\"BreadcrumbList\",\"@id\":\"https:\\\/\\\/ladieslinz.at\\\/turnierinformation-2\\\/#breadcrumb\",\"itemListElement\":[{\"@type\":\"ListItem\",\"position\":1,\"name\":\"Startseite\",\"item\":\"https:\\\/\\\/ladieslinz.at\\\/\"},{\"@type\":\"ListItem\",\"position\":2,\"name\":\"Turnierinformation\"}]},{\"@type\":\"WebSite\",\"@id\":\"https:\\\/\\\/ladieslinz.at\\\/#website\",\"url\":\"https:\\\/\\\/ladieslinz.at\\\/\",\"name\":\"Upper Austria Ladies Linz\",\"description\":\"WTA500 Tennis\",\"publisher\":{\"@id\":\"https:\\\/\\\/ladieslinz.at\\\/#organization\"},\"potentialAction\":[{\"@type\":\"SearchAction\",\"target\":{\"@type\":\"EntryPoint\",\"urlTemplate\":\"https:\\\/\\\/ladieslinz.at\\\/?s={search_term_string}\"},\"query-input\":{\"@type\":\"PropertyValueSpecification\",\"valueRequired\":true,\"valueName\":\"search_term_string\"}}],\"inLanguage\":\"en-GB\"},{\"@type\":\"Organization\",\"@id\":\"https:\\\/\\\/ladieslinz.at\\\/#organization\",\"name\":\"Upper Austria Ladies Linz\",\"url\":\"https:\\\/\\\/ladieslinz.at\\\/\",\"logo\":{\"@type\":\"ImageObject\",\"inLanguage\":\"en-GB\",\"@id\":\"https:\\\/\\\/ladieslinz.at\\\/#\\\/schema\\\/logo\\\/image\\\/\",\"url\":\"https:\\\/\\\/ladieslinz.at\\\/wp-content\\\/uploads\\\/2022\\\/09\\\/LOGO-Neg.png\",\"contentUrl\":\"https:\\\/\\\/ladieslinz.at\\\/wp-content\\\/uploads\\\/2022\\\/09\\\/LOGO-Neg.png\",\"width\":586,\"height\":221,\"caption\":\"Upper Austria Ladies Linz\"},\"image\":{\"@id\":\"https:\\\/\\\/ladieslinz.at\\\/#\\\/schema\\\/logo\\\/image\\\/\"},\"sameAs\":[\"https:\\\/\\\/x.com\\\/WTALinz\",\"https:\\\/\\\/www.instagram.com\\\/wtalinz\\\/?hl=de\"]}]}<\/script>\n<!-- \/ Yoast SEO plugin. -->","yoast_head_json":{"title":"Turnierinformation - Upper Austria Ladies Linz","robots":{"index":"index","follow":"follow","max-snippet":"max-snippet:-1","max-image-preview":"max-image-preview:large","max-video-preview":"max-video-preview:-1"},"canonical":"https:\/\/ladieslinz.at\/en\/turnierinformation-2\/","og_locale":"en_GB","og_type":"article","og_title":"Turnierinformation - Upper Austria Ladies Linz","og_description":"Informationen DAILY NEWS W\u00e4hrend der Turnierwoche versorgen wir die Zuschauer:innen mit den neuesten Infos rund um das Turnier. FUNDSACHENFundsachen k\u00f6nnen Sie am Info-Point im Eingangsbereich abgeben. BANKOMATDer n\u00e4chste Bankomat befindet sich ca. 100 m entfernt in der Goethestrasse 80, 4020 Linz. ROLLSTUHLPL\u00c4TZEBefinden sich vor der Westtrib\u00fcne. SANIT\u00c4TSDIENSTDen Sanit\u00e4tsdienst finden Sie auf der Ostseite der Halle. [&hellip;]","og_url":"https:\/\/ladieslinz.at\/en\/turnierinformation-2\/","og_site_name":"Upper Austria Ladies Linz","article_modified_time":"2024-01-10T11:05:09+00:00","twitter_card":"summary_large_image","twitter_site":"@WTALinz","twitter_misc":{"Estimated reading time":"3 minutes"},"schema":{"@context":"https:\/\/schema.org","@graph":[{"@type":"WebPage","@id":"https:\/\/ladieslinz.at\/turnierinformation-2\/","url":"https:\/\/ladieslinz.at\/turnierinformation-2\/","name":"Turnierinformation - Upper Austria Ladies Linz","isPartOf":{"@id":"https:\/\/ladieslinz.at\/#website"},"datePublished":"2023-01-30T13:28:15+00:00","dateModified":"2024-01-10T11:05:09+00:00","breadcrumb":{"@id":"https:\/\/ladieslinz.at\/turnierinformation-2\/#breadcrumb"},"inLanguage":"en-GB","potentialAction":[{"@type":"ReadAction","target":["https:\/\/ladieslinz.at\/turnierinformation-2\/"]}]},{"@type":"BreadcrumbList","@id":"https:\/\/ladieslinz.at\/turnierinformation-2\/#breadcrumb","itemListElement":[{"@type":"ListItem","position":1,"name":"Startseite","item":"https:\/\/ladieslinz.at\/"},{"@type":"ListItem","position":2,"name":"Turnierinformation"}]},{"@type":"WebSite","@id":"https:\/\/ladieslinz.at\/#website","url":"https:\/\/ladieslinz.at\/","name":"Upper Austria Ladies Linz","description":"WTA500 Tennis","publisher":{"@id":"https:\/\/ladieslinz.at\/#organization"},"potentialAction":[{"@type":"SearchAction","target":{"@type":"EntryPoint","urlTemplate":"https:\/\/ladieslinz.at\/?s={search_term_string}"},"query-input":{"@type":"PropertyValueSpecification","valueRequired":true,"valueName":"search_term_string"}}],"inLanguage":"en-GB"},{"@type":"Organization","@id":"https:\/\/ladieslinz.at\/#organization","name":"Upper Austria Ladies Linz","url":"https:\/\/ladieslinz.at\/","logo":{"@type":"ImageObject","inLanguage":"en-GB","@id":"https:\/\/ladieslinz.at\/#\/schema\/logo\/image\/","url":"https:\/\/ladieslinz.at\/wp-content\/uploads\/2022\/09\/LOGO-Neg.png","contentUrl":"https:\/\/ladieslinz.at\/wp-content\/uploads\/2022\/09\/LOGO-Neg.png","width":586,"height":221,"caption":"Upper Austria Ladies Linz"},"image":{"@id":"https:\/\/ladieslinz.at\/#\/schema\/logo\/image\/"},"sameAs":["https:\/\/x.com\/WTALinz","https:\/\/www.instagram.com\/wtalinz\/?hl=de"]}]}},"_links":{"self":[{"href":"https:\/\/ladieslinz.at\/en\/wp-json\/wp\/v2\/pages\/2404","targetHints":{"allow":["GET"]}}],"collection":[{"href":"https:\/\/ladieslinz.at\/en\/wp-json\/wp\/v2\/pages"}],"about":[{"href":"https:\/\/ladieslinz.at\/en\/wp-json\/wp\/v2\/types\/page"}],"author":[{"embeddable":true,"href":"https:\/\/ladieslinz.at\/en\/wp-json\/wp\/v2\/users\/4"}],"replies":[{"embeddable":true,"href":"https:\/\/ladieslinz.at\/en\/wp-json\/wp\/v2\/comments?post=2404"}],"version-history":[{"count":0,"href":"https:\/\/ladieslinz.at\/en\/wp-json\/wp\/v2\/pages\/2404\/revisions"}],"wp:attachment":[{"href":"https:\/\/ladieslinz.at\/en\/wp-json\/wp\/v2\/media?parent=2404"}],"curies":[{"name":"wp","href":"https:\/\/api.w.org\/{rel}","templated":true}]}}