{"id":5441,"date":"2024-01-21T17:53:07","date_gmt":"2024-01-21T16:53:07","guid":{"rendered":"https:\/\/ladieslinz.at\/?page_id=5441"},"modified":"2024-10-10T09:48:47","modified_gmt":"2024-10-10T07:48:47","slug":"nations-cup","status":"publish","type":"page","link":"https:\/\/ladieslinz.at\/en\/nations-cup\/","title":{"rendered":"\"Wheelchair Nations Cup\""},"content":{"rendered":"<div data-elementor-type=\"wp-page\" data-elementor-id=\"5441\" class=\"elementor elementor-5441\" data-elementor-post-type=\"page\">\n\t\t\t\t\t\t<section class=\"elementor-section elementor-top-section elementor-element elementor-element-385d09 elementor-hidden-desktop elementor-hidden-tablet elementor-hidden-mobile elementor-section-boxed elementor-section-height-default elementor-section-height-default\" data-id=\"385d09\" data-element_type=\"section\" data-e-type=\"section\" data-settings=\"{&quot;background_background&quot;:&quot;classic&quot;}\">\n\t\t\t\t\t\t<div class=\"elementor-container elementor-column-gap-default\">\n\t\t\t\t\t<div class=\"elementor-column elementor-col-100 elementor-top-column elementor-element elementor-element-79575027\" data-id=\"79575027\" data-element_type=\"column\" data-e-type=\"column\">\n\t\t\t<div class=\"elementor-widget-wrap elementor-element-populated\">\n\t\t\t\t\t\t<div class=\"elementor-element elementor-element-4f019b76 elementor-widget elementor-widget-heading\" data-id=\"4f019b76\" data-element_type=\"widget\" data-e-type=\"widget\" data-widget_type=\"heading.default\">\n\t\t\t\t<div class=\"elementor-widget-container\">\n\t\t\t\t\t<h1 class=\"elementor-heading-title elementor-size-default\">Nations Cup <\/h1>\t\t\t\t<\/div>\n\t\t\t\t<\/div>\n\t\t\t\t\t<\/div>\n\t\t<\/div>\n\t\t\t\t\t<\/div>\n\t\t<\/section>\n\t\t\t\t<section class=\"elementor-section elementor-top-section elementor-element elementor-element-25eb380e elementor-hidden-desktop elementor-hidden-tablet elementor-hidden-mobile elementor-section-boxed elementor-section-height-default elementor-section-height-default\" data-id=\"25eb380e\" data-element_type=\"section\" data-e-type=\"section\" data-settings=\"{&quot;background_background&quot;:&quot;classic&quot;}\">\n\t\t\t\t\t\t<div class=\"elementor-container elementor-column-gap-default\">\n\t\t\t\t\t<div class=\"elementor-column elementor-col-100 elementor-top-column elementor-element elementor-element-534d9fc5\" data-id=\"534d9fc5\" data-element_type=\"column\" data-e-type=\"column\" data-settings=\"{&quot;background_background&quot;:&quot;classic&quot;}\">\n\t\t\t<div class=\"elementor-widget-wrap elementor-element-populated\">\n\t\t\t\t\t\t<div class=\"elementor-element elementor-element-57bbbd45 elementor-widget elementor-widget-theme-post-title elementor-page-title elementor-widget-heading\" data-id=\"57bbbd45\" data-element_type=\"widget\" data-e-type=\"widget\" data-widget_type=\"theme-post-title.default\">\n\t\t\t\t<div class=\"elementor-widget-container\">\n\t\t\t\t\t<h1 class=\"elementor-heading-title elementor-size-default\">\"Wheelchair Nations Cup\"<\/h1>\t\t\t\t<\/div>\n\t\t\t\t<\/div>\n\t\t\t\t<section class=\"elementor-section elementor-inner-section elementor-element elementor-element-1d4ee140 elementor-section-boxed elementor-section-height-default elementor-section-height-default\" data-id=\"1d4ee140\" data-element_type=\"section\" data-e-type=\"section\">\n\t\t\t\t\t\t<div class=\"elementor-container elementor-column-gap-default\">\n\t\t\t\t\t<div class=\"elementor-column elementor-col-50 elementor-inner-column elementor-element elementor-element-170ba0b\" data-id=\"170ba0b\" data-element_type=\"column\" data-e-type=\"column\">\n\t\t\t<div class=\"elementor-widget-wrap elementor-element-populated\">\n\t\t\t\t\t\t<div class=\"elementor-element elementor-element-d860c31 elementor-widget elementor-widget-image\" data-id=\"d860c31\" data-element_type=\"widget\" data-e-type=\"widget\" data-widget_type=\"image.default\">\n\t\t\t\t<div class=\"elementor-widget-container\">\n\t\t\t\t\t\t\t\t\t\t\t\t\t\t\t<img fetchpriority=\"high\" decoding=\"async\" width=\"683\" height=\"1024\" src=\"https:\/\/ladieslinz.at\/wp-content\/uploads\/2024\/01\/Nico-Langmann_Inklusion-683x1024.jpg\" class=\"attachment-large size-large wp-image-5608\" alt=\"\" srcset=\"https:\/\/ladieslinz.at\/wp-content\/uploads\/2024\/01\/Nico-Langmann_Inklusion-683x1024.jpg 683w, https:\/\/ladieslinz.at\/wp-content\/uploads\/2024\/01\/Nico-Langmann_Inklusion-200x300.jpg 200w, https:\/\/ladieslinz.at\/wp-content\/uploads\/2024\/01\/Nico-Langmann_Inklusion-768x1152.jpg 768w, https:\/\/ladieslinz.at\/wp-content\/uploads\/2024\/01\/Nico-Langmann_Inklusion-1024x1536.jpg 1024w, https:\/\/ladieslinz.at\/wp-content\/uploads\/2024\/01\/Nico-Langmann_Inklusion-1365x2048.jpg 1365w, https:\/\/ladieslinz.at\/wp-content\/uploads\/2024\/01\/Nico-Langmann_Inklusion-8x12.jpg 8w, https:\/\/ladieslinz.at\/wp-content\/uploads\/2024\/01\/Nico-Langmann_Inklusion-scaled.jpg 1707w\" sizes=\"(max-width: 683px) 100vw, 683px\" \/>\t\t\t\t\t\t\t\t\t\t\t\t\t\t\t<\/div>\n\t\t\t\t<\/div>\n\t\t\t\t\t<\/div>\n\t\t<\/div>\n\t\t\t\t<div class=\"elementor-column elementor-col-50 elementor-inner-column elementor-element elementor-element-6e92b9e4\" data-id=\"6e92b9e4\" data-element_type=\"column\" data-e-type=\"column\">\n\t\t\t<div class=\"elementor-widget-wrap elementor-element-populated\">\n\t\t\t\t\t\t<div class=\"elementor-element elementor-element-14bc757c elementor-widget elementor-widget-text-editor\" data-id=\"14bc757c\" data-element_type=\"widget\" data-e-type=\"widget\" data-widget_type=\"text-editor.default\">\n\t\t\t\t<div class=\"elementor-widget-container\">\n\t\t\t\t\t\t\t\t\t<p>Wheelchair tennis is now an integral part of the Upper Austria Ladies Linz. After several exhibition matches, a separate, competitive tournament was held for the first time in 2024. The Wheelchair Nations Cup between Austria and Germany brought together the best wheelchair tennis players from the two neighbouring countries on the centre court of Austria's most important women's sporting event. Christina Pesendorfer and Nico Langmann on the Austrian side were beaten 1:2 by Britta Wend and Anthony Dittmar from Germany. However, the direct comparison is now tied 1:1. After all, the same duel took place at the Hamburg European Open 2023, with the red-white-red duo coming out on top. A sequel is planned for 2025! The inclusive event was once again supported by Volkshilfe Ober\u00f6sterreich\u00a0<\/p>\t\t\t\t\t\t\t\t<\/div>\n\t\t\t\t<\/div>\n\t\t\t\t\t<\/div>\n\t\t<\/div>\n\t\t\t\t\t<\/div>\n\t\t<\/section>\n\t\t\t\t<div class=\"elementor-element elementor-element-16faf0fb elementor-widget elementor-widget-post-navigation\" data-id=\"16faf0fb\" data-element_type=\"widget\" data-e-type=\"widget\" data-widget_type=\"post-navigation.default\">\n\t\t\t\t<div class=\"elementor-widget-container\">\n\t\t\t\t\t\t\t<div class=\"elementor-post-navigation\">\n\t\t\t<div class=\"elementor-post-navigation__prev elementor-post-navigation__link\">\n\t\t\t\t<a href=\"https:\/\/ladieslinz.at\/en\/home2024\/\" rel=\"prev\"><span class=\"post-navigation__arrow-wrapper post-navigation__arrow-prev\"><i class=\"fa fa-angle-left\" aria-hidden=\"true\"><\/i><span class=\"elementor-screen-only\">Prev<\/span><\/span><span class=\"elementor-post-navigation__link__prev\"><span class=\"post-navigation__prev--label\">Previous<\/span><span class=\"post-navigation__prev--title\">Home<\/span><\/span><\/a>\t\t\t<\/div>\n\t\t\t\t\t\t<div class=\"elementor-post-navigation__next elementor-post-navigation__link\">\n\t\t\t\t<a href=\"https:\/\/ladieslinz.at\/en\/daily-news\/\" rel=\"next\"><span class=\"elementor-post-navigation__link__next\"><span class=\"post-navigation__next--label\">Next<\/span><span class=\"post-navigation__next--title\">Daily News<\/span><\/span><span class=\"post-navigation__arrow-wrapper post-navigation__arrow-next\"><i class=\"fa fa-angle-right\" aria-hidden=\"true\"><\/i><span class=\"elementor-screen-only\">Next<\/span><\/span><\/a>\t\t\t<\/div>\n\t\t<\/div>\n\t\t\t\t\t\t<\/div>\n\t\t\t\t<\/div>\n\t\t\t\t<div class=\"elementor-element elementor-element-16cfeb19 elementor-widget-divider--view-line elementor-widget elementor-widget-divider\" data-id=\"16cfeb19\" data-element_type=\"widget\" data-e-type=\"widget\" data-widget_type=\"divider.default\">\n\t\t\t\t<div class=\"elementor-widget-container\">\n\t\t\t\t\t\t\t<div class=\"elementor-divider\">\n\t\t\t<span class=\"elementor-divider-separator\">\n\t\t\t\t\t\t<\/span>\n\t\t<\/div>\n\t\t\t\t\t\t<\/div>\n\t\t\t\t<\/div>\n\t\t\t\t\t<\/div>\n\t\t<\/div>\n\t\t\t\t\t<\/div>\n\t\t<\/section>\n\t\t\t\t<section class=\"elementor-section elementor-top-section elementor-element elementor-element-f203e9a elementor-section-boxed elementor-section-height-default elementor-section-height-default\" data-id=\"f203e9a\" data-element_type=\"section\" data-e-type=\"section\" data-settings=\"{&quot;background_background&quot;:&quot;classic&quot;}\">\n\t\t\t\t\t\t<div class=\"elementor-container elementor-column-gap-default\">\n\t\t\t\t\t<div class=\"elementor-column elementor-col-100 elementor-top-column elementor-element elementor-element-de0084a\" data-id=\"de0084a\" data-element_type=\"column\" data-e-type=\"column\">\n\t\t\t<div class=\"elementor-widget-wrap elementor-element-populated\">\n\t\t\t\t\t\t<section class=\"elementor-section elementor-inner-section elementor-element elementor-element-27c59a1 elementor-section-boxed elementor-section-height-default elementor-section-height-default\" data-id=\"27c59a1\" data-element_type=\"section\" data-e-type=\"section\">\n\t\t\t\t\t\t<div class=\"elementor-container elementor-column-gap-default\">\n\t\t\t\t\t<div class=\"elementor-column elementor-col-50 elementor-inner-column elementor-element elementor-element-21d2ddb\" data-id=\"21d2ddb\" data-element_type=\"column\" data-e-type=\"column\" data-settings=\"{&quot;background_background&quot;:&quot;classic&quot;}\">\n\t\t\t<div class=\"elementor-widget-wrap elementor-element-populated\">\n\t\t\t\t\t\t<div class=\"elementor-element elementor-element-624d28c elementor-widget elementor-widget-image\" data-id=\"624d28c\" data-element_type=\"widget\" data-e-type=\"widget\" data-widget_type=\"image.default\">\n\t\t\t\t<div class=\"elementor-widget-container\">\n\t\t\t\t\t\t\t\t\t\t\t\t\t\t\t<img decoding=\"async\" src=\"https:\/\/ladieslinz.at\/wp-content\/uploads\/elementor\/thumbs\/Logo_LadiesLinz_2023-violett-4c-oh.JZ_-q0g61sw63gf8de5yk1uy04ltipq20gedgiqj98aon6.png\" title=\"Logo_LadiesLinz_2023-violet 4c oh.JZ\" alt=\"Logo_LadiesLinz_2023-violett 4c oh.JZ\" loading=\"lazy\" \/>\t\t\t\t\t\t\t\t\t\t\t\t\t\t\t<\/div>\n\t\t\t\t<\/div>\n\t\t\t\t\t<\/div>\n\t\t<\/div>\n\t\t\t\t<div class=\"elementor-column elementor-col-50 elementor-inner-column elementor-element elementor-element-a0c589c\" data-id=\"a0c589c\" data-element_type=\"column\" data-e-type=\"column\">\n\t\t\t<div class=\"elementor-widget-wrap elementor-element-populated\">\n\t\t\t\t\t\t<div class=\"elementor-element elementor-element-b8b1697 elementor-widget elementor-widget-heading\" data-id=\"b8b1697\" data-element_type=\"widget\" data-e-type=\"widget\" data-widget_type=\"heading.default\">\n\t\t\t\t<div class=\"elementor-widget-container\">\n\t\t\t\t\t<h1 class=\"elementor-heading-title elementor-size-default\">\"Wheelchair Nations Cup\"<\/h1>\t\t\t\t<\/div>\n\t\t\t\t<\/div>\n\t\t\t\t\t<\/div>\n\t\t<\/div>\n\t\t\t\t\t<\/div>\n\t\t<\/section>\n\t\t\t\t<section class=\"elementor-section elementor-inner-section elementor-element elementor-element-280e646 elementor-section-boxed elementor-section-height-default elementor-section-height-default\" data-id=\"280e646\" data-element_type=\"section\" data-e-type=\"section\">\n\t\t\t\t\t\t<div class=\"elementor-container elementor-column-gap-default\">\n\t\t\t\t\t<div class=\"elementor-column elementor-col-100 elementor-inner-column elementor-element elementor-element-3882f95\" data-id=\"3882f95\" data-element_type=\"column\" data-e-type=\"column\">\n\t\t\t<div class=\"elementor-widget-wrap elementor-element-populated\">\n\t\t\t\t\t\t<div class=\"elementor-element elementor-element-cff9f1b elementor-widget elementor-widget-text-editor\" data-id=\"cff9f1b\" data-element_type=\"widget\" data-e-type=\"widget\" data-widget_type=\"text-editor.default\">\n\t\t\t\t<div class=\"elementor-widget-container\">\n\t\t\t\t\t\t\t\t\t<p>Wheelchair tennis has now become an integral part of the <strong>Upper Austria Ladies Linz.<\/strong> After several exhibition matches, a separate, competitive tournament was held for the first time in 2024. The Wheelchair Nations Cup between Austria and Germany brought together the best wheelchair tennis players from the two neighbouring countries on the centre court of Austria's most important women's sporting event. Christina Pesendorfer and Nico Langmann on the Austrian side were beaten 1:2 by Britta Wend and Anthony Dittmar from Germany. However, the score is now tied 1:1 in the direct comparison. The same duel took place at the Hamburg European Open 2023, with the red-white-red duo coming out on top. A sequel is planned for 2025! The inclusive event was once again supported by Volkshilfe Ober\u00f6sterreich\u00a0<\/p>\t\t\t\t\t\t\t\t<\/div>\n\t\t\t\t<\/div>\n\t\t\t\t<div class=\"elementor-element elementor-element-28f30db elementor--h-position-center elementor--v-position-middle elementor-arrows-position-inside elementor-pagination-position-inside elementor-widget elementor-widget-slides\" data-id=\"28f30db\" data-element_type=\"widget\" data-e-type=\"widget\" data-settings=\"{&quot;autoplay_speed&quot;:4000,&quot;transition_speed&quot;:1000,&quot;navigation&quot;:&quot;both&quot;,&quot;autoplay&quot;:&quot;yes&quot;,&quot;pause_on_hover&quot;:&quot;yes&quot;,&quot;pause_on_interaction&quot;:&quot;yes&quot;,&quot;infinite&quot;:&quot;yes&quot;,&quot;transition&quot;:&quot;slide&quot;}\" data-widget_type=\"slides.default\">\n\t\t\t\t<div class=\"elementor-widget-container\">\n\t\t\t\t\t\t\t\t\t<div class=\"elementor-swiper\">\n\t\t\t\t\t<div class=\"elementor-slides-wrapper elementor-main-swiper swiper\" role=\"region\" aria-roledescription=\"carousel\" aria-label=\"Slider\" dir=\"ltr\" data-animation=\"fadeInUp\">\n\t\t\t\t<div class=\"swiper-wrapper elementor-slides\">\n\t\t\t\t\t\t\t\t\t\t<div class=\"elementor-repeater-item-6ba2fa1 swiper-slide\" role=\"group\" aria-roledescription=\"slide\"><div class=\"swiper-slide-bg\" role=\"img\"><\/div><div class=\"swiper-slide-inner\" ><div class=\"swiper-slide-contents\"><\/div><\/div><\/div><div class=\"elementor-repeater-item-68adcb4 swiper-slide\" role=\"group\" aria-roledescription=\"slide\"><div class=\"swiper-slide-bg\" role=\"img\"><\/div><div class=\"swiper-slide-inner\" ><div class=\"swiper-slide-contents\"><\/div><\/div><\/div><div class=\"elementor-repeater-item-23006d9 swiper-slide\" role=\"group\" aria-roledescription=\"slide\"><div class=\"swiper-slide-bg\" role=\"img\"><\/div><div class=\"swiper-slide-inner\" ><div class=\"swiper-slide-contents\"><\/div><\/div><\/div><div class=\"elementor-repeater-item-895d132 swiper-slide\" role=\"group\" aria-roledescription=\"slide\"><div class=\"swiper-slide-bg\" role=\"img\"><\/div><div class=\"swiper-slide-inner\" ><div class=\"swiper-slide-contents\"><\/div><\/div><\/div><div class=\"elementor-repeater-item-5f58875 swiper-slide\" role=\"group\" aria-roledescription=\"slide\"><div class=\"swiper-slide-bg\" role=\"img\"><\/div><div class=\"swiper-slide-inner\" ><div class=\"swiper-slide-contents\"><\/div><\/div><\/div>\t\t\t\t<\/div>\n\t\t\t\t\t\t\t\t\t\t\t\t\t\t\t<div class=\"swiper-pagination\"><\/div>\n\t\t\t\t\t\t\t\t\t\t\t\t\t\t\t\t<div class=\"elementor-swiper-button elementor-swiper-button-prev\" role=\"button\" tabindex=\"0\" aria-label=\"Previous slide\">\n\t\t\t\t\t\t\t<i aria-hidden=\"true\" class=\"eicon-chevron-left\"><\/i>\t\t\t\t\t\t<\/div>\n\t\t\t\t\t\t<div class=\"elementor-swiper-button elementor-swiper-button-next\" role=\"button\" tabindex=\"0\" aria-label=\"Next slide\">\n\t\t\t\t\t\t\t<i aria-hidden=\"true\" class=\"eicon-chevron-right\"><\/i>\t\t\t\t\t\t<\/div>\n\t\t\t\t\t\t\t\t\t\t\t\t<\/div>\n\t\t\t\t<\/div>\n\t\t\t\t\t\t\t\t<\/div>\n\t\t\t\t<\/div>\n\t\t\t\t\t<\/div>\n\t\t<\/div>\n\t\t\t\t\t<\/div>\n\t\t<\/section>\n\t\t\t\t<section class=\"elementor-section elementor-inner-section elementor-element elementor-element-209ad78 elementor-section-boxed elementor-section-height-default elementor-section-height-default\" data-id=\"209ad78\" data-element_type=\"section\" data-e-type=\"section\">\n\t\t\t\t\t\t<div class=\"elementor-container elementor-column-gap-default\">\n\t\t\t\t\t<div class=\"elementor-column elementor-col-100 elementor-inner-column elementor-element elementor-element-86eb611\" data-id=\"86eb611\" data-element_type=\"column\" data-e-type=\"column\">\n\t\t\t<div class=\"elementor-widget-wrap elementor-element-populated\">\n\t\t\t\t\t\t<div class=\"elementor-element elementor-element-b222b94 elementor-widget elementor-widget-spacer\" data-id=\"b222b94\" data-element_type=\"widget\" data-e-type=\"widget\" data-widget_type=\"spacer.default\">\n\t\t\t\t<div class=\"elementor-widget-container\">\n\t\t\t\t\t\t\t<div class=\"elementor-spacer\">\n\t\t\t<div class=\"elementor-spacer-inner\"><\/div>\n\t\t<\/div>\n\t\t\t\t\t\t<\/div>\n\t\t\t\t<\/div>\n\t\t\t\t\t<\/div>\n\t\t<\/div>\n\t\t\t\t\t<\/div>\n\t\t<\/section>\n\t\t\t\t\t<\/div>\n\t\t<\/div>\n\t\t\t\t\t<\/div>\n\t\t<\/section>\n\t\t\t\t<\/div>","protected":false},"excerpt":{"rendered":"<p>Nations Cup Rollstuhltennis ist inzwischen ein fester Bestandteil des Upper Austria Ladies Linz. Nach mehreren Exhibitionmatches fand 2024 erstmals ein eigenes, wettkampfm\u00e4\u00dfig ausgetragenes Turnier statt. Der Wheelchair Nationscup zwischen \u00d6sterreich und Deutschland brachte die jeweils besten Rollstuhltennisspieler*innen aus den beiden Nachbarl\u00e4ndern am Center Court der bedeutendsten Frauensportveranstaltung \u00d6sterreichs zusammen. Christina Pesendorfer und Nico Langmann auf [&hellip;]<\/p>\n","protected":false},"author":4,"featured_media":0,"parent":0,"menu_order":0,"comment_status":"closed","ping_status":"closed","template":"elementor_header_footer","meta":{"footnotes":""},"class_list":["post-5441","page","type-page","status-publish","hentry"],"yoast_head":"<!-- This site is optimized with the Yoast SEO plugin v27.0 - https:\/\/yoast.com\/product\/yoast-seo-wordpress\/ -->\n<title>\u201eWheelchair Nations Cup\u201c - Upper Austria Ladies Linz<\/title>\n<meta name=\"robots\" content=\"index, follow, max-snippet:-1, max-image-preview:large, max-video-preview:-1\" \/>\n<link rel=\"canonical\" href=\"https:\/\/ladieslinz.at\/en\/nations-cup\/\" \/>\n<meta property=\"og:locale\" content=\"en_GB\" \/>\n<meta property=\"og:type\" content=\"article\" \/>\n<meta property=\"og:title\" content=\"\u201eWheelchair Nations Cup\u201c - Upper Austria Ladies Linz\" \/>\n<meta property=\"og:description\" content=\"Nations Cup Rollstuhltennis ist inzwischen ein fester Bestandteil des Upper Austria Ladies Linz. Nach mehreren Exhibitionmatches fand 2024 erstmals ein eigenes, wettkampfm\u00e4\u00dfig ausgetragenes Turnier statt. Der Wheelchair Nationscup zwischen \u00d6sterreich und Deutschland brachte die jeweils besten Rollstuhltennisspieler*innen aus den beiden Nachbarl\u00e4ndern am Center Court der bedeutendsten Frauensportveranstaltung \u00d6sterreichs zusammen. Christina Pesendorfer und Nico Langmann auf [&hellip;]\" \/>\n<meta property=\"og:url\" content=\"https:\/\/ladieslinz.at\/en\/nations-cup\/\" \/>\n<meta property=\"og:site_name\" content=\"Upper Austria Ladies Linz\" \/>\n<meta property=\"article:modified_time\" content=\"2024-10-10T07:48:47+00:00\" \/>\n<meta property=\"og:image\" content=\"https:\/\/ladieslinz.at\/wp-content\/uploads\/2024\/01\/Nico-Langmann_Inklusion-683x1024.jpg\" \/>\n<meta name=\"twitter:card\" content=\"summary_large_image\" \/>\n<meta name=\"twitter:site\" content=\"@WTALinz\" \/>\n<meta name=\"twitter:label1\" content=\"Estimated reading time\" \/>\n\t<meta name=\"twitter:data1\" content=\"2 minutes\" \/>\n<script type=\"application\/ld+json\" class=\"yoast-schema-graph\">{\"@context\":\"https:\/\/schema.org\",\"@graph\":[{\"@type\":\"WebPage\",\"@id\":\"https:\/\/ladieslinz.at\/nations-cup\/\",\"url\":\"https:\/\/ladieslinz.at\/nations-cup\/\",\"name\":\"\u201eWheelchair Nations Cup\u201c - Upper Austria Ladies Linz\",\"isPartOf\":{\"@id\":\"https:\/\/ladieslinz.at\/#website\"},\"primaryImageOfPage\":{\"@id\":\"https:\/\/ladieslinz.at\/nations-cup\/#primaryimage\"},\"image\":{\"@id\":\"https:\/\/ladieslinz.at\/nations-cup\/#primaryimage\"},\"thumbnailUrl\":\"https:\/\/ladieslinz.at\/wp-content\/uploads\/2024\/01\/Nico-Langmann_Inklusion-683x1024.jpg\",\"datePublished\":\"2024-01-21T16:53:07+00:00\",\"dateModified\":\"2024-10-10T07:48:47+00:00\",\"breadcrumb\":{\"@id\":\"https:\/\/ladieslinz.at\/nations-cup\/#breadcrumb\"},\"inLanguage\":\"en-GB\",\"potentialAction\":[{\"@type\":\"ReadAction\",\"target\":[\"https:\/\/ladieslinz.at\/nations-cup\/\"]}]},{\"@type\":\"ImageObject\",\"inLanguage\":\"en-GB\",\"@id\":\"https:\/\/ladieslinz.at\/nations-cup\/#primaryimage\",\"url\":\"https:\/\/ladieslinz.at\/wp-content\/uploads\/2024\/01\/Nico-Langmann_Inklusion-683x1024.jpg\",\"contentUrl\":\"https:\/\/ladieslinz.at\/wp-content\/uploads\/2024\/01\/Nico-Langmann_Inklusion-683x1024.jpg\"},{\"@type\":\"BreadcrumbList\",\"@id\":\"https:\/\/ladieslinz.at\/nations-cup\/#breadcrumb\",\"itemListElement\":[{\"@type\":\"ListItem\",\"position\":1,\"name\":\"Startseite\",\"item\":\"https:\/\/ladieslinz.at\/\"},{\"@type\":\"ListItem\",\"position\":2,\"name\":\"\u201eWheelchair Nations Cup\u201c\"}]},{\"@type\":\"WebSite\",\"@id\":\"https:\/\/ladieslinz.at\/#website\",\"url\":\"https:\/\/ladieslinz.at\/\",\"name\":\"Upper Austria Ladies Linz\",\"description\":\"WTA500 Tennis\",\"publisher\":{\"@id\":\"https:\/\/ladieslinz.at\/#organization\"},\"potentialAction\":[{\"@type\":\"SearchAction\",\"target\":{\"@type\":\"EntryPoint\",\"urlTemplate\":\"https:\/\/ladieslinz.at\/?s={search_term_string}\"},\"query-input\":{\"@type\":\"PropertyValueSpecification\",\"valueRequired\":true,\"valueName\":\"search_term_string\"}}],\"inLanguage\":\"en-GB\"},{\"@type\":\"Organization\",\"@id\":\"https:\/\/ladieslinz.at\/#organization\",\"name\":\"Upper Austria Ladies Linz\",\"url\":\"https:\/\/ladieslinz.at\/\",\"logo\":{\"@type\":\"ImageObject\",\"inLanguage\":\"en-GB\",\"@id\":\"https:\/\/ladieslinz.at\/#\/schema\/logo\/image\/\",\"url\":\"https:\/\/ladieslinz.at\/wp-content\/uploads\/2022\/09\/LOGO-Neg.png\",\"contentUrl\":\"https:\/\/ladieslinz.at\/wp-content\/uploads\/2022\/09\/LOGO-Neg.png\",\"width\":586,\"height\":221,\"caption\":\"Upper Austria Ladies Linz\"},\"image\":{\"@id\":\"https:\/\/ladieslinz.at\/#\/schema\/logo\/image\/\"},\"sameAs\":[\"https:\/\/x.com\/WTALinz\",\"https:\/\/www.instagram.com\/wtalinz\/?hl=de\"]}]}<\/script>\n<!-- \/ Yoast SEO plugin. -->","yoast_head_json":{"title":"\u201eWheelchair Nations Cup\u201c - Upper Austria Ladies Linz","robots":{"index":"index","follow":"follow","max-snippet":"max-snippet:-1","max-image-preview":"max-image-preview:large","max-video-preview":"max-video-preview:-1"},"canonical":"https:\/\/ladieslinz.at\/en\/nations-cup\/","og_locale":"en_GB","og_type":"article","og_title":"\u201eWheelchair Nations Cup\u201c - Upper Austria Ladies Linz","og_description":"Nations Cup Rollstuhltennis ist inzwischen ein fester Bestandteil des Upper Austria Ladies Linz. Nach mehreren Exhibitionmatches fand 2024 erstmals ein eigenes, wettkampfm\u00e4\u00dfig ausgetragenes Turnier statt. Der Wheelchair Nationscup zwischen \u00d6sterreich und Deutschland brachte die jeweils besten Rollstuhltennisspieler*innen aus den beiden Nachbarl\u00e4ndern am Center Court der bedeutendsten Frauensportveranstaltung \u00d6sterreichs zusammen. Christina Pesendorfer und Nico Langmann auf [&hellip;]","og_url":"https:\/\/ladieslinz.at\/en\/nations-cup\/","og_site_name":"Upper Austria Ladies Linz","article_modified_time":"2024-10-10T07:48:47+00:00","og_image":[{"url":"https:\/\/ladieslinz.at\/wp-content\/uploads\/2024\/01\/Nico-Langmann_Inklusion-683x1024.jpg","type":"","width":"","height":""}],"twitter_card":"summary_large_image","twitter_site":"@WTALinz","twitter_misc":{"Estimated reading time":"2 minutes"},"schema":{"@context":"https:\/\/schema.org","@graph":[{"@type":"WebPage","@id":"https:\/\/ladieslinz.at\/nations-cup\/","url":"https:\/\/ladieslinz.at\/nations-cup\/","name":"\u201eWheelchair Nations Cup\u201c - Upper Austria Ladies Linz","isPartOf":{"@id":"https:\/\/ladieslinz.at\/#website"},"primaryImageOfPage":{"@id":"https:\/\/ladieslinz.at\/nations-cup\/#primaryimage"},"image":{"@id":"https:\/\/ladieslinz.at\/nations-cup\/#primaryimage"},"thumbnailUrl":"https:\/\/ladieslinz.at\/wp-content\/uploads\/2024\/01\/Nico-Langmann_Inklusion-683x1024.jpg","datePublished":"2024-01-21T16:53:07+00:00","dateModified":"2024-10-10T07:48:47+00:00","breadcrumb":{"@id":"https:\/\/ladieslinz.at\/nations-cup\/#breadcrumb"},"inLanguage":"en-GB","potentialAction":[{"@type":"ReadAction","target":["https:\/\/ladieslinz.at\/nations-cup\/"]}]},{"@type":"ImageObject","inLanguage":"en-GB","@id":"https:\/\/ladieslinz.at\/nations-cup\/#primaryimage","url":"https:\/\/ladieslinz.at\/wp-content\/uploads\/2024\/01\/Nico-Langmann_Inklusion-683x1024.jpg","contentUrl":"https:\/\/ladieslinz.at\/wp-content\/uploads\/2024\/01\/Nico-Langmann_Inklusion-683x1024.jpg"},{"@type":"BreadcrumbList","@id":"https:\/\/ladieslinz.at\/nations-cup\/#breadcrumb","itemListElement":[{"@type":"ListItem","position":1,"name":"Startseite","item":"https:\/\/ladieslinz.at\/"},{"@type":"ListItem","position":2,"name":"\u201eWheelchair Nations Cup\u201c"}]},{"@type":"WebSite","@id":"https:\/\/ladieslinz.at\/#website","url":"https:\/\/ladieslinz.at\/","name":"Upper Austria Ladies Linz","description":"WTA500 Tennis","publisher":{"@id":"https:\/\/ladieslinz.at\/#organization"},"potentialAction":[{"@type":"SearchAction","target":{"@type":"EntryPoint","urlTemplate":"https:\/\/ladieslinz.at\/?s={search_term_string}"},"query-input":{"@type":"PropertyValueSpecification","valueRequired":true,"valueName":"search_term_string"}}],"inLanguage":"en-GB"},{"@type":"Organization","@id":"https:\/\/ladieslinz.at\/#organization","name":"Upper Austria Ladies Linz","url":"https:\/\/ladieslinz.at\/","logo":{"@type":"ImageObject","inLanguage":"en-GB","@id":"https:\/\/ladieslinz.at\/#\/schema\/logo\/image\/","url":"https:\/\/ladieslinz.at\/wp-content\/uploads\/2022\/09\/LOGO-Neg.png","contentUrl":"https:\/\/ladieslinz.at\/wp-content\/uploads\/2022\/09\/LOGO-Neg.png","width":586,"height":221,"caption":"Upper Austria Ladies Linz"},"image":{"@id":"https:\/\/ladieslinz.at\/#\/schema\/logo\/image\/"},"sameAs":["https:\/\/x.com\/WTALinz","https:\/\/www.instagram.com\/wtalinz\/?hl=de"]}]}},"_links":{"self":[{"href":"https:\/\/ladieslinz.at\/en\/wp-json\/wp\/v2\/pages\/5441","targetHints":{"allow":["GET"]}}],"collection":[{"href":"https:\/\/ladieslinz.at\/en\/wp-json\/wp\/v2\/pages"}],"about":[{"href":"https:\/\/ladieslinz.at\/en\/wp-json\/wp\/v2\/types\/page"}],"author":[{"embeddable":true,"href":"https:\/\/ladieslinz.at\/en\/wp-json\/wp\/v2\/users\/4"}],"replies":[{"embeddable":true,"href":"https:\/\/ladieslinz.at\/en\/wp-json\/wp\/v2\/comments?post=5441"}],"version-history":[{"count":10,"href":"https:\/\/ladieslinz.at\/en\/wp-json\/wp\/v2\/pages\/5441\/revisions"}],"predecessor-version":[{"id":8451,"href":"https:\/\/ladieslinz.at\/en\/wp-json\/wp\/v2\/pages\/5441\/revisions\/8451"}],"wp:attachment":[{"href":"https:\/\/ladieslinz.at\/en\/wp-json\/wp\/v2\/media?parent=5441"}],"curies":[{"name":"wp","href":"https:\/\/api.w.org\/{rel}","templated":true}]}}