{"id":847,"date":"2022-11-10T11:50:24","date_gmt":"2022-11-10T10:50:24","guid":{"rendered":"https:\/\/ladieslinz.at\/?page_id=847"},"modified":"2025-12-11T11:03:57","modified_gmt":"2025-12-11T10:03:57","slug":"wild-card-challenge","status":"publish","type":"page","link":"https:\/\/ladieslinz.at\/en\/wild-card-challenge\/","title":{"rendered":"Wildcard Challenge"},"content":{"rendered":"<div data-elementor-type=\"wp-page\" data-elementor-id=\"847\" class=\"elementor elementor-847\" data-elementor-post-type=\"page\">\n\t\t\t\t<div class=\"elementor-element elementor-element-f62fc35 e-con-full e-flex e-con e-parent\" data-id=\"f62fc35\" data-element_type=\"container\" data-e-type=\"container\" data-settings=\"{&quot;background_background&quot;:&quot;classic&quot;}\">\n\t\t\t\t<\/div>\n\t\t<div class=\"elementor-element elementor-element-ec1c3f9 e-flex e-con-boxed e-con e-parent\" data-id=\"ec1c3f9\" data-element_type=\"container\" data-e-type=\"container\" data-settings=\"{&quot;background_background&quot;:&quot;classic&quot;}\">\n\t\t\t\t\t<div class=\"e-con-inner\">\n\t\t<div class=\"elementor-element elementor-element-e51028a e-con-full e-flex e-con e-child\" data-id=\"e51028a\" data-element_type=\"container\" data-e-type=\"container\">\n\t\t<div class=\"elementor-element elementor-element-32b0375 e-con-full e-flex e-con e-child\" data-id=\"32b0375\" data-element_type=\"container\" data-e-type=\"container\" data-settings=\"{&quot;background_background&quot;:&quot;classic&quot;}\">\n\t\t\t\t<div class=\"elementor-element elementor-element-ed1d067 elementor-widget elementor-widget-image\" data-id=\"ed1d067\" data-element_type=\"widget\" data-e-type=\"widget\" data-widget_type=\"image.default\">\n\t\t\t\t<div class=\"elementor-widget-container\">\n\t\t\t\t\t\t\t\t\t\t\t\t\t\t\t<img decoding=\"async\" src=\"https:\/\/ladieslinz.at\/wp-content\/uploads\/elementor\/thumbs\/Logo_LadiesLinz_2023-turkis-4c-q0g61sw63gf8de5yk1uy04ltipq20gedgiqj98aon6.png\" title=\"Logo_LadiesLinz_2023-turkis 4c\" alt=\"Logo_LadiesLinz_2023-turkis 4c\" loading=\"lazy\" \/>\t\t\t\t\t\t\t\t\t\t\t\t\t\t\t<\/div>\n\t\t\t\t<\/div>\n\t\t\t\t<\/div>\n\t\t<div class=\"elementor-element elementor-element-c716083 e-con-full e-flex e-con e-child\" data-id=\"c716083\" data-element_type=\"container\" data-e-type=\"container\">\n\t\t\t\t<div class=\"elementor-element elementor-element-4edea2c elementor-widget elementor-widget-heading\" data-id=\"4edea2c\" data-element_type=\"widget\" data-e-type=\"widget\" data-widget_type=\"heading.default\">\n\t\t\t\t<div class=\"elementor-widget-container\">\n\t\t\t\t\t<h2 class=\"elementor-heading-title elementor-size-default\">Wildcard Challenge<\/h2>\t\t\t\t<\/div>\n\t\t\t\t<\/div>\n\t\t\t\t<div class=\"elementor-element elementor-element-e6aa96d elementor-widget elementor-widget-heading\" data-id=\"e6aa96d\" data-element_type=\"widget\" data-e-type=\"widget\" data-widget_type=\"heading.default\">\n\t\t\t\t<div class=\"elementor-widget-container\">\n\t\t\t\t\t<h1 class=\"elementor-heading-title elementor-size-default\">THE WAY TO THE TOP! <\/h1>\t\t\t\t<\/div>\n\t\t\t\t<\/div>\n\t\t\t\t<\/div>\n\t\t\t\t<\/div>\n\t\t\t\t\t<\/div>\n\t\t\t\t<\/div>\n\t\t\t\t<section class=\"elementor-section elementor-top-section elementor-element elementor-element-203caa7 elementor-section-boxed elementor-section-height-default elementor-section-height-default\" data-id=\"203caa7\" data-element_type=\"section\" data-e-type=\"section\" data-settings=\"{&quot;background_background&quot;:&quot;classic&quot;}\">\n\t\t\t\t\t\t<div class=\"elementor-container elementor-column-gap-default\">\n\t\t\t\t\t<div class=\"elementor-column elementor-col-100 elementor-top-column elementor-element elementor-element-3f3d615\" data-id=\"3f3d615\" data-element_type=\"column\" data-e-type=\"column\">\n\t\t\t<div class=\"elementor-widget-wrap elementor-element-populated\">\n\t\t\t\t\t\t<section class=\"elementor-section elementor-inner-section elementor-element elementor-element-bd0d6a9 elementor-section-full_width elementor-hidden-desktop elementor-hidden-tablet_extra elementor-hidden-tablet elementor-hidden-mobile elementor-section-height-default elementor-section-height-default\" data-id=\"bd0d6a9\" data-element_type=\"section\" data-e-type=\"section\">\n\t\t\t\t\t\t<div class=\"elementor-container elementor-column-gap-default\">\n\t\t\t\t\t<div class=\"elementor-column elementor-col-50 elementor-inner-column elementor-element elementor-element-625eeac\" data-id=\"625eeac\" data-element_type=\"column\" data-e-type=\"column\" data-settings=\"{&quot;background_background&quot;:&quot;classic&quot;}\">\n\t\t\t<div class=\"elementor-widget-wrap elementor-element-populated\">\n\t\t\t\t\t\t<div class=\"elementor-element elementor-element-a42afac elementor-widget elementor-widget-image\" data-id=\"a42afac\" data-element_type=\"widget\" data-e-type=\"widget\" data-widget_type=\"image.default\">\n\t\t\t\t<div class=\"elementor-widget-container\">\n\t\t\t\t\t\t\t\t\t\t\t\t\t\t\t<img decoding=\"async\" src=\"https:\/\/ladieslinz.at\/wp-content\/uploads\/elementor\/thumbs\/Logo_LadiesLinz_2023-turkis-4c-q0g61sw63gf8de5yk1uy04ltipq20gedgiqj98aon6.png\" title=\"Logo_LadiesLinz_2023-turkis 4c\" alt=\"Logo_LadiesLinz_2023-turkis 4c\" loading=\"lazy\" \/>\t\t\t\t\t\t\t\t\t\t\t\t\t\t\t<\/div>\n\t\t\t\t<\/div>\n\t\t\t\t\t<\/div>\n\t\t<\/div>\n\t\t\t\t<div class=\"elementor-column elementor-col-50 elementor-inner-column elementor-element elementor-element-abe39ad\" data-id=\"abe39ad\" data-element_type=\"column\" data-e-type=\"column\">\n\t\t\t<div class=\"elementor-widget-wrap elementor-element-populated\">\n\t\t\t\t\t\t<div class=\"elementor-element elementor-element-b831505 elementor-widget elementor-widget-heading\" data-id=\"b831505\" data-element_type=\"widget\" data-e-type=\"widget\" data-widget_type=\"heading.default\">\n\t\t\t\t<div class=\"elementor-widget-container\">\n\t\t\t\t\t<h2 class=\"elementor-heading-title elementor-size-default\">Wildcard Challenge <\/h2>\t\t\t\t<\/div>\n\t\t\t\t<\/div>\n\t\t\t\t<div class=\"elementor-element elementor-element-7f6a3a0 elementor-widget elementor-widget-heading\" data-id=\"7f6a3a0\" data-element_type=\"widget\" data-e-type=\"widget\" data-widget_type=\"heading.default\">\n\t\t\t\t<div class=\"elementor-widget-container\">\n\t\t\t\t\t<h1 class=\"elementor-heading-title elementor-size-default\">THE WAY TO THE TOP! <\/h1>\t\t\t\t<\/div>\n\t\t\t\t<\/div>\n\t\t\t\t\t<\/div>\n\t\t<\/div>\n\t\t\t\t\t<\/div>\n\t\t<\/section>\n\t\t<div class=\"elementor-element elementor-element-eb8e0c7 e-con-full e-flex e-con e-parent\" data-id=\"eb8e0c7\" data-element_type=\"container\" data-e-type=\"container\">\n\t\t<div class=\"elementor-element elementor-element-04fc17e e-con-full e-flex e-con e-child\" data-id=\"04fc17e\" data-element_type=\"container\" data-e-type=\"container\">\n\t\t\t\t<div class=\"elementor-element elementor-element-70ad07f elementor-widget elementor-widget-text-editor\" data-id=\"70ad07f\" data-element_type=\"widget\" data-e-type=\"widget\" data-widget_type=\"text-editor.default\">\n\t\t\t\t<div class=\"elementor-widget-container\">\n\t\t\t\t\t\t\t\t\t<div class=\"elementor-element elementor-element-485896b5 elementor-widget elementor-widget-text-editor\" data-id=\"485896b5\" data-element_type=\"widget\" data-widget_type=\"text-editor.default\"><div class=\"elementor-widget-container\"><p>The Young Ladies Wildcard Challenge is THE chance for up-and-coming Austrian players to play on the big stage of the <strong>Upper Austria Ladies Linz<\/strong> to play along.<\/p><p>At this \"pre-tournament\", which traditionally takes place one week before the start of the main competition, eight players with first international experience compete for a wild card for the qualification for the WTA 500 event.<\/p><p>The Wildcard Challenge is a joint initiative of the <strong>Upper Austria Ladies Linz<\/strong> and the Austrian Tennis Federation, represented by tournament director Sandra Reichel and \u00d6TV sports coordinator and captain of the Austrian Billie Jean King Cup team Marion Maruska.<\/p><p>The winners so far are:\u00a0<\/p><\/div><\/div>\t\t\t\t\t\t\t\t<\/div>\n\t\t\t\t<\/div>\n\t\t<div class=\"elementor-element elementor-element-4c09e12 e-con-full e-flex elementor-invisible e-con e-child\" data-id=\"4c09e12\" data-element_type=\"container\" data-e-type=\"container\" data-settings=\"{&quot;background_background&quot;:&quot;classic&quot;,&quot;animation&quot;:&quot;fadeInUp&quot;,&quot;animation_delay&quot;:200}\">\n\t\t\t\t<div class=\"elementor-element elementor-element-d00b99d elementor-widget elementor-widget-text-editor\" data-id=\"d00b99d\" data-element_type=\"widget\" data-e-type=\"widget\" data-widget_type=\"text-editor.default\">\n\t\t\t\t<div class=\"elementor-widget-container\">\n\t\t\t\t\t\t\t\t\t<p><strong>LIST OF WINNERS<\/strong><\/p><div class=\"elementor-widget-container\"><p class=\"p2\"><strong>2018:<\/strong> Mavie \u00d6sterreicher (Vienna)<\/p><p class=\"p2\"><strong>2019:<\/strong> Emily Meyer (Vorarlberg)<\/p><p class=\"p2\"><strong>2020:<\/strong> Veronika Bokor (Lower Austria)<\/p><p class=\"p2\"><strong>2021:<\/strong> Mavie \u00d6sterreicher (Vienna)<\/p><p><strong>2023:<\/strong> Veronika Bokor (Lower Austria)<\/p><p><strong>2024:<\/strong> Arabella Koller (Upper Austria)<\/p><p><strong>2025:<\/strong> Mavie \u00d6sterreicher (Vienna)<\/p><\/div>\t\t\t\t\t\t\t\t<\/div>\n\t\t\t\t<\/div>\n\t\t\t\t<\/div>\n\t\t\t\t<\/div>\n\t\t<div class=\"elementor-element elementor-element-f151bc4 e-con-full e-flex e-con e-child\" data-id=\"f151bc4\" data-element_type=\"container\" data-e-type=\"container\">\n\t\t<div class=\"elementor-element elementor-element-89199ca e-con-full e-flex e-con e-child\" data-id=\"89199ca\" data-element_type=\"container\" data-e-type=\"container\" data-settings=\"{&quot;background_background&quot;:&quot;classic&quot;}\">\n\t\t\t\t<div class=\"elementor-element elementor-element-d2c9f5e elementor-widget elementor-widget-text-editor\" data-id=\"d2c9f5e\" data-element_type=\"widget\" data-e-type=\"widget\" data-widget_type=\"text-editor.default\">\n\t\t\t\t<div class=\"elementor-widget-container\">\n\t\t\t\t\t\t\t\t\t<p class=\"p1\"><i>\"Yes, it's great that we can organise this wildcard challenge in cooperation with the Austrian and Upper Austrian tennis associations. It is always a matter close to my heart to offer our young players this platform.\"<\/i><\/p><p class=\"p1\"><strong>Sandra Reichel<br \/><\/strong><strong>Tournament Director<\/strong><\/p>\t\t\t\t\t\t\t\t<\/div>\n\t\t\t\t<\/div>\n\t\t\t\t<\/div>\n\t\t\t\t<\/div>\n\t\t\t\t<\/div>\n\t\t\t\t\t<\/div>\n\t\t<\/div>\n\t\t\t\t\t<\/div>\n\t\t<\/section>\n\t\t\t\t<\/div>","protected":false},"excerpt":{"rendered":"<p>Wildcard-Challenge \u200b DER WEG NACH OBEN! Wildcard-Challenge DER WEG NACH OBEN! Die Young Ladies Wildcard-Challenge ist DIE Chance f\u00fcr \u00f6sterreichische Nachwuchsspielerinnen, auf der gro\u00dfen B\u00fchne des Upper Austria Ladies Linz mitzuspielen. Bei diesem &#8222;Vorab-Turnier&#8220;, das traditionell eine Woche vor Beginn des Hauptbewerbs stattfindet, k\u00e4mpfen acht Spielerinnen mit ersten internationalen Erfahrungen um eine Wildcard f\u00fcr die [&hellip;]<\/p>\n","protected":false},"author":1,"featured_media":0,"parent":0,"menu_order":0,"comment_status":"closed","ping_status":"closed","template":"","meta":{"footnotes":""},"class_list":["post-847","page","type-page","status-publish","hentry"],"yoast_head":"<!-- This site is optimized with the Yoast SEO plugin v27.4 - https:\/\/yoast.com\/product\/yoast-seo-wordpress\/ -->\n<title>Wildcard-Challenge - Upper Austria Ladies Linz<\/title>\n<meta name=\"robots\" content=\"index, follow, max-snippet:-1, max-image-preview:large, max-video-preview:-1\" \/>\n<link rel=\"canonical\" href=\"https:\/\/ladieslinz.at\/en\/wild-card-challenge\/\" \/>\n<meta property=\"og:locale\" content=\"en_GB\" \/>\n<meta property=\"og:type\" content=\"article\" \/>\n<meta property=\"og:title\" content=\"Wildcard-Challenge - Upper Austria Ladies Linz\" \/>\n<meta property=\"og:description\" content=\"Wildcard-Challenge \u200b DER WEG NACH OBEN! Wildcard-Challenge DER WEG NACH OBEN! Die Young Ladies Wildcard-Challenge ist DIE Chance f\u00fcr \u00f6sterreichische Nachwuchsspielerinnen, auf der gro\u00dfen B\u00fchne des Upper Austria Ladies Linz mitzuspielen. Bei diesem &#8222;Vorab-Turnier&#8220;, das traditionell eine Woche vor Beginn des Hauptbewerbs stattfindet, k\u00e4mpfen acht Spielerinnen mit ersten internationalen Erfahrungen um eine Wildcard f\u00fcr die [&hellip;]\" \/>\n<meta property=\"og:url\" content=\"https:\/\/ladieslinz.at\/en\/wild-card-challenge\/\" \/>\n<meta property=\"og:site_name\" content=\"Upper Austria Ladies Linz\" \/>\n<meta property=\"article:modified_time\" content=\"2025-12-11T10:03:57+00:00\" \/>\n<meta property=\"og:image\" content=\"https:\/\/ladieslinz.at\/wp-content\/uploads\/elementor\/thumbs\/Logo_LadiesLinz_2023-turkis-4c-q0g61sw63gf8de5yk1uy04ltipq20gedgiqj98aong.png\" \/>\n<meta name=\"twitter:card\" content=\"summary_large_image\" \/>\n<meta name=\"twitter:site\" content=\"@WTALinz\" \/>\n<meta name=\"twitter:label1\" content=\"Estimated reading time\" \/>\n\t<meta name=\"twitter:data1\" content=\"2 minutes\" \/>\n<script type=\"application\/ld+json\" class=\"yoast-schema-graph\">{\"@context\":\"https:\\\/\\\/schema.org\",\"@graph\":[{\"@type\":\"WebPage\",\"@id\":\"https:\\\/\\\/ladieslinz.at\\\/wild-card-challenge\\\/\",\"url\":\"https:\\\/\\\/ladieslinz.at\\\/wild-card-challenge\\\/\",\"name\":\"Wildcard-Challenge - Upper Austria Ladies Linz\",\"isPartOf\":{\"@id\":\"https:\\\/\\\/ladieslinz.at\\\/#website\"},\"primaryImageOfPage\":{\"@id\":\"https:\\\/\\\/ladieslinz.at\\\/wild-card-challenge\\\/#primaryimage\"},\"image\":{\"@id\":\"https:\\\/\\\/ladieslinz.at\\\/wild-card-challenge\\\/#primaryimage\"},\"thumbnailUrl\":\"https:\\\/\\\/ladieslinz.at\\\/wp-content\\\/uploads\\\/elementor\\\/thumbs\\\/Logo_LadiesLinz_2023-turkis-4c-q0g61sw63gf8de5yk1uy04ltipq20gedgiqj98aong.png\",\"datePublished\":\"2022-11-10T10:50:24+00:00\",\"dateModified\":\"2025-12-11T10:03:57+00:00\",\"breadcrumb\":{\"@id\":\"https:\\\/\\\/ladieslinz.at\\\/wild-card-challenge\\\/#breadcrumb\"},\"inLanguage\":\"en-GB\",\"potentialAction\":[{\"@type\":\"ReadAction\",\"target\":[\"https:\\\/\\\/ladieslinz.at\\\/wild-card-challenge\\\/\"]}]},{\"@type\":\"ImageObject\",\"inLanguage\":\"en-GB\",\"@id\":\"https:\\\/\\\/ladieslinz.at\\\/wild-card-challenge\\\/#primaryimage\",\"url\":\"https:\\\/\\\/ladieslinz.at\\\/wp-content\\\/uploads\\\/elementor\\\/thumbs\\\/Logo_LadiesLinz_2023-turkis-4c-q0g61sw63gf8de5yk1uy04ltipq20gedgiqj98aong.png\",\"contentUrl\":\"https:\\\/\\\/ladieslinz.at\\\/wp-content\\\/uploads\\\/elementor\\\/thumbs\\\/Logo_LadiesLinz_2023-turkis-4c-q0g61sw63gf8de5yk1uy04ltipq20gedgiqj98aong.png\"},{\"@type\":\"BreadcrumbList\",\"@id\":\"https:\\\/\\\/ladieslinz.at\\\/wild-card-challenge\\\/#breadcrumb\",\"itemListElement\":[{\"@type\":\"ListItem\",\"position\":1,\"name\":\"Startseite\",\"item\":\"https:\\\/\\\/ladieslinz.at\\\/\"},{\"@type\":\"ListItem\",\"position\":2,\"name\":\"Wildcard-Challenge\"}]},{\"@type\":\"WebSite\",\"@id\":\"https:\\\/\\\/ladieslinz.at\\\/#website\",\"url\":\"https:\\\/\\\/ladieslinz.at\\\/\",\"name\":\"Upper Austria Ladies Linz\",\"description\":\"WTA500 Tennis\",\"publisher\":{\"@id\":\"https:\\\/\\\/ladieslinz.at\\\/#organization\"},\"potentialAction\":[{\"@type\":\"SearchAction\",\"target\":{\"@type\":\"EntryPoint\",\"urlTemplate\":\"https:\\\/\\\/ladieslinz.at\\\/?s={search_term_string}\"},\"query-input\":{\"@type\":\"PropertyValueSpecification\",\"valueRequired\":true,\"valueName\":\"search_term_string\"}}],\"inLanguage\":\"en-GB\"},{\"@type\":\"Organization\",\"@id\":\"https:\\\/\\\/ladieslinz.at\\\/#organization\",\"name\":\"Upper Austria Ladies Linz\",\"url\":\"https:\\\/\\\/ladieslinz.at\\\/\",\"logo\":{\"@type\":\"ImageObject\",\"inLanguage\":\"en-GB\",\"@id\":\"https:\\\/\\\/ladieslinz.at\\\/#\\\/schema\\\/logo\\\/image\\\/\",\"url\":\"https:\\\/\\\/ladieslinz.at\\\/wp-content\\\/uploads\\\/2022\\\/09\\\/LOGO-Neg.png\",\"contentUrl\":\"https:\\\/\\\/ladieslinz.at\\\/wp-content\\\/uploads\\\/2022\\\/09\\\/LOGO-Neg.png\",\"width\":586,\"height\":221,\"caption\":\"Upper Austria Ladies Linz\"},\"image\":{\"@id\":\"https:\\\/\\\/ladieslinz.at\\\/#\\\/schema\\\/logo\\\/image\\\/\"},\"sameAs\":[\"https:\\\/\\\/x.com\\\/WTALinz\",\"https:\\\/\\\/www.instagram.com\\\/wtalinz\\\/?hl=de\"]}]}<\/script>\n<!-- \/ Yoast SEO plugin. -->","yoast_head_json":{"title":"Wildcard-Challenge - Upper Austria Ladies Linz","robots":{"index":"index","follow":"follow","max-snippet":"max-snippet:-1","max-image-preview":"max-image-preview:large","max-video-preview":"max-video-preview:-1"},"canonical":"https:\/\/ladieslinz.at\/en\/wild-card-challenge\/","og_locale":"en_GB","og_type":"article","og_title":"Wildcard-Challenge - Upper Austria Ladies Linz","og_description":"Wildcard-Challenge \u200b DER WEG NACH OBEN! Wildcard-Challenge DER WEG NACH OBEN! Die Young Ladies Wildcard-Challenge ist DIE Chance f\u00fcr \u00f6sterreichische Nachwuchsspielerinnen, auf der gro\u00dfen B\u00fchne des Upper Austria Ladies Linz mitzuspielen. Bei diesem &#8222;Vorab-Turnier&#8220;, das traditionell eine Woche vor Beginn des Hauptbewerbs stattfindet, k\u00e4mpfen acht Spielerinnen mit ersten internationalen Erfahrungen um eine Wildcard f\u00fcr die [&hellip;]","og_url":"https:\/\/ladieslinz.at\/en\/wild-card-challenge\/","og_site_name":"Upper Austria Ladies Linz","article_modified_time":"2025-12-11T10:03:57+00:00","og_image":[{"url":"https:\/\/ladieslinz.at\/wp-content\/uploads\/elementor\/thumbs\/Logo_LadiesLinz_2023-turkis-4c-q0g61sw63gf8de5yk1uy04ltipq20gedgiqj98aong.png","type":"","width":"","height":""}],"twitter_card":"summary_large_image","twitter_site":"@WTALinz","twitter_misc":{"Estimated reading time":"2 minutes"},"schema":{"@context":"https:\/\/schema.org","@graph":[{"@type":"WebPage","@id":"https:\/\/ladieslinz.at\/wild-card-challenge\/","url":"https:\/\/ladieslinz.at\/wild-card-challenge\/","name":"Wildcard-Challenge - Upper Austria Ladies Linz","isPartOf":{"@id":"https:\/\/ladieslinz.at\/#website"},"primaryImageOfPage":{"@id":"https:\/\/ladieslinz.at\/wild-card-challenge\/#primaryimage"},"image":{"@id":"https:\/\/ladieslinz.at\/wild-card-challenge\/#primaryimage"},"thumbnailUrl":"https:\/\/ladieslinz.at\/wp-content\/uploads\/elementor\/thumbs\/Logo_LadiesLinz_2023-turkis-4c-q0g61sw63gf8de5yk1uy04ltipq20gedgiqj98aong.png","datePublished":"2022-11-10T10:50:24+00:00","dateModified":"2025-12-11T10:03:57+00:00","breadcrumb":{"@id":"https:\/\/ladieslinz.at\/wild-card-challenge\/#breadcrumb"},"inLanguage":"en-GB","potentialAction":[{"@type":"ReadAction","target":["https:\/\/ladieslinz.at\/wild-card-challenge\/"]}]},{"@type":"ImageObject","inLanguage":"en-GB","@id":"https:\/\/ladieslinz.at\/wild-card-challenge\/#primaryimage","url":"https:\/\/ladieslinz.at\/wp-content\/uploads\/elementor\/thumbs\/Logo_LadiesLinz_2023-turkis-4c-q0g61sw63gf8de5yk1uy04ltipq20gedgiqj98aong.png","contentUrl":"https:\/\/ladieslinz.at\/wp-content\/uploads\/elementor\/thumbs\/Logo_LadiesLinz_2023-turkis-4c-q0g61sw63gf8de5yk1uy04ltipq20gedgiqj98aong.png"},{"@type":"BreadcrumbList","@id":"https:\/\/ladieslinz.at\/wild-card-challenge\/#breadcrumb","itemListElement":[{"@type":"ListItem","position":1,"name":"Startseite","item":"https:\/\/ladieslinz.at\/"},{"@type":"ListItem","position":2,"name":"Wildcard-Challenge"}]},{"@type":"WebSite","@id":"https:\/\/ladieslinz.at\/#website","url":"https:\/\/ladieslinz.at\/","name":"Upper Austria Ladies Linz","description":"WTA500 Tennis","publisher":{"@id":"https:\/\/ladieslinz.at\/#organization"},"potentialAction":[{"@type":"SearchAction","target":{"@type":"EntryPoint","urlTemplate":"https:\/\/ladieslinz.at\/?s={search_term_string}"},"query-input":{"@type":"PropertyValueSpecification","valueRequired":true,"valueName":"search_term_string"}}],"inLanguage":"en-GB"},{"@type":"Organization","@id":"https:\/\/ladieslinz.at\/#organization","name":"Upper Austria Ladies Linz","url":"https:\/\/ladieslinz.at\/","logo":{"@type":"ImageObject","inLanguage":"en-GB","@id":"https:\/\/ladieslinz.at\/#\/schema\/logo\/image\/","url":"https:\/\/ladieslinz.at\/wp-content\/uploads\/2022\/09\/LOGO-Neg.png","contentUrl":"https:\/\/ladieslinz.at\/wp-content\/uploads\/2022\/09\/LOGO-Neg.png","width":586,"height":221,"caption":"Upper Austria Ladies Linz"},"image":{"@id":"https:\/\/ladieslinz.at\/#\/schema\/logo\/image\/"},"sameAs":["https:\/\/x.com\/WTALinz","https:\/\/www.instagram.com\/wtalinz\/?hl=de"]}]}},"_links":{"self":[{"href":"https:\/\/ladieslinz.at\/en\/wp-json\/wp\/v2\/pages\/847","targetHints":{"allow":["GET"]}}],"collection":[{"href":"https:\/\/ladieslinz.at\/en\/wp-json\/wp\/v2\/pages"}],"about":[{"href":"https:\/\/ladieslinz.at\/en\/wp-json\/wp\/v2\/types\/page"}],"author":[{"embeddable":true,"href":"https:\/\/ladieslinz.at\/en\/wp-json\/wp\/v2\/users\/1"}],"replies":[{"embeddable":true,"href":"https:\/\/ladieslinz.at\/en\/wp-json\/wp\/v2\/comments?post=847"}],"version-history":[{"count":0,"href":"https:\/\/ladieslinz.at\/en\/wp-json\/wp\/v2\/pages\/847\/revisions"}],"wp:attachment":[{"href":"https:\/\/ladieslinz.at\/en\/wp-json\/wp\/v2\/media?parent=847"}],"curies":[{"name":"wp","href":"https:\/\/api.w.org\/{rel}","templated":true}]}}