{"id":9112,"date":"2024-12-05T18:44:32","date_gmt":"2024-12-05T17:44:32","guid":{"rendered":"https:\/\/ladieslinz.at\/?page_id=9112"},"modified":"2026-01-21T17:28:19","modified_gmt":"2026-01-21T16:28:19","slug":"hausordnung","status":"publish","type":"page","link":"https:\/\/ladieslinz.at\/en\/hausordnung\/","title":{"rendered":"House rules"},"content":{"rendered":"<div data-elementor-type=\"wp-page\" data-elementor-id=\"9112\" class=\"elementor elementor-9112\" data-elementor-post-type=\"page\">\n\t\t\t\t<div class=\"elementor-element elementor-element-88eaa4c e-flex e-con-boxed e-con e-parent\" data-id=\"88eaa4c\" data-element_type=\"container\" data-e-type=\"container\">\n\t\t\t\t\t<div class=\"e-con-inner\">\n\t\t\t\t<div class=\"elementor-element elementor-element-c0a93e6 elementor-widget elementor-widget-heading\" data-id=\"c0a93e6\" data-element_type=\"widget\" data-e-type=\"widget\" data-widget_type=\"heading.default\">\n\t\t\t\t<div class=\"elementor-widget-container\">\n\t\t\t\t\t<h2 class=\"elementor-heading-title elementor-size-default\">House rules &amp; prohibited items<\/h2>\t\t\t\t<\/div>\n\t\t\t\t<\/div>\n\t\t\t\t\t<\/div>\n\t\t\t\t<\/div>\n\t\t\t\t<section class=\"elementor-section elementor-top-section elementor-element elementor-element-6df7aad1 elementor-section-boxed elementor-section-height-default elementor-section-height-default\" data-id=\"6df7aad1\" data-element_type=\"section\" data-e-type=\"section\" data-settings=\"{&quot;background_background&quot;:&quot;classic&quot;}\">\n\t\t\t\t\t\t<div class=\"elementor-container elementor-column-gap-default\">\n\t\t\t\t\t<div class=\"elementor-column elementor-col-100 elementor-top-column elementor-element elementor-element-5532aa1b\" data-id=\"5532aa1b\" data-element_type=\"column\" data-e-type=\"column\">\n\t\t\t<div class=\"elementor-widget-wrap elementor-element-populated\">\n\t\t\t\t\t\t<div class=\"elementor-element elementor-element-c22086a elementor-widget elementor-widget-text-editor\" data-id=\"c22086a\" data-element_type=\"widget\" data-e-type=\"widget\" data-widget_type=\"text-editor.default\">\n\t\t\t\t<div class=\"elementor-widget-container\">\n\t\t\t\t\t\t\t\t\t<div class=\"section text_wrapper\"><header class=\"header\">Below you can find information about the house rules and items that you are not allowed to take with you when visiting the Upper Austria Ladies Linz 2026.<\/header><\/div><div class=\"section text_wrapper\"><header><\/header><header class=\"header\">Failure to comply with these prohibitions may result in expulsion from the event site. The organiser is entitled to take temporary custody and possession of objects of the aforementioned type. Infringements may be prosecuted under criminal law.<\/header><\/div>\t\t\t\t\t\t\t\t<\/div>\n\t\t\t\t<\/div>\n\t\t\t\t<div class=\"elementor-element elementor-element-5ed5e3f elementor-align-left elementor-widget elementor-widget-button\" data-id=\"5ed5e3f\" data-element_type=\"widget\" data-e-type=\"widget\" data-widget_type=\"button.default\">\n\t\t\t\t<div class=\"elementor-widget-container\">\n\t\t\t\t\t\t\t\t\t<div class=\"elementor-button-wrapper\">\n\t\t\t\t\t<a class=\"elementor-button elementor-button-link elementor-size-lg\" href=\"https:\/\/ladieslinz.at\/wp-content\/uploads\/2025\/11\/Hausordnung-und-Allgemeine-Kartenverkaufsbedingungen_UPPER-AUSTRIA-LADIES-LINZ-2026.pdf\">\n\t\t\t\t\t\t<span class=\"elementor-button-content-wrapper\">\n\t\t\t\t\t\t\t\t\t<span class=\"elementor-button-text\">House rules <\/span>\n\t\t\t\t\t<\/span>\n\t\t\t\t\t<\/a>\n\t\t\t\t<\/div>\n\t\t\t\t\t\t\t\t<\/div>\n\t\t\t\t<\/div>\n\t\t\t\t<div class=\"elementor-element elementor-element-996eac8 elementor-align-left elementor-widget elementor-widget-button\" data-id=\"996eac8\" data-element_type=\"widget\" data-e-type=\"widget\" data-widget_type=\"button.default\">\n\t\t\t\t<div class=\"elementor-widget-container\">\n\t\t\t\t\t\t\t\t\t<div class=\"elementor-button-wrapper\">\n\t\t\t\t\t<a class=\"elementor-button elementor-button-link elementor-size-lg\" href=\"https:\/\/ladieslinz.at\/wp-content\/uploads\/2025\/11\/Verbotene-Gegenstaende-2026.pdf\">\n\t\t\t\t\t\t<span class=\"elementor-button-content-wrapper\">\n\t\t\t\t\t\t\t\t\t<span class=\"elementor-button-text\">Prohibited items<\/span>\n\t\t\t\t\t<\/span>\n\t\t\t\t\t<\/a>\n\t\t\t\t<\/div>\n\t\t\t\t\t\t\t\t<\/div>\n\t\t\t\t<\/div>\n\t\t\t\t\t<\/div>\n\t\t<\/div>\n\t\t\t\t\t<\/div>\n\t\t<\/section>\n\t\t\t\t<\/div>","protected":false},"excerpt":{"rendered":"<p>Hausordnung &amp; verbotene Gegenst\u00e4nde Im Folgenden k\u00f6nnen Sie sich \u00fcber die Hausordnung informieren, sowie \u00fcber Gegenst\u00e4nde, die Sie bei einem Besuch des Upper Austria Ladies Linz 2026 nicht mit sich f\u00fchren d\u00fcrfen. Bei Nichtbeachtung dieser Verbote kann der Verweis vom Veranstaltungsgel\u00e4nde erfolgen. Der Veranstalter ist berechtigt, Gegenst\u00e4nde der vorgenannten Art vorl\u00e4ufig in Verwahrung und in [&hellip;]<\/p>\n","protected":false},"author":4,"featured_media":0,"parent":0,"menu_order":0,"comment_status":"closed","ping_status":"closed","template":"elementor_header_footer","meta":{"footnotes":""},"class_list":["post-9112","page","type-page","status-publish","hentry"],"yoast_head":"<!-- This site is optimized with the Yoast SEO plugin v27.5 - https:\/\/yoast.com\/product\/yoast-seo-wordpress\/ -->\n<title>Hausordnung - Upper Austria Ladies Linz<\/title>\n<meta name=\"robots\" content=\"index, follow, max-snippet:-1, max-image-preview:large, max-video-preview:-1\" \/>\n<link rel=\"canonical\" href=\"https:\/\/ladieslinz.at\/en\/hausordnung\/\" \/>\n<meta property=\"og:locale\" content=\"en_GB\" \/>\n<meta property=\"og:type\" content=\"article\" \/>\n<meta property=\"og:title\" content=\"Hausordnung - Upper Austria Ladies Linz\" \/>\n<meta property=\"og:description\" content=\"Hausordnung &amp; verbotene Gegenst\u00e4nde Im Folgenden k\u00f6nnen Sie sich \u00fcber die Hausordnung informieren, sowie \u00fcber Gegenst\u00e4nde, die Sie bei einem Besuch des Upper Austria Ladies Linz 2026 nicht mit sich f\u00fchren d\u00fcrfen. Bei Nichtbeachtung dieser Verbote kann der Verweis vom Veranstaltungsgel\u00e4nde erfolgen. Der Veranstalter ist berechtigt, Gegenst\u00e4nde der vorgenannten Art vorl\u00e4ufig in Verwahrung und in [&hellip;]\" \/>\n<meta property=\"og:url\" content=\"https:\/\/ladieslinz.at\/en\/hausordnung\/\" \/>\n<meta property=\"og:site_name\" content=\"Upper Austria Ladies Linz\" \/>\n<meta property=\"article:modified_time\" content=\"2026-01-21T16:28:19+00:00\" \/>\n<meta name=\"twitter:card\" content=\"summary_large_image\" \/>\n<meta name=\"twitter:site\" content=\"@WTALinz\" \/>\n<meta name=\"twitter:label1\" content=\"Estimated reading time\" \/>\n\t<meta name=\"twitter:data1\" content=\"1 minute\" \/>\n<script type=\"application\/ld+json\" class=\"yoast-schema-graph\">{\"@context\":\"https:\\\/\\\/schema.org\",\"@graph\":[{\"@type\":\"WebPage\",\"@id\":\"https:\\\/\\\/ladieslinz.at\\\/hausordnung\\\/\",\"url\":\"https:\\\/\\\/ladieslinz.at\\\/hausordnung\\\/\",\"name\":\"Hausordnung - Upper Austria Ladies Linz\",\"isPartOf\":{\"@id\":\"https:\\\/\\\/ladieslinz.at\\\/#website\"},\"datePublished\":\"2024-12-05T17:44:32+00:00\",\"dateModified\":\"2026-01-21T16:28:19+00:00\",\"breadcrumb\":{\"@id\":\"https:\\\/\\\/ladieslinz.at\\\/hausordnung\\\/#breadcrumb\"},\"inLanguage\":\"en-GB\",\"potentialAction\":[{\"@type\":\"ReadAction\",\"target\":[\"https:\\\/\\\/ladieslinz.at\\\/hausordnung\\\/\"]}]},{\"@type\":\"BreadcrumbList\",\"@id\":\"https:\\\/\\\/ladieslinz.at\\\/hausordnung\\\/#breadcrumb\",\"itemListElement\":[{\"@type\":\"ListItem\",\"position\":1,\"name\":\"Startseite\",\"item\":\"https:\\\/\\\/ladieslinz.at\\\/\"},{\"@type\":\"ListItem\",\"position\":2,\"name\":\"Hausordnung\"}]},{\"@type\":\"WebSite\",\"@id\":\"https:\\\/\\\/ladieslinz.at\\\/#website\",\"url\":\"https:\\\/\\\/ladieslinz.at\\\/\",\"name\":\"Upper Austria Ladies Linz\",\"description\":\"WTA500 Tennis\",\"publisher\":{\"@id\":\"https:\\\/\\\/ladieslinz.at\\\/#organization\"},\"potentialAction\":[{\"@type\":\"SearchAction\",\"target\":{\"@type\":\"EntryPoint\",\"urlTemplate\":\"https:\\\/\\\/ladieslinz.at\\\/?s={search_term_string}\"},\"query-input\":{\"@type\":\"PropertyValueSpecification\",\"valueRequired\":true,\"valueName\":\"search_term_string\"}}],\"inLanguage\":\"en-GB\"},{\"@type\":\"Organization\",\"@id\":\"https:\\\/\\\/ladieslinz.at\\\/#organization\",\"name\":\"Upper Austria Ladies Linz\",\"url\":\"https:\\\/\\\/ladieslinz.at\\\/\",\"logo\":{\"@type\":\"ImageObject\",\"inLanguage\":\"en-GB\",\"@id\":\"https:\\\/\\\/ladieslinz.at\\\/#\\\/schema\\\/logo\\\/image\\\/\",\"url\":\"https:\\\/\\\/ladieslinz.at\\\/wp-content\\\/uploads\\\/2022\\\/09\\\/LOGO-Neg.png\",\"contentUrl\":\"https:\\\/\\\/ladieslinz.at\\\/wp-content\\\/uploads\\\/2022\\\/09\\\/LOGO-Neg.png\",\"width\":586,\"height\":221,\"caption\":\"Upper Austria Ladies Linz\"},\"image\":{\"@id\":\"https:\\\/\\\/ladieslinz.at\\\/#\\\/schema\\\/logo\\\/image\\\/\"},\"sameAs\":[\"https:\\\/\\\/x.com\\\/WTALinz\",\"https:\\\/\\\/www.instagram.com\\\/wtalinz\\\/?hl=de\"]}]}<\/script>\n<!-- \/ Yoast SEO plugin. -->","yoast_head_json":{"title":"Hausordnung - Upper Austria Ladies Linz","robots":{"index":"index","follow":"follow","max-snippet":"max-snippet:-1","max-image-preview":"max-image-preview:large","max-video-preview":"max-video-preview:-1"},"canonical":"https:\/\/ladieslinz.at\/en\/hausordnung\/","og_locale":"en_GB","og_type":"article","og_title":"Hausordnung - Upper Austria Ladies Linz","og_description":"Hausordnung &amp; verbotene Gegenst\u00e4nde Im Folgenden k\u00f6nnen Sie sich \u00fcber die Hausordnung informieren, sowie \u00fcber Gegenst\u00e4nde, die Sie bei einem Besuch des Upper Austria Ladies Linz 2026 nicht mit sich f\u00fchren d\u00fcrfen. Bei Nichtbeachtung dieser Verbote kann der Verweis vom Veranstaltungsgel\u00e4nde erfolgen. Der Veranstalter ist berechtigt, Gegenst\u00e4nde der vorgenannten Art vorl\u00e4ufig in Verwahrung und in [&hellip;]","og_url":"https:\/\/ladieslinz.at\/en\/hausordnung\/","og_site_name":"Upper Austria Ladies Linz","article_modified_time":"2026-01-21T16:28:19+00:00","twitter_card":"summary_large_image","twitter_site":"@WTALinz","twitter_misc":{"Estimated reading time":"1 minute"},"schema":{"@context":"https:\/\/schema.org","@graph":[{"@type":"WebPage","@id":"https:\/\/ladieslinz.at\/hausordnung\/","url":"https:\/\/ladieslinz.at\/hausordnung\/","name":"Hausordnung - Upper Austria Ladies Linz","isPartOf":{"@id":"https:\/\/ladieslinz.at\/#website"},"datePublished":"2024-12-05T17:44:32+00:00","dateModified":"2026-01-21T16:28:19+00:00","breadcrumb":{"@id":"https:\/\/ladieslinz.at\/hausordnung\/#breadcrumb"},"inLanguage":"en-GB","potentialAction":[{"@type":"ReadAction","target":["https:\/\/ladieslinz.at\/hausordnung\/"]}]},{"@type":"BreadcrumbList","@id":"https:\/\/ladieslinz.at\/hausordnung\/#breadcrumb","itemListElement":[{"@type":"ListItem","position":1,"name":"Startseite","item":"https:\/\/ladieslinz.at\/"},{"@type":"ListItem","position":2,"name":"Hausordnung"}]},{"@type":"WebSite","@id":"https:\/\/ladieslinz.at\/#website","url":"https:\/\/ladieslinz.at\/","name":"Upper Austria Ladies Linz","description":"WTA500 Tennis","publisher":{"@id":"https:\/\/ladieslinz.at\/#organization"},"potentialAction":[{"@type":"SearchAction","target":{"@type":"EntryPoint","urlTemplate":"https:\/\/ladieslinz.at\/?s={search_term_string}"},"query-input":{"@type":"PropertyValueSpecification","valueRequired":true,"valueName":"search_term_string"}}],"inLanguage":"en-GB"},{"@type":"Organization","@id":"https:\/\/ladieslinz.at\/#organization","name":"Upper Austria Ladies Linz","url":"https:\/\/ladieslinz.at\/","logo":{"@type":"ImageObject","inLanguage":"en-GB","@id":"https:\/\/ladieslinz.at\/#\/schema\/logo\/image\/","url":"https:\/\/ladieslinz.at\/wp-content\/uploads\/2022\/09\/LOGO-Neg.png","contentUrl":"https:\/\/ladieslinz.at\/wp-content\/uploads\/2022\/09\/LOGO-Neg.png","width":586,"height":221,"caption":"Upper Austria Ladies Linz"},"image":{"@id":"https:\/\/ladieslinz.at\/#\/schema\/logo\/image\/"},"sameAs":["https:\/\/x.com\/WTALinz","https:\/\/www.instagram.com\/wtalinz\/?hl=de"]}]}},"_links":{"self":[{"href":"https:\/\/ladieslinz.at\/en\/wp-json\/wp\/v2\/pages\/9112","targetHints":{"allow":["GET"]}}],"collection":[{"href":"https:\/\/ladieslinz.at\/en\/wp-json\/wp\/v2\/pages"}],"about":[{"href":"https:\/\/ladieslinz.at\/en\/wp-json\/wp\/v2\/types\/page"}],"author":[{"embeddable":true,"href":"https:\/\/ladieslinz.at\/en\/wp-json\/wp\/v2\/users\/4"}],"replies":[{"embeddable":true,"href":"https:\/\/ladieslinz.at\/en\/wp-json\/wp\/v2\/comments?post=9112"}],"version-history":[{"count":0,"href":"https:\/\/ladieslinz.at\/en\/wp-json\/wp\/v2\/pages\/9112\/revisions"}],"wp:attachment":[{"href":"https:\/\/ladieslinz.at\/en\/wp-json\/wp\/v2\/media?parent=9112"}],"curies":[{"name":"wp","href":"https:\/\/api.w.org\/{rel}","templated":true}]}}