{"id":994,"date":"2022-11-16T16:16:30","date_gmt":"2022-11-16T15:16:30","guid":{"rendered":"https:\/\/ladieslinz.at\/?page_id=994"},"modified":"2025-12-10T13:50:05","modified_gmt":"2025-12-10T12:50:05","slug":"kooperationsmoeglichkeiten","status":"publish","type":"page","link":"https:\/\/ladieslinz.at\/en\/kooperationsmoeglichkeiten\/","title":{"rendered":"Cooperation opportunities"},"content":{"rendered":"<div data-elementor-type=\"wp-page\" data-elementor-id=\"994\" class=\"elementor elementor-994\" data-elementor-post-type=\"page\">\n\t\t\t\t<div class=\"elementor-element elementor-element-dfb554f e-con-full e-flex e-con e-parent\" data-id=\"dfb554f\" data-element_type=\"container\" data-e-type=\"container\" data-settings=\"{&quot;background_background&quot;:&quot;classic&quot;}\">\n\t\t\t\t<\/div>\n\t\t<div class=\"elementor-element elementor-element-a27da6d e-con-full e-flex e-con e-parent\" data-id=\"a27da6d\" data-element_type=\"container\" data-e-type=\"container\">\n\t\t\t\t<div class=\"elementor-element elementor-element-5812191 elementor-widget elementor-widget-heading\" data-id=\"5812191\" data-element_type=\"widget\" data-e-type=\"widget\" data-widget_type=\"heading.default\">\n\t\t\t\t<div class=\"elementor-widget-container\">\n\t\t\t\t\t<h2 class=\"elementor-heading-title elementor-size-default\">Cooperation opportunities<\/h2>\t\t\t\t<\/div>\n\t\t\t\t<\/div>\n\t\t\t\t<\/div>\n\t\t<div class=\"elementor-element elementor-element-d3effd9 e-flex e-con-boxed e-con e-parent\" data-id=\"d3effd9\" data-element_type=\"container\" data-e-type=\"container\">\n\t\t\t\t\t<div class=\"e-con-inner\">\n\t\t\t\t<div class=\"elementor-element elementor-element-cea3a7d elementor-widget-divider--view-line elementor-widget elementor-widget-divider\" data-id=\"cea3a7d\" data-element_type=\"widget\" data-e-type=\"widget\" data-widget_type=\"divider.default\">\n\t\t\t\t<div class=\"elementor-widget-container\">\n\t\t\t\t\t\t\t<div class=\"elementor-divider\">\n\t\t\t<span class=\"elementor-divider-separator\">\n\t\t\t\t\t\t<\/span>\n\t\t<\/div>\n\t\t\t\t\t\t<\/div>\n\t\t\t\t<\/div>\n\t\t\t\t<div class=\"elementor-element elementor-element-4a872aa elementor-widget elementor-widget-heading\" data-id=\"4a872aa\" data-element_type=\"widget\" data-e-type=\"widget\" data-widget_type=\"heading.default\">\n\t\t\t\t<div class=\"elementor-widget-container\">\n\t\t\t\t\t<h2 class=\"elementor-heading-title elementor-size-default\">Options for your commitment<\/h2>\t\t\t\t<\/div>\n\t\t\t\t<\/div>\n\t\t\t\t<div class=\"elementor-element elementor-element-997f1f9 elementor-hidden-desktop elementor-hidden-tablet_extra elementor-hidden-tablet elementor-hidden-mobile elementor-widget elementor-widget-heading\" data-id=\"997f1f9\" data-element_type=\"widget\" data-e-type=\"widget\" data-widget_type=\"heading.default\">\n\t\t\t\t<div class=\"elementor-widget-container\">\n\t\t\t\t\t<h2 class=\"elementor-heading-title elementor-size-default\">Find out about possible collaborations and options for your involvement<\/h2>\t\t\t\t<\/div>\n\t\t\t\t<\/div>\n\t\t\t\t<div class=\"elementor-element elementor-element-7b1bf4b elementor-widget elementor-widget-text-editor\" data-id=\"7b1bf4b\" data-element_type=\"widget\" data-e-type=\"widget\" data-widget_type=\"text-editor.default\">\n\t\t\t\t<div class=\"elementor-widget-container\">\n\t\t\t\t\t\t\t\t\tWe offer you and your company the perfect platform. We will be happy to put together your individual partner or sponsor package!\t\t\t\t\t\t\t\t<\/div>\n\t\t\t\t<\/div>\n\t\t<div class=\"elementor-element elementor-element-6f04768 e-con-full e-flex e-con e-child\" data-id=\"6f04768\" data-element_type=\"container\" data-e-type=\"container\">\n\t\t<div class=\"elementor-element elementor-element-7d25028 e-con-full e-flex e-con e-child\" data-id=\"7d25028\" data-element_type=\"container\" data-e-type=\"container\">\n\t\t\t\t<div class=\"elementor-element elementor-element-9604175 elementor-widget elementor-widget-heading\" data-id=\"9604175\" data-element_type=\"widget\" data-e-type=\"widget\" data-widget_type=\"heading.default\">\n\t\t\t\t<div class=\"elementor-widget-container\">\n\t\t\t\t\t<h2 class=\"elementor-heading-title elementor-size-default\">Some possibilities:<\/h2>\t\t\t\t<\/div>\n\t\t\t\t<\/div>\n\t\t\t\t<div class=\"elementor-element elementor-element-61750d6 elementor-widget elementor-widget-text-editor\" data-id=\"61750d6\" data-element_type=\"widget\" data-e-type=\"widget\" data-widget_type=\"text-editor.default\">\n\t\t\t\t<div class=\"elementor-widget-container\">\n\t\t\t\t\t\t\t\t\t<ul><li>Perimeter advertising at the centre court<\/li><li>VIP and ticket packages<\/li><li>Lodge-packages<\/li><li>Individual incentive programmes within the framework of Upper Austria Ladies Linz<\/li><li>Customer event with WTA players<\/li><li>Stand space for promotion or sales purposes<\/li><li>Insertion in the Daily News<\/li><li>Insertion in the official programme booklet<\/li><li>and much more<\/li><\/ul>\t\t\t\t\t\t\t\t<\/div>\n\t\t\t\t<\/div>\n\t\t\t\t<\/div>\n\t\t<div class=\"elementor-element elementor-element-1beaee8 e-con-full e-flex e-con e-child\" data-id=\"1beaee8\" data-element_type=\"container\" data-e-type=\"container\">\n\t\t<div class=\"elementor-element elementor-element-4d1a507 e-con-full e-flex elementor-invisible e-con e-child\" data-id=\"4d1a507\" data-element_type=\"container\" data-e-type=\"container\" data-settings=\"{&quot;background_background&quot;:&quot;classic&quot;,&quot;animation&quot;:&quot;fadeInUp&quot;,&quot;animation_delay&quot;:200}\">\n\t\t\t\t<div class=\"elementor-element elementor-element-9c7354f elementor-widget elementor-widget-heading\" data-id=\"9c7354f\" data-element_type=\"widget\" data-e-type=\"widget\" data-widget_type=\"heading.default\">\n\t\t\t\t<div class=\"elementor-widget-container\">\n\t\t\t\t\t<h2 class=\"elementor-heading-title elementor-size-default\">Contact<\/h2>\t\t\t\t<\/div>\n\t\t\t\t<\/div>\n\t\t\t\t<div class=\"elementor-element elementor-element-e7068ef elementor-hidden-desktop elementor-hidden-tablet_extra elementor-hidden-tablet elementor-hidden-mobile elementor-widget elementor-widget-heading\" data-id=\"e7068ef\" data-element_type=\"widget\" data-e-type=\"widget\" data-widget_type=\"heading.default\">\n\t\t\t\t<div class=\"elementor-widget-container\">\n\t\t\t\t\t<h2 class=\"elementor-heading-title elementor-size-default\">We look forward to hearing from you!\u00a0<\/h2>\t\t\t\t<\/div>\n\t\t\t\t<\/div>\n\t\t\t\t<div class=\"elementor-element elementor-element-9a9d398 elementor-widget elementor-widget-text-editor\" data-id=\"9a9d398\" data-element_type=\"widget\" data-e-type=\"widget\" data-widget_type=\"text-editor.default\">\n\t\t\t\t<div class=\"elementor-widget-container\">\n\t\t\t\t\t\t\t\t\t<p><strong>We look forward to hearing from you!\u00a0<\/strong><\/p><p>Contact us to discuss tailor-made opportunities for your company at Upper Austria Ladies Linz.\u00a0<\/p>\t\t\t\t\t\t\t\t<\/div>\n\t\t\t\t<\/div>\n\t\t\t\t<div class=\"elementor-element elementor-element-fb712b1 elementor-widget elementor-widget-text-editor\" data-id=\"fb712b1\" data-element_type=\"widget\" data-e-type=\"widget\" data-widget_type=\"text-editor.default\">\n\t\t\t\t<div class=\"elementor-widget-container\">\n\t\t\t\t\t\t\t\t\t<div><p><strong>Ullrich Jelinek\u00a0<\/strong><b><br \/><\/b>Project management<\/p><\/div><div><p>e-mail:\u00a0<strong><a href=\"mailto:uj@matchmaker.at\">uj@matchmaker.at<\/a><\/strong><br \/>Tel:\u00a0<strong><a href=\"tel:+4372426374733\">+43 7242\/63747-33<\/a><\/strong><\/p><\/div>\t\t\t\t\t\t\t\t<\/div>\n\t\t\t\t<\/div>\n\t\t\t\t<\/div>\n\t\t\t\t<\/div>\n\t\t\t\t<\/div>\n\t\t\t\t\t<\/div>\n\t\t\t\t<\/div>\n\t\t<div class=\"elementor-element elementor-element-26186cb e-flex e-con-boxed e-con e-parent\" data-id=\"26186cb\" data-element_type=\"container\" data-e-type=\"container\" data-settings=\"{&quot;background_background&quot;:&quot;classic&quot;}\">\n\t\t\t\t\t<div class=\"e-con-inner\">\n\t\t<div class=\"elementor-element elementor-element-a0fee32 e-con-full e-flex e-con e-child\" data-id=\"a0fee32\" data-element_type=\"container\" data-e-type=\"container\">\n\t\t<div class=\"elementor-element elementor-element-d591f8a e-con-full elementor-hidden-mobile e-flex e-con e-child\" data-id=\"d591f8a\" data-element_type=\"container\" data-e-type=\"container\">\n\t\t<div class=\"elementor-element elementor-element-8d8b7bf e-con-full e-flex elementor-invisible e-con e-child\" data-id=\"8d8b7bf\" data-element_type=\"container\" data-e-type=\"container\" data-settings=\"{&quot;background_background&quot;:&quot;classic&quot;,&quot;animation&quot;:&quot;fadeInUp&quot;,&quot;animation_delay&quot;:200}\">\n\t\t\t\t<\/div>\n\t\t<div class=\"elementor-element elementor-element-34ecf0d e-con-full e-flex elementor-invisible e-con e-child\" data-id=\"34ecf0d\" data-element_type=\"container\" data-e-type=\"container\" data-settings=\"{&quot;animation&quot;:&quot;fadeInUp&quot;,&quot;animation_delay&quot;:400,&quot;background_background&quot;:&quot;classic&quot;}\">\n\t\t\t\t<\/div>\n\t\t<div class=\"elementor-element elementor-element-e8e5ada e-con-full e-flex elementor-invisible e-con e-child\" data-id=\"e8e5ada\" data-element_type=\"container\" data-e-type=\"container\" data-settings=\"{&quot;animation&quot;:&quot;fadeInUp&quot;,&quot;animation_delay&quot;:600}\">\n\t\t\t\t<div class=\"elementor-element elementor-element-a52aa08 elementor-widget elementor-widget-image\" data-id=\"a52aa08\" data-element_type=\"widget\" data-e-type=\"widget\" data-widget_type=\"image.default\">\n\t\t\t\t<div class=\"elementor-widget-container\">\n\t\t\t\t\t\t\t\t\t\t\t\t\t\t\t<img decoding=\"async\" src=\"https:\/\/ladieslinz.at\/wp-content\/uploads\/elementor\/thumbs\/AY5I7217-r0tgtik2eg0j3hf59cutb27asw1srwixf7kaq06mm8.jpg\" title=\"AY5I7217\" alt=\"AY5I7217\" loading=\"lazy\" \/>\t\t\t\t\t\t\t\t\t\t\t\t\t\t\t<\/div>\n\t\t\t\t<\/div>\n\t\t\t\t<\/div>\n\t\t\t\t<\/div>\n\t\t\t\t<\/div>\n\t\t\t\t\t<\/div>\n\t\t\t\t<\/div>\n\t\t\t\t<\/div>","protected":false},"excerpt":{"rendered":"<p>Kooperationsm\u00f6glichkeiten Optionen f\u00fcr Ihr Engagement Informieren Sie sich \u00fcber m\u00f6gliche Kooperationen und Optionen f\u00fcr Ihr Engagement\u200b Wir bieten Ihnen und Ihrem Unternehmen die perfekte Plattform. Gerne schn\u00fcren wir f\u00fcr Sie Ihr individuelles Partner- bzw. Sponsorenpaket! Einige M\u00f6glichkeiten: Bandenwerbung am Center Court VIP- und Kartenpakete Logenpakete Individuelle Incentive-Programme im Rahmen des Upper Austria Ladies Linz Kunden-Event [&hellip;]<\/p>\n","protected":false},"author":1,"featured_media":0,"parent":0,"menu_order":0,"comment_status":"closed","ping_status":"closed","template":"elementor_header_footer","meta":{"footnotes":""},"class_list":["post-994","page","type-page","status-publish","hentry"],"yoast_head":"<!-- This site is optimized with the Yoast SEO plugin v27.4 - https:\/\/yoast.com\/product\/yoast-seo-wordpress\/ -->\n<title>Kooperationsm\u00f6glichkeiten - Upper Austria Ladies Linz<\/title>\n<meta name=\"robots\" content=\"index, follow, max-snippet:-1, max-image-preview:large, max-video-preview:-1\" \/>\n<link rel=\"canonical\" href=\"https:\/\/ladieslinz.at\/en\/kooperationsmoeglichkeiten\/\" \/>\n<meta property=\"og:locale\" content=\"en_GB\" \/>\n<meta property=\"og:type\" content=\"article\" \/>\n<meta property=\"og:title\" content=\"Kooperationsm\u00f6glichkeiten - Upper Austria Ladies Linz\" \/>\n<meta property=\"og:description\" content=\"Kooperationsm\u00f6glichkeiten Optionen f\u00fcr Ihr Engagement Informieren Sie sich \u00fcber m\u00f6gliche Kooperationen und Optionen f\u00fcr Ihr Engagement\u200b Wir bieten Ihnen und Ihrem Unternehmen die perfekte Plattform. Gerne schn\u00fcren wir f\u00fcr Sie Ihr individuelles Partner- bzw. Sponsorenpaket! Einige M\u00f6glichkeiten: Bandenwerbung am Center Court VIP- und Kartenpakete Logenpakete Individuelle Incentive-Programme im Rahmen des Upper Austria Ladies Linz Kunden-Event [&hellip;]\" \/>\n<meta property=\"og:url\" content=\"https:\/\/ladieslinz.at\/en\/kooperationsmoeglichkeiten\/\" \/>\n<meta property=\"og:site_name\" content=\"Upper Austria Ladies Linz\" \/>\n<meta property=\"article:modified_time\" content=\"2025-12-10T12:50:05+00:00\" \/>\n<meta property=\"og:image\" content=\"https:\/\/ladieslinz.at\/wp-content\/uploads\/elementor\/thumbs\/AY5I7217-r0tgtik2eg0j3hf59cutb27asw1srwixf7kaq06mm8.jpg\" \/>\n<meta name=\"twitter:card\" content=\"summary_large_image\" \/>\n<meta name=\"twitter:site\" content=\"@WTALinz\" \/>\n<meta name=\"twitter:label1\" content=\"Estimated reading time\" \/>\n\t<meta name=\"twitter:data1\" content=\"1 minute\" \/>\n<script type=\"application\/ld+json\" class=\"yoast-schema-graph\">{\"@context\":\"https:\\\/\\\/schema.org\",\"@graph\":[{\"@type\":\"WebPage\",\"@id\":\"https:\\\/\\\/ladieslinz.at\\\/kooperationsmoeglichkeiten\\\/\",\"url\":\"https:\\\/\\\/ladieslinz.at\\\/kooperationsmoeglichkeiten\\\/\",\"name\":\"Kooperationsm\u00f6glichkeiten - Upper Austria Ladies Linz\",\"isPartOf\":{\"@id\":\"https:\\\/\\\/ladieslinz.at\\\/#website\"},\"primaryImageOfPage\":{\"@id\":\"https:\\\/\\\/ladieslinz.at\\\/kooperationsmoeglichkeiten\\\/#primaryimage\"},\"image\":{\"@id\":\"https:\\\/\\\/ladieslinz.at\\\/kooperationsmoeglichkeiten\\\/#primaryimage\"},\"thumbnailUrl\":\"https:\\\/\\\/ladieslinz.at\\\/wp-content\\\/uploads\\\/elementor\\\/thumbs\\\/AY5I7217-r0tgtik2eg0j3hf59cutb27asw1srwixf7kaq06mm8.jpg\",\"datePublished\":\"2022-11-16T15:16:30+00:00\",\"dateModified\":\"2025-12-10T12:50:05+00:00\",\"breadcrumb\":{\"@id\":\"https:\\\/\\\/ladieslinz.at\\\/kooperationsmoeglichkeiten\\\/#breadcrumb\"},\"inLanguage\":\"en-GB\",\"potentialAction\":[{\"@type\":\"ReadAction\",\"target\":[\"https:\\\/\\\/ladieslinz.at\\\/kooperationsmoeglichkeiten\\\/\"]}]},{\"@type\":\"ImageObject\",\"inLanguage\":\"en-GB\",\"@id\":\"https:\\\/\\\/ladieslinz.at\\\/kooperationsmoeglichkeiten\\\/#primaryimage\",\"url\":\"https:\\\/\\\/ladieslinz.at\\\/wp-content\\\/uploads\\\/elementor\\\/thumbs\\\/AY5I7217-r0tgtik2eg0j3hf59cutb27asw1srwixf7kaq06mm8.jpg\",\"contentUrl\":\"https:\\\/\\\/ladieslinz.at\\\/wp-content\\\/uploads\\\/elementor\\\/thumbs\\\/AY5I7217-r0tgtik2eg0j3hf59cutb27asw1srwixf7kaq06mm8.jpg\"},{\"@type\":\"BreadcrumbList\",\"@id\":\"https:\\\/\\\/ladieslinz.at\\\/kooperationsmoeglichkeiten\\\/#breadcrumb\",\"itemListElement\":[{\"@type\":\"ListItem\",\"position\":1,\"name\":\"Startseite\",\"item\":\"https:\\\/\\\/ladieslinz.at\\\/\"},{\"@type\":\"ListItem\",\"position\":2,\"name\":\"Kooperationsm\u00f6glichkeiten\"}]},{\"@type\":\"WebSite\",\"@id\":\"https:\\\/\\\/ladieslinz.at\\\/#website\",\"url\":\"https:\\\/\\\/ladieslinz.at\\\/\",\"name\":\"Upper Austria Ladies Linz\",\"description\":\"WTA500 Tennis\",\"publisher\":{\"@id\":\"https:\\\/\\\/ladieslinz.at\\\/#organization\"},\"potentialAction\":[{\"@type\":\"SearchAction\",\"target\":{\"@type\":\"EntryPoint\",\"urlTemplate\":\"https:\\\/\\\/ladieslinz.at\\\/?s={search_term_string}\"},\"query-input\":{\"@type\":\"PropertyValueSpecification\",\"valueRequired\":true,\"valueName\":\"search_term_string\"}}],\"inLanguage\":\"en-GB\"},{\"@type\":\"Organization\",\"@id\":\"https:\\\/\\\/ladieslinz.at\\\/#organization\",\"name\":\"Upper Austria Ladies Linz\",\"url\":\"https:\\\/\\\/ladieslinz.at\\\/\",\"logo\":{\"@type\":\"ImageObject\",\"inLanguage\":\"en-GB\",\"@id\":\"https:\\\/\\\/ladieslinz.at\\\/#\\\/schema\\\/logo\\\/image\\\/\",\"url\":\"https:\\\/\\\/ladieslinz.at\\\/wp-content\\\/uploads\\\/2022\\\/09\\\/LOGO-Neg.png\",\"contentUrl\":\"https:\\\/\\\/ladieslinz.at\\\/wp-content\\\/uploads\\\/2022\\\/09\\\/LOGO-Neg.png\",\"width\":586,\"height\":221,\"caption\":\"Upper Austria Ladies Linz\"},\"image\":{\"@id\":\"https:\\\/\\\/ladieslinz.at\\\/#\\\/schema\\\/logo\\\/image\\\/\"},\"sameAs\":[\"https:\\\/\\\/x.com\\\/WTALinz\",\"https:\\\/\\\/www.instagram.com\\\/wtalinz\\\/?hl=de\"]}]}<\/script>\n<!-- \/ Yoast SEO plugin. -->","yoast_head_json":{"title":"Kooperationsm\u00f6glichkeiten - Upper Austria Ladies Linz","robots":{"index":"index","follow":"follow","max-snippet":"max-snippet:-1","max-image-preview":"max-image-preview:large","max-video-preview":"max-video-preview:-1"},"canonical":"https:\/\/ladieslinz.at\/en\/kooperationsmoeglichkeiten\/","og_locale":"en_GB","og_type":"article","og_title":"Kooperationsm\u00f6glichkeiten - Upper Austria Ladies Linz","og_description":"Kooperationsm\u00f6glichkeiten Optionen f\u00fcr Ihr Engagement Informieren Sie sich \u00fcber m\u00f6gliche Kooperationen und Optionen f\u00fcr Ihr Engagement\u200b Wir bieten Ihnen und Ihrem Unternehmen die perfekte Plattform. Gerne schn\u00fcren wir f\u00fcr Sie Ihr individuelles Partner- bzw. Sponsorenpaket! Einige M\u00f6glichkeiten: Bandenwerbung am Center Court VIP- und Kartenpakete Logenpakete Individuelle Incentive-Programme im Rahmen des Upper Austria Ladies Linz Kunden-Event [&hellip;]","og_url":"https:\/\/ladieslinz.at\/en\/kooperationsmoeglichkeiten\/","og_site_name":"Upper Austria Ladies Linz","article_modified_time":"2025-12-10T12:50:05+00:00","og_image":[{"url":"https:\/\/ladieslinz.at\/wp-content\/uploads\/elementor\/thumbs\/AY5I7217-r0tgtik2eg0j3hf59cutb27asw1srwixf7kaq06mm8.jpg","type":"","width":"","height":""}],"twitter_card":"summary_large_image","twitter_site":"@WTALinz","twitter_misc":{"Estimated reading time":"1 minute"},"schema":{"@context":"https:\/\/schema.org","@graph":[{"@type":"WebPage","@id":"https:\/\/ladieslinz.at\/kooperationsmoeglichkeiten\/","url":"https:\/\/ladieslinz.at\/kooperationsmoeglichkeiten\/","name":"Kooperationsm\u00f6glichkeiten - Upper Austria Ladies Linz","isPartOf":{"@id":"https:\/\/ladieslinz.at\/#website"},"primaryImageOfPage":{"@id":"https:\/\/ladieslinz.at\/kooperationsmoeglichkeiten\/#primaryimage"},"image":{"@id":"https:\/\/ladieslinz.at\/kooperationsmoeglichkeiten\/#primaryimage"},"thumbnailUrl":"https:\/\/ladieslinz.at\/wp-content\/uploads\/elementor\/thumbs\/AY5I7217-r0tgtik2eg0j3hf59cutb27asw1srwixf7kaq06mm8.jpg","datePublished":"2022-11-16T15:16:30+00:00","dateModified":"2025-12-10T12:50:05+00:00","breadcrumb":{"@id":"https:\/\/ladieslinz.at\/kooperationsmoeglichkeiten\/#breadcrumb"},"inLanguage":"en-GB","potentialAction":[{"@type":"ReadAction","target":["https:\/\/ladieslinz.at\/kooperationsmoeglichkeiten\/"]}]},{"@type":"ImageObject","inLanguage":"en-GB","@id":"https:\/\/ladieslinz.at\/kooperationsmoeglichkeiten\/#primaryimage","url":"https:\/\/ladieslinz.at\/wp-content\/uploads\/elementor\/thumbs\/AY5I7217-r0tgtik2eg0j3hf59cutb27asw1srwixf7kaq06mm8.jpg","contentUrl":"https:\/\/ladieslinz.at\/wp-content\/uploads\/elementor\/thumbs\/AY5I7217-r0tgtik2eg0j3hf59cutb27asw1srwixf7kaq06mm8.jpg"},{"@type":"BreadcrumbList","@id":"https:\/\/ladieslinz.at\/kooperationsmoeglichkeiten\/#breadcrumb","itemListElement":[{"@type":"ListItem","position":1,"name":"Startseite","item":"https:\/\/ladieslinz.at\/"},{"@type":"ListItem","position":2,"name":"Kooperationsm\u00f6glichkeiten"}]},{"@type":"WebSite","@id":"https:\/\/ladieslinz.at\/#website","url":"https:\/\/ladieslinz.at\/","name":"Upper Austria Ladies Linz","description":"WTA500 Tennis","publisher":{"@id":"https:\/\/ladieslinz.at\/#organization"},"potentialAction":[{"@type":"SearchAction","target":{"@type":"EntryPoint","urlTemplate":"https:\/\/ladieslinz.at\/?s={search_term_string}"},"query-input":{"@type":"PropertyValueSpecification","valueRequired":true,"valueName":"search_term_string"}}],"inLanguage":"en-GB"},{"@type":"Organization","@id":"https:\/\/ladieslinz.at\/#organization","name":"Upper Austria Ladies Linz","url":"https:\/\/ladieslinz.at\/","logo":{"@type":"ImageObject","inLanguage":"en-GB","@id":"https:\/\/ladieslinz.at\/#\/schema\/logo\/image\/","url":"https:\/\/ladieslinz.at\/wp-content\/uploads\/2022\/09\/LOGO-Neg.png","contentUrl":"https:\/\/ladieslinz.at\/wp-content\/uploads\/2022\/09\/LOGO-Neg.png","width":586,"height":221,"caption":"Upper Austria Ladies Linz"},"image":{"@id":"https:\/\/ladieslinz.at\/#\/schema\/logo\/image\/"},"sameAs":["https:\/\/x.com\/WTALinz","https:\/\/www.instagram.com\/wtalinz\/?hl=de"]}]}},"_links":{"self":[{"href":"https:\/\/ladieslinz.at\/en\/wp-json\/wp\/v2\/pages\/994","targetHints":{"allow":["GET"]}}],"collection":[{"href":"https:\/\/ladieslinz.at\/en\/wp-json\/wp\/v2\/pages"}],"about":[{"href":"https:\/\/ladieslinz.at\/en\/wp-json\/wp\/v2\/types\/page"}],"author":[{"embeddable":true,"href":"https:\/\/ladieslinz.at\/en\/wp-json\/wp\/v2\/users\/1"}],"replies":[{"embeddable":true,"href":"https:\/\/ladieslinz.at\/en\/wp-json\/wp\/v2\/comments?post=994"}],"version-history":[{"count":0,"href":"https:\/\/ladieslinz.at\/en\/wp-json\/wp\/v2\/pages\/994\/revisions"}],"wp:attachment":[{"href":"https:\/\/ladieslinz.at\/en\/wp-json\/wp\/v2\/media?parent=994"}],"curies":[{"name":"wp","href":"https:\/\/api.w.org\/{rel}","templated":true}]}}